{"id":700979,"date":"2025-08-27T15:03:54","date_gmt":"2025-08-27T12:03:54","guid":{"rendered":"https:\/\/roveyayinevi.com.tr\/index.php\/urun\/yalniz-kadinlar-arasinda\/"},"modified":"2026-04-16T02:10:08","modified_gmt":"2026-04-15T23:10:08","slug":"yalniz-kadinlar-arasinda","status":"publish","type":"product","link":"https:\/\/roveyayinevi.com.tr\/index.php\/urun\/yalniz-kadinlar-arasinda\/","title":{"rendered":"Yaln\u0131z Kad\u0131nlar Aras\u0131nda"},"content":{"rendered":"<p>\u0130talyan edebiyat\u0131nda yeni ger\u00e7ek\u00e7ilik ak\u0131m\u0131n\u0131n kurucusu olarak kabul edilen Cesare Pavese bir kere daha s\u0131radan hayat\u0131n \u00f6tesine ge\u00e7erek insan\u0131 saran b\u00fcy\u00fck yaln\u0131zl\u0131\u011f\u0131n ve h\u00fczn\u00fcn roman\u0131n\u0131 yaz\u0131yor. \u00c7ocukluk y\u0131llar\u0131n\u0131 ge\u00e7irdi\u011fi Torino&#8217;ya bu kez bir i\u015f kad\u0131n\u0131 olarak d\u00f6nen Clelia&#8217;n\u0131n, resim sergilerinde, bohem \u00e7evrelerde kar\u015f\u0131la\u015f\u0131p dostluk kuraca\u011f\u0131 kad\u0131nlar, bir mutluluk hayalinin pe\u015findedir. Mutlulu\u011fun anahtar\u0131 kimisi i\u00e7in erkek, kimisi i\u00e7in e\u015fcinsellik, kimisi i\u00e7in para, kimisi i\u00e7inse \u00f6l\u00fcmd\u00fcr. Clelia&#8217;n\u0131n, bir otel odas\u0131nda intihara giri\u015fti\u011fine tan\u0131k oldu\u011fu Rosetta&#8217;yla kuraca\u011f\u0131 dostluk, gen\u00e7 kad\u0131n\u0131 ya\u015fama ba\u011flayabilecek midir? \ufffcTan\u0131t\u0131m Metni<\/p>\n","protected":false},"excerpt":{"rendered":"<p>\u0130talyan edebiyat\u0131nda yeni ger\u00e7ek\u00e7ilik ak\u0131m\u0131n\u0131n kurucusu olarak kabul edilen Cesare Pavese bir kere daha s\u0131radan hayat\u0131n \u00f6tesine ge\u00e7erek insan\u0131 saran b\u00fcy\u00fck yaln\u0131zl\u0131\u011f\u0131n ve h\u00fczn\u00fcn roman\u0131n\u0131 yaz\u0131yor.<span class=\"excerpt-hellip\"> [\u2026]<\/span><\/p>\n","protected":false},"featured_media":0,"template":"","meta":{"_monsterinsights_skip_tracking":false,"_monsterinsights_sitenote_active":false,"_monsterinsights_sitenote_note":"","_monsterinsights_sitenote_category":0},"product_brand":[],"product_cat":[12291,14218],"product_tag":[],"class_list":{"0":"post-700979","1":"product","2":"type-product","3":"status-publish","5":"product_cat-edebiyat","6":"product_cat-italyan-edebiyati","7":"pa_cilt-ciltsiz","8":"pa_tur-kitap","9":"pa_yayinevi-can-yayinlari","10":"pa_yazar-cesare-pavese","12":"first","13":"instock","14":"sale","15":"shipping-taxable","16":"purchasable","17":"product-type-simple"},"_links":{"self":[{"href":"https:\/\/roveyayinevi.com.tr\/index.php\/wp-json\/wp\/v2\/product\/700979","targetHints":{"allow":["GET"]}}],"collection":[{"href":"https:\/\/roveyayinevi.com.tr\/index.php\/wp-json\/wp\/v2\/product"}],"about":[{"href":"https:\/\/roveyayinevi.com.tr\/index.php\/wp-json\/wp\/v2\/types\/product"}],"wp:attachment":[{"href":"https:\/\/roveyayinevi.com.tr\/index.php\/wp-json\/wp\/v2\/media?parent=700979"}],"wp:term":[{"taxonomy":"product_brand","embeddable":true,"href":"https:\/\/roveyayinevi.com.tr\/index.php\/wp-json\/wp\/v2\/product_brand?post=700979"},{"taxonomy":"product_cat","embeddable":true,"href":"https:\/\/roveyayinevi.com.tr\/index.php\/wp-json\/wp\/v2\/product_cat?post=700979"},{"taxonomy":"product_tag","embeddable":true,"href":"https:\/\/roveyayinevi.com.tr\/index.php\/wp-json\/wp\/v2\/product_tag?post=700979"}],"curies":[{"name":"wp","href":"https:\/\/api.w.org\/{rel}","templated":true}]}}