{"id":700977,"date":"2025-08-27T15:03:53","date_gmt":"2025-08-27T12:03:53","guid":{"rendered":"https:\/\/roveyayinevi.com.tr\/index.php\/urun\/alni-mavide\/"},"modified":"2026-04-16T02:10:08","modified_gmt":"2026-04-15T23:10:08","slug":"alni-mavide","status":"publish","type":"product","link":"https:\/\/roveyayinevi.com.tr\/index.php\/urun\/alni-mavide\/","title":{"rendered":"Aln\u0131 Mavide"},"content":{"rendered":"<p>G\u00f6\u011fs\u00fcnde bir diken b\u00fcy\u00fcyordu. K\u00f6kleri akci\u011ferinin dallar\u0131 aras\u0131nda kar\u0131\u015fm\u0131\u015f, kalbinin hemen yan\u0131ndan boy veren kaba sap\u0131 k\u0131z\u0131la d\u00f6nm\u00fc\u015f diken. Tu\u011f \u00e7\u0131karm\u0131\u015f. Muzaffer mor u\u00e7lar\u0131 var topuzunun. \u0130\u00e7indeki kafay\u0131 koruyan sert z\u0131rh, \u00f6l\u00fcmc\u00fcl oklarla donanm\u0131\u015f. Metal ruhlu diken b\u00fcy\u00fcyordu g\u00f6\u011fs\u00fcnde. Onu b\u0131rakt\u0131klar\u0131 a\u011fac\u0131n dibinden do\u011fruldu. S\u0131rt\u0131n\u0131 dayad\u0131 akasyaya. Dibinden avu\u00e7lad\u0131 topra\u011f\u0131. A\u011f\u0131r a\u011f\u0131r \u00e7i\u011fnedi. Yuttuk\u00e7a rahatlad\u0131. \u0130\u00e7indeki a\u00e7l\u0131\u011f\u0131n atlar\u0131 sakinle\u015fti.  Aln\u0131 Mavide, \u00f6yk\u00fcleriyle s\u0131radan insan\u0131 g\u00f6zlemleyen, \u00f6yk\u00fcye yak\u0131\u015facak ayr\u0131nt\u0131lar\u0131 yetkinlikle aktaran Ahmet B\u00fcke\u2019nin yirmi d\u00f6rt \u00f6yk\u00fcs\u00fcn\u00fc bir araya getiriyor. Bu \u00f6yk\u00fclerin kahramanlar\u0131, ya\u015fam\u0131n kendilerine dayatt\u0131\u011f\u0131 ac\u0131, karanl\u0131k yazg\u0131y\u0131 t\u00fcm varl\u0131klar\u0131yla resmediyorlar. Okuyucunun da asl\u0131nda kendi gizli sesini buldu\u011fu, bu nedenle okurken sars\u0131ld\u0131\u011f\u0131, huzursuzlu\u011fa kap\u0131ld\u0131\u011f\u0131 \u00f6nemli bir kitap, Aln\u0131 Mavide. <\/p>\n","protected":false},"excerpt":{"rendered":"<p>G\u00f6\u011fs\u00fcnde bir diken b\u00fcy\u00fcyordu. K\u00f6kleri akci\u011ferinin dallar\u0131 aras\u0131nda kar\u0131\u015fm\u0131\u015f, kalbinin hemen yan\u0131ndan boy veren kaba sap\u0131 k\u0131z\u0131la d\u00f6nm\u00fc\u015f diken. Tu\u011f \u00e7\u0131karm\u0131\u015f. Muzaffer mor u\u00e7lar\u0131 var topuzunun.<span class=\"excerpt-hellip\"> [\u2026]<\/span><\/p>\n","protected":false},"featured_media":0,"template":"","meta":{"_monsterinsights_skip_tracking":false,"_monsterinsights_sitenote_active":false,"_monsterinsights_sitenote_note":"","_monsterinsights_sitenote_category":0},"product_brand":[],"product_cat":[12291,12292],"product_tag":[],"class_list":{"0":"post-700977","1":"product","2":"type-product","3":"status-publish","5":"product_cat-edebiyat","6":"product_cat-turk-edebiyati","7":"pa_cilt-ciltsiz","8":"pa_tur-kitap","9":"pa_yayinevi-can-yayinlari","10":"pa_yazar-ahmet-buke","12":"first","13":"instock","14":"sale","15":"shipping-taxable","16":"purchasable","17":"product-type-simple"},"_links":{"self":[{"href":"https:\/\/roveyayinevi.com.tr\/index.php\/wp-json\/wp\/v2\/product\/700977","targetHints":{"allow":["GET"]}}],"collection":[{"href":"https:\/\/roveyayinevi.com.tr\/index.php\/wp-json\/wp\/v2\/product"}],"about":[{"href":"https:\/\/roveyayinevi.com.tr\/index.php\/wp-json\/wp\/v2\/types\/product"}],"wp:attachment":[{"href":"https:\/\/roveyayinevi.com.tr\/index.php\/wp-json\/wp\/v2\/media?parent=700977"}],"wp:term":[{"taxonomy":"product_brand","embeddable":true,"href":"https:\/\/roveyayinevi.com.tr\/index.php\/wp-json\/wp\/v2\/product_brand?post=700977"},{"taxonomy":"product_cat","embeddable":true,"href":"https:\/\/roveyayinevi.com.tr\/index.php\/wp-json\/wp\/v2\/product_cat?post=700977"},{"taxonomy":"product_tag","embeddable":true,"href":"https:\/\/roveyayinevi.com.tr\/index.php\/wp-json\/wp\/v2\/product_tag?post=700977"}],"curies":[{"name":"wp","href":"https:\/\/api.w.org\/{rel}","templated":true}]}}