{"id":700974,"date":"2025-08-27T15:03:52","date_gmt":"2025-08-27T12:03:52","guid":{"rendered":"https:\/\/roveyayinevi.com.tr\/index.php\/urun\/egitim-bilimlerine-giris-2\/"},"modified":"2026-04-16T02:10:08","modified_gmt":"2026-04-15T23:10:08","slug":"egitim-bilimlerine-giris-2","status":"publish","type":"product","link":"https:\/\/roveyayinevi.com.tr\/index.php\/urun\/egitim-bilimlerine-giris-2\/","title":{"rendered":"E\u011fitim Bilimlerine Giri\u015f"},"content":{"rendered":"<p>Bu kitap,Y\u00fcksek \u00d6\u011fretim Kurulun taraf\u0131ndan belirlenen &#8220;\u00d6\u011fretmenlik Formasyonu&#8221; derslerinden,&#8221; E\u011fitim Bilimlerine Giri\u015f&#8221;dersi i\u00e7in,Programa uygun olarak haz\u0131rlanm\u0131\u015ft\u0131r.\u00d6\u011fretmen adaylar\u0131na e\u011fitim alan\u0131ndaki temel kavramlar\u0131 ve bu sistem i\u00e7inde \u00f6\u011fretmenin yerini ve \u00f6\u011fretmen yeti\u015ftirme uygulamalar\u0131n\u0131 tan\u0131tmay\u0131 ama\u00e7layan kitap;E\u011fitim Temel Kavramlar\u0131,E\u011fitimin Di\u011fer Bilimlerle \u0130li\u015fkisi veee \u0130\u015flevleri,E\u011fitim Biliminin Tarihsel Geli\u015fimi ve 21. Y\u00fczy\u0131lda E\u011fitim Biliminde Y\u00f6nelimler,E\u011fitim Biliminde Ara\u015ft\u0131rma Y\u00f6ntemleri,T\u00fcrk Milli E\u011fitim Sisteminin Yap\u0131s\u0131 ve \u00d6zellikleri,\u00d6\u011fretmen Yeti\u015ftirme Alan\u0131ndaki Uygulamalar ve Geli\u015fmeler olmak \u00fczere 7 b\u00f6l\u00fcmden olu\u015fmaktad\u0131r.<\/p>\n","protected":false},"excerpt":{"rendered":"<p>Bu kitap,Y\u00fcksek \u00d6\u011fretim Kurulun taraf\u0131ndan belirlenen &#8220;\u00d6\u011fretmenlik Formasyonu&#8221; derslerinden,&#8221; E\u011fitim Bilimlerine Giri\u015f&#8221;dersi i\u00e7in,Programa uygun olarak haz\u0131rlanm\u0131\u015ft\u0131r.\u00d6\u011fretmen adaylar\u0131na e\u011fitim alan\u0131ndaki temel kavramlar\u0131 ve bu sistem i\u00e7inde \u00f6\u011fretmenin<span class=\"excerpt-hellip\"> [\u2026]<\/span><\/p>\n","protected":false},"featured_media":0,"template":"","meta":{"_monsterinsights_skip_tracking":false,"_monsterinsights_sitenote_active":false,"_monsterinsights_sitenote_note":"","_monsterinsights_sitenote_category":0},"product_brand":[],"product_cat":[12573,12566],"product_tag":[],"class_list":{"0":"post-700974","1":"product","2":"type-product","3":"status-publish","5":"product_cat-akademik-kitaplar","6":"product_cat-egitim","7":"pa_cilt-ciltsiz","8":"pa_tur-kitap","9":"pa_yayinevi-arkadas-yayinlari-ders-kitaplari","10":"pa_yazar-munire-erden","12":"first","13":"instock","14":"sale","15":"shipping-taxable","16":"purchasable","17":"product-type-simple"},"_links":{"self":[{"href":"https:\/\/roveyayinevi.com.tr\/index.php\/wp-json\/wp\/v2\/product\/700974","targetHints":{"allow":["GET"]}}],"collection":[{"href":"https:\/\/roveyayinevi.com.tr\/index.php\/wp-json\/wp\/v2\/product"}],"about":[{"href":"https:\/\/roveyayinevi.com.tr\/index.php\/wp-json\/wp\/v2\/types\/product"}],"wp:attachment":[{"href":"https:\/\/roveyayinevi.com.tr\/index.php\/wp-json\/wp\/v2\/media?parent=700974"}],"wp:term":[{"taxonomy":"product_brand","embeddable":true,"href":"https:\/\/roveyayinevi.com.tr\/index.php\/wp-json\/wp\/v2\/product_brand?post=700974"},{"taxonomy":"product_cat","embeddable":true,"href":"https:\/\/roveyayinevi.com.tr\/index.php\/wp-json\/wp\/v2\/product_cat?post=700974"},{"taxonomy":"product_tag","embeddable":true,"href":"https:\/\/roveyayinevi.com.tr\/index.php\/wp-json\/wp\/v2\/product_tag?post=700974"}],"curies":[{"name":"wp","href":"https:\/\/api.w.org\/{rel}","templated":true}]}}