{"id":700973,"date":"2025-08-27T15:03:52","date_gmt":"2025-08-27T12:03:52","guid":{"rendered":"https:\/\/roveyayinevi.com.tr\/index.php\/urun\/efsaneler\/"},"modified":"2026-04-16T02:10:08","modified_gmt":"2026-04-15T23:10:08","slug":"efsaneler","status":"publish","type":"product","link":"https:\/\/roveyayinevi.com.tr\/index.php\/urun\/efsaneler\/","title":{"rendered":"Efsaneler"},"content":{"rendered":"<p>\ufffcArkada\u015f Yay\u0131nevi Tekrar Bask\u0131 Duyurusu\ufffc  Orijinal Ad\u0131: EfsanelerYazar: Ali P\u00fcsk\u00fcll\u00fco\u011fluKa\u011f\u0131t: Kitap Ka\u011f\u0131d\u0131Kapak: Yumu\u015fak CiltKategori: \u00c7ocuk Klasikleri ve Modern KlaSayfa Say\u0131s\u0131: 120Barkod: 9789755090344Bask\u0131 Say\u0131s\u0131: 15. Bask\u0131Bas\u0131m Yeri \/ Tarihi: Ankara \/ 2022Boyut: 14X21,5Yay\u0131nevi: Arkada\u015f Yay\u0131neviFiyat\u0131: 37,50 \u20baBayi Sitesi Sayfas\u0131A\u00e7\u0131klamaAnadolu bir masal ve efsane \u00fclkesidir. Nereye giderseniz gidin, arar sorarsan\u0131z, oralarla ilgili efsaneler al\u0131nt\u0131lar size. Yedi kartal \u00f6mr\u00fc ya\u015fayan adam\u0131, bir adaya ad\u0131n\u0131 veren k\u0131z\u0131, yunus bal\u0131\u011f\u0131 s\u0131rt\u0131ndaki \u00e7ocu\u011fu, s\u00fctle beslenen y\u0131lanlar\u0131 anlat\u0131rlar. Daha nice efsaneler dinlersiniz. Yurdumuzda her a\u011fac\u0131n, da\u011f\u0131n ta\u015f\u0131n, kurdun ku\u015fun, denizin akarsuyun bir efsanesi vard\u0131r. Ali P\u00fcsk\u00fcll\u00fco\u011flu y\u0131llard\u0131r u\u011fra\u015f\u0131r efsanelerle. Bildi\u011fi, duydu\u011fu, okudu\u011fu efsanelerin kimilerini, sizler i\u00e7in yeniden yazd\u0131. Ozanca anlat\u0131m\u0131n\u0131 seveceksiniz.<\/p>\n","protected":false},"excerpt":{"rendered":"<p>\ufffcArkada\u015f Yay\u0131nevi Tekrar Bask\u0131 Duyurusu\ufffc Orijinal Ad\u0131: EfsanelerYazar: Ali P\u00fcsk\u00fcll\u00fco\u011fluKa\u011f\u0131t: Kitap Ka\u011f\u0131d\u0131Kapak: Yumu\u015fak CiltKategori: \u00c7ocuk Klasikleri ve Modern KlaSayfa Say\u0131s\u0131: 120Barkod: 9789755090344Bask\u0131 Say\u0131s\u0131: 15. Bask\u0131Bas\u0131m Yeri<span class=\"excerpt-hellip\"> [\u2026]<\/span><\/p>\n","protected":false},"featured_media":0,"template":"","meta":{"_monsterinsights_skip_tracking":false,"_monsterinsights_sitenote_active":false,"_monsterinsights_sitenote_note":"","_monsterinsights_sitenote_category":0},"product_brand":[],"product_cat":[12274,12523],"product_tag":[],"class_list":{"0":"post-700973","1":"product","2":"type-product","3":"status-publish","5":"product_cat-cocuk-ve-genclik-kitaplari","6":"product_cat-masallar","7":"pa_cilt-ciltsiz","8":"pa_tur-kitap","9":"pa_yayinevi-arkadas-yayinlari","10":"pa_yazar-ali-puskulluoglu","12":"first","13":"instock","14":"sale","15":"shipping-taxable","16":"purchasable","17":"product-type-simple"},"_links":{"self":[{"href":"https:\/\/roveyayinevi.com.tr\/index.php\/wp-json\/wp\/v2\/product\/700973","targetHints":{"allow":["GET"]}}],"collection":[{"href":"https:\/\/roveyayinevi.com.tr\/index.php\/wp-json\/wp\/v2\/product"}],"about":[{"href":"https:\/\/roveyayinevi.com.tr\/index.php\/wp-json\/wp\/v2\/types\/product"}],"wp:attachment":[{"href":"https:\/\/roveyayinevi.com.tr\/index.php\/wp-json\/wp\/v2\/media?parent=700973"}],"wp:term":[{"taxonomy":"product_brand","embeddable":true,"href":"https:\/\/roveyayinevi.com.tr\/index.php\/wp-json\/wp\/v2\/product_brand?post=700973"},{"taxonomy":"product_cat","embeddable":true,"href":"https:\/\/roveyayinevi.com.tr\/index.php\/wp-json\/wp\/v2\/product_cat?post=700973"},{"taxonomy":"product_tag","embeddable":true,"href":"https:\/\/roveyayinevi.com.tr\/index.php\/wp-json\/wp\/v2\/product_tag?post=700973"}],"curies":[{"name":"wp","href":"https:\/\/api.w.org\/{rel}","templated":true}]}}