{"id":700965,"date":"2025-08-27T15:03:49","date_gmt":"2025-08-27T12:03:49","guid":{"rendered":"https:\/\/roveyayinevi.com.tr\/index.php\/urun\/gunesi-uyandiralim\/"},"modified":"2026-04-16T02:10:08","modified_gmt":"2026-04-15T23:10:08","slug":"gunesi-uyandiralim","status":"publish","type":"product","link":"https:\/\/roveyayinevi.com.tr\/index.php\/urun\/gunesi-uyandiralim\/","title":{"rendered":"G\u00fcne\u015fi Uyand\u0131ral\u0131m"},"content":{"rendered":"<p>\u015eeker Portakal\u0131 n\u0131n sevimli, k\u00fc\u00e7\u00fck kahraman\u0131 Zeze , i\u015fte yine kar\u015f\u0131n\u0131zda. G\u00f6zlerinin i\u00e7i yine \u0131\u015f\u0131l, \u0131\u015f\u0131l, y\u00fcre\u011fi yine sevgi dolu. Ama h\u00fcz\u00fcnleri, biraz daha b\u00fcy\u00fcm\u00fc\u015f bir \u00e7ocu\u011fun h\u00fcz\u00fcnleri. K\u00fc\u00e7\u00fckl\u00fc\u011f\u00fcndeki k\u00fc\u00e7\u00fck \u015eeker Portakal\u0131 yok, ama bu kez de y\u00fcre\u011finde sevgili kurba\u011fa&#8217;s\u0131 var. Ama Zeze , yeni babas\u0131n\u0131n iyi niyetine kar\u015f\u0131l\u0131k vermiyor. Evdeki biricik dostu, a\u015f\u00e7\u0131 Dadada . <\/p>\n","protected":false},"excerpt":{"rendered":"<p>\u015eeker Portakal\u0131 n\u0131n sevimli, k\u00fc\u00e7\u00fck kahraman\u0131 Zeze , i\u015fte yine kar\u015f\u0131n\u0131zda. G\u00f6zlerinin i\u00e7i yine \u0131\u015f\u0131l, \u0131\u015f\u0131l, y\u00fcre\u011fi yine sevgi dolu. Ama h\u00fcz\u00fcnleri, biraz daha b\u00fcy\u00fcm\u00fc\u015f bir<span class=\"excerpt-hellip\"> [\u2026]<\/span><\/p>\n","protected":false},"featured_media":0,"template":"","meta":{"_monsterinsights_skip_tracking":false,"_monsterinsights_sitenote_active":false,"_monsterinsights_sitenote_note":"","_monsterinsights_sitenote_category":0},"product_brand":[],"product_cat":[12291,12711],"product_tag":[],"class_list":{"0":"post-700965","1":"product","2":"type-product","3":"status-publish","5":"product_cat-edebiyat","6":"product_cat-roman-oyku","7":"pa_cilt-ciltsiz","8":"pa_tur-kitap","9":"pa_yayinevi-can-yayinlari","10":"pa_yazar-jose-mauro-de-vasconcelos","12":"first","13":"instock","14":"sale","15":"shipping-taxable","16":"purchasable","17":"product-type-simple"},"_links":{"self":[{"href":"https:\/\/roveyayinevi.com.tr\/index.php\/wp-json\/wp\/v2\/product\/700965","targetHints":{"allow":["GET"]}}],"collection":[{"href":"https:\/\/roveyayinevi.com.tr\/index.php\/wp-json\/wp\/v2\/product"}],"about":[{"href":"https:\/\/roveyayinevi.com.tr\/index.php\/wp-json\/wp\/v2\/types\/product"}],"wp:attachment":[{"href":"https:\/\/roveyayinevi.com.tr\/index.php\/wp-json\/wp\/v2\/media?parent=700965"}],"wp:term":[{"taxonomy":"product_brand","embeddable":true,"href":"https:\/\/roveyayinevi.com.tr\/index.php\/wp-json\/wp\/v2\/product_brand?post=700965"},{"taxonomy":"product_cat","embeddable":true,"href":"https:\/\/roveyayinevi.com.tr\/index.php\/wp-json\/wp\/v2\/product_cat?post=700965"},{"taxonomy":"product_tag","embeddable":true,"href":"https:\/\/roveyayinevi.com.tr\/index.php\/wp-json\/wp\/v2\/product_tag?post=700965"}],"curies":[{"name":"wp","href":"https:\/\/api.w.org\/{rel}","templated":true}]}}