{"id":700957,"date":"2025-08-27T15:03:46","date_gmt":"2025-08-27T12:03:46","guid":{"rendered":"https:\/\/roveyayinevi.com.tr\/index.php\/urun\/bir-donem-iki-kadin\/"},"modified":"2026-04-16T02:10:08","modified_gmt":"2026-04-15T23:10:08","slug":"bir-donem-iki-kadin","status":"publish","type":"product","link":"https:\/\/roveyayinevi.com.tr\/index.php\/urun\/bir-donem-iki-kadin\/","title":{"rendered":"Bir D\u00f6nem \u0130ki Kad\u0131n"},"content":{"rendered":"<p>Oya Baydar ve Melek Ulagay&#8230; D\u00fcnyan\u0131n ve T\u00fcrkiye\u2019nin, 1940\u2019lardan g\u00fcn\u00fcm\u00fcze uzanan maceras\u0131na tan\u0131kl\u0131k etmi\u015f, tan\u0131kl\u0131kla kalmay\u0131p olaylar\u0131n i\u00e7inde ya\u015fam\u0131\u015f iki kad\u0131n. Gen\u00e7li\u011fi, umudu, devrimci m\u00fccadeleyi, sol \u00f6rg\u00fctleri, hapishaneleri, i\u015fkenceleri, sevdiklerini yitirmenin ac\u0131s\u0131n\u0131, m\u00fcltecili\u011fi, s\u00fcrg\u00fcn\u00fc, eve d\u00f6n\u00fc\u015fleri, \u0130stanbul\u2019dan Filistin kamplar\u0131na, G\u00fcneydo\u011fu\u2019dan Avrupa kentlerine savrulan ya\u015famlar\u0131n\u0131 anlat\u0131yorlar. \ufffcTan\u0131t\u0131m Metni<\/p>\n","protected":false},"excerpt":{"rendered":"<p>Oya Baydar ve Melek Ulagay&#8230; D\u00fcnyan\u0131n ve T\u00fcrkiye\u2019nin, 1940\u2019lardan g\u00fcn\u00fcm\u00fcze uzanan maceras\u0131na tan\u0131kl\u0131k etmi\u015f, tan\u0131kl\u0131kla kalmay\u0131p olaylar\u0131n i\u00e7inde ya\u015fam\u0131\u015f iki kad\u0131n. Gen\u00e7li\u011fi, umudu, devrimci m\u00fccadeleyi, sol<span class=\"excerpt-hellip\"> [\u2026]<\/span><\/p>\n","protected":false},"featured_media":0,"template":"","meta":{"_monsterinsights_skip_tracking":false,"_monsterinsights_sitenote_active":false,"_monsterinsights_sitenote_note":"","_monsterinsights_sitenote_category":0},"product_brand":[],"product_cat":[13946,12304],"product_tag":[],"class_list":{"0":"post-700957","1":"product","2":"type-product","3":"status-publish","5":"product_cat-biyografi-otobiyografi","6":"product_cat-tarih","7":"pa_cilt-ciltsiz","8":"pa_tur-kitap","9":"pa_yayinevi-can-yayinlari","10":"pa_yazar-melek-ulagay","12":"first","13":"instock","14":"sale","15":"shipping-taxable","16":"purchasable","17":"product-type-simple"},"_links":{"self":[{"href":"https:\/\/roveyayinevi.com.tr\/index.php\/wp-json\/wp\/v2\/product\/700957","targetHints":{"allow":["GET"]}}],"collection":[{"href":"https:\/\/roveyayinevi.com.tr\/index.php\/wp-json\/wp\/v2\/product"}],"about":[{"href":"https:\/\/roveyayinevi.com.tr\/index.php\/wp-json\/wp\/v2\/types\/product"}],"wp:attachment":[{"href":"https:\/\/roveyayinevi.com.tr\/index.php\/wp-json\/wp\/v2\/media?parent=700957"}],"wp:term":[{"taxonomy":"product_brand","embeddable":true,"href":"https:\/\/roveyayinevi.com.tr\/index.php\/wp-json\/wp\/v2\/product_brand?post=700957"},{"taxonomy":"product_cat","embeddable":true,"href":"https:\/\/roveyayinevi.com.tr\/index.php\/wp-json\/wp\/v2\/product_cat?post=700957"},{"taxonomy":"product_tag","embeddable":true,"href":"https:\/\/roveyayinevi.com.tr\/index.php\/wp-json\/wp\/v2\/product_tag?post=700957"}],"curies":[{"name":"wp","href":"https:\/\/api.w.org\/{rel}","templated":true}]}}