{"id":700956,"date":"2025-08-27T15:03:46","date_gmt":"2025-08-27T12:03:46","guid":{"rendered":"https:\/\/roveyayinevi.com.tr\/index.php\/urun\/gocmen-yildiz\/"},"modified":"2026-04-16T02:10:08","modified_gmt":"2026-04-15T23:10:08","slug":"gocmen-yildiz","status":"publish","type":"product","link":"https:\/\/roveyayinevi.com.tr\/index.php\/urun\/gocmen-yildiz\/","title":{"rendered":"G\u00f6\u00e7men Y\u0131ld\u0131z"},"content":{"rendered":"<p>G\u00fcne\u015f herkes i\u00e7in parlam\u0131yor mu? Nazi k\u0131y\u0131m\u0131ndan kurtulmu\u015f olan Esther, \u0130kinci D\u00fcnya Sava\u015f\u0131\u2019n\u0131n ard\u0131ndan annesiyle birlikte yeni yurduna, \u0130srail\u2019e kavu\u015fmak i\u00e7in yollara d\u00fc\u015fer. \u0130srail\u2019in kurulu\u015fuyla kendi topraklar\u0131nda bir yurtsuza d\u00f6n\u00fc\u015fen Nejma ise Filistin kamplar\u0131ndaki ya\u015fam\u0131n deh\u015fetini ya\u015fay\u0131p oradan ka\u00e7ar. G\u00f6r\u00fcn\u00fc\u015fte farkl\u0131 fakat \u00f6z\u00fcnde bir olan bu iki gen\u00e7 k\u0131z\u0131n yolu, Yahudilerin ve Araplar\u0131n ac\u0131 dolu tarihinde bir \u015fekilde kesi\u015fecektir. Bir d\u00fcnya vatanda\u015f\u0131 olarak nitelenebilecek Le Cl\u00e9zio, G\u00f6\u00e7men Y\u0131ld\u0131z\u2019da modern d\u00fcnyan\u0131n sald\u0131r\u0131lar\u0131 kar\u015f\u0131s\u0131ndaki bireylerin hayatlar\u0131n\u0131 anlat\u0131rken politik bir yoruma giri\u015fip herhangi bir ahlak dersi vermeye \u00e7al\u0131\u015fmaks\u0131z\u0131n, co\u011frafi s\u0131n\u0131rlar\u0131 ve mevcut medeniyetleri a\u015fan, insan sevgisiyle dolu bir roman ortaya koyuyor. \u201cG\u00f6\u00e7men Y\u0131ld\u0131z\u2019\u0131 \u00f6ne \u00e7\u0131karan \u015fey, insan\u0131n co\u011frafya ve mek\u00e2nla ili\u015fkisini, s\u00fcrg\u00fcnl\u00fc\u011f\u00fcn ac\u0131s\u0131n\u0131 t\u00fcm inceli\u011fiyle, tarafs\u0131z anlatmas\u0131d\u0131r.\u201d The Guardian e&lt;<\/p>\n","protected":false},"excerpt":{"rendered":"<p>G\u00fcne\u015f herkes i\u00e7in parlam\u0131yor mu? Nazi k\u0131y\u0131m\u0131ndan kurtulmu\u015f olan Esther, \u0130kinci D\u00fcnya Sava\u015f\u0131\u2019n\u0131n ard\u0131ndan annesiyle birlikte yeni yurduna, \u0130srail\u2019e kavu\u015fmak i\u00e7in yollara d\u00fc\u015fer. \u0130srail\u2019in kurulu\u015fuyla kendi<span class=\"excerpt-hellip\"> [\u2026]<\/span><\/p>\n","protected":false},"featured_media":0,"template":"","meta":{"_monsterinsights_skip_tracking":false,"_monsterinsights_sitenote_active":false,"_monsterinsights_sitenote_note":"","_monsterinsights_sitenote_category":0},"product_brand":[],"product_cat":[12291,13376],"product_tag":[],"class_list":{"0":"post-700956","1":"product","2":"type-product","3":"status-publish","5":"product_cat-edebiyat","6":"product_cat-fransiz-edebiyati","7":"pa_cilt-ciltsiz","8":"pa_tur-kitap","9":"pa_yayinevi-can-yayinlari","10":"pa_yazar-jean-marie-gustave-le-clezio","12":"first","13":"instock","14":"sale","15":"shipping-taxable","16":"purchasable","17":"product-type-simple"},"_links":{"self":[{"href":"https:\/\/roveyayinevi.com.tr\/index.php\/wp-json\/wp\/v2\/product\/700956","targetHints":{"allow":["GET"]}}],"collection":[{"href":"https:\/\/roveyayinevi.com.tr\/index.php\/wp-json\/wp\/v2\/product"}],"about":[{"href":"https:\/\/roveyayinevi.com.tr\/index.php\/wp-json\/wp\/v2\/types\/product"}],"wp:attachment":[{"href":"https:\/\/roveyayinevi.com.tr\/index.php\/wp-json\/wp\/v2\/media?parent=700956"}],"wp:term":[{"taxonomy":"product_brand","embeddable":true,"href":"https:\/\/roveyayinevi.com.tr\/index.php\/wp-json\/wp\/v2\/product_brand?post=700956"},{"taxonomy":"product_cat","embeddable":true,"href":"https:\/\/roveyayinevi.com.tr\/index.php\/wp-json\/wp\/v2\/product_cat?post=700956"},{"taxonomy":"product_tag","embeddable":true,"href":"https:\/\/roveyayinevi.com.tr\/index.php\/wp-json\/wp\/v2\/product_tag?post=700956"}],"curies":[{"name":"wp","href":"https:\/\/api.w.org\/{rel}","templated":true}]}}