{"id":700954,"date":"2025-08-27T15:03:45","date_gmt":"2025-08-27T12:03:45","guid":{"rendered":"https:\/\/roveyayinevi.com.tr\/index.php\/urun\/totonun-sinifi\/"},"modified":"2026-04-16T02:10:08","modified_gmt":"2026-04-15T23:10:08","slug":"totonun-sinifi","status":"publish","type":"product","link":"https:\/\/roveyayinevi.com.tr\/index.php\/urun\/totonun-sinifi\/","title":{"rendered":"Toto\u2019nun S\u0131n\u0131f\u0131"},"content":{"rendered":"<p>Toto ve \u015femsiyesi\u2019nden tan\u0131d\u0131\u011f\u0131m\u0131z&#8230; Ak\u0131l s\u0131r ermez toto\u2019nun maceralar\u0131 s\u00fcr\u00fcyor&#8230; Bay togo\u2019nun toto, mimi, selo, lolo, teo\u2019lu s\u0131n\u0131f\u0131nda e\u011flenmek i\u00e7in \u00e7ok neden bulacaks\u0131n\u0131z! Yeni arkada\u015flar\u0131 lumbo\u2019nun suskunlu\u011fu, bir t\u00fcrl\u00fc yerine ula\u015fmayan \u00e7i\u00e7ek buketi, toto\u2019nun bilimsel hayali, s\u0131rlar evinde g\u00f6z g\u00f6ze gelemeyen \u00e7ocuklar\u0131n d\u00fc\u015ft\u00fc\u011f\u00fc oyun&#8230; K\u0131k\u0131r k\u0131k\u0131r g\u00fcld\u00fcr\u00fcrken merakland\u0131racak da&#8230; <\/p>\n","protected":false},"excerpt":{"rendered":"<p>Toto ve \u015femsiyesi\u2019nden tan\u0131d\u0131\u011f\u0131m\u0131z&#8230; Ak\u0131l s\u0131r ermez toto\u2019nun maceralar\u0131 s\u00fcr\u00fcyor&#8230; Bay togo\u2019nun toto, mimi, selo, lolo, teo\u2019lu s\u0131n\u0131f\u0131nda e\u011flenmek i\u00e7in \u00e7ok neden bulacaks\u0131n\u0131z! Yeni arkada\u015flar\u0131 lumbo\u2019nun<span class=\"excerpt-hellip\"> [\u2026]<\/span><\/p>\n","protected":false},"featured_media":0,"template":"","meta":{"_monsterinsights_skip_tracking":false,"_monsterinsights_sitenote_active":false,"_monsterinsights_sitenote_note":"","_monsterinsights_sitenote_category":0},"product_brand":[],"product_cat":[12275,12274],"product_tag":[],"class_list":{"0":"post-700954","1":"product","2":"type-product","3":"status-publish","5":"product_cat-6-12-yas-kitaplari","6":"product_cat-cocuk-ve-genclik-kitaplari","7":"pa_cilt-ciltsiz","8":"pa_tur-kitap","9":"pa_yayinevi-can-cocuk-yayinlari","10":"pa_yazar-sevim-ak","12":"first","13":"instock","14":"sale","15":"shipping-taxable","16":"purchasable","17":"product-type-simple"},"_links":{"self":[{"href":"https:\/\/roveyayinevi.com.tr\/index.php\/wp-json\/wp\/v2\/product\/700954","targetHints":{"allow":["GET"]}}],"collection":[{"href":"https:\/\/roveyayinevi.com.tr\/index.php\/wp-json\/wp\/v2\/product"}],"about":[{"href":"https:\/\/roveyayinevi.com.tr\/index.php\/wp-json\/wp\/v2\/types\/product"}],"wp:attachment":[{"href":"https:\/\/roveyayinevi.com.tr\/index.php\/wp-json\/wp\/v2\/media?parent=700954"}],"wp:term":[{"taxonomy":"product_brand","embeddable":true,"href":"https:\/\/roveyayinevi.com.tr\/index.php\/wp-json\/wp\/v2\/product_brand?post=700954"},{"taxonomy":"product_cat","embeddable":true,"href":"https:\/\/roveyayinevi.com.tr\/index.php\/wp-json\/wp\/v2\/product_cat?post=700954"},{"taxonomy":"product_tag","embeddable":true,"href":"https:\/\/roveyayinevi.com.tr\/index.php\/wp-json\/wp\/v2\/product_tag?post=700954"}],"curies":[{"name":"wp","href":"https:\/\/api.w.org\/{rel}","templated":true}]}}