{"id":700952,"date":"2025-08-27T15:03:45","date_gmt":"2025-08-27T12:03:45","guid":{"rendered":"https:\/\/roveyayinevi.com.tr\/index.php\/urun\/baba-ogul-ve-kutsal-roman\/"},"modified":"2026-04-16T02:10:08","modified_gmt":"2026-04-15T23:10:08","slug":"baba-ogul-ve-kutsal-roman","status":"publish","type":"product","link":"https:\/\/roveyayinevi.com.tr\/index.php\/urun\/baba-ogul-ve-kutsal-roman\/","title":{"rendered":"Baba, O\u011ful ve Kutsal Roman"},"content":{"rendered":"<p>Y\u00fcz\u00fc olmayan adam rollerine \u00e7\u0131k\u0131yorum art\u0131k. Bu saatten sonra, karanl\u0131kta her \u015fey, her \u015feye d\u00f6n\u00fc\u015febilir. Ay \u0131\u015f\u0131\u011f\u0131 vurdu\u011funda bir garip \u00c2dem. Karanl\u0131kta y\u00fcz\u00fc olmayan adam. Daktilonun g\u0131rtla\u011f\u0131n\u0131 s\u0131k\u0131yorum. Babamdan kalma. Baba, o\u011ful ve kutsal roman ad\u0131na, diye hayk\u0131rarak sald\u0131r\u0131yorum yazmaya. Ya\u015fl\u0131 metal bacaklar titriyor. \u00dcst \u00fcste bas\u0131yor a ve e harflerini. \u00c2d\u00e6m \u00e7\u0131k\u0131yor siyah maddeden p\u0131r\u0131l p\u0131r\u0131l. Ara t\u00fcr. Melez. Par\u00e7al\u0131 bir resim. Murat G\u00fclsoy okurlar\u0131 bilir: \u00c2lemler S\u00fcreklidir. Zamanda kaybolan Tanp\u0131nar, oyunda kaybolan O\u011fuz Atay, r\u00fcyada kaybolan Borges, \u015fehvette kaybolan Nabokov, davas\u0131nda kaybolan Kafka, kendi hik\u00e2yelerinden ka\u00e7\u0131p gelen Olric, Gollum, Doktor Ramiz ve daha pek \u00e7ok yarat\u0131c\u0131 ruh, Baba, O\u011ful ve Kutsal Roman\u2019\u0131n labirentinde birbirlerini ar\u0131yorlar. Murat G\u00fclsoy bu roman\u0131nda kurdu\u011fu fena halde e\u011flenceli ve kendine \u00f6zg\u00fc \u00e2lemde, hem b\u00fcy\u00fc yapmaya hem b\u00fcy\u00fc bozmaya davet ediyor okurlar\u0131n\u0131. Karanl\u0131\u011f\u0131n aynas\u0131na koyu bir ironiyle, ac\u0131mas\u0131z bir yal\u0131nl\u0131kla g\u00fcle oynaya giriyor, k\u0131r\u0131p par\u00e7alar\u0131na ay\u0131rd\u0131\u011f\u0131 bir hayat\u0131 g\u00f6zlerimizin \u00f6n\u00fcne seriyor. Baba, O\u011ful ve Kutsal Roman, edebiyat\u0131n ba\u015fkalar\u0131n\u0131n hayatlar\u0131na ka\u00e7\u0131p saklanman\u0131n de\u011fil kendi dehlizlerinde dola\u015fman\u0131n bir yolu oldu\u011funa inananlar i\u00e7in&#8230; <\/p>\n","protected":false},"excerpt":{"rendered":"<p>Y\u00fcz\u00fc olmayan adam rollerine \u00e7\u0131k\u0131yorum art\u0131k. Bu saatten sonra, karanl\u0131kta her \u015fey, her \u015feye d\u00f6n\u00fc\u015febilir. Ay \u0131\u015f\u0131\u011f\u0131 vurdu\u011funda bir garip \u00c2dem. Karanl\u0131kta y\u00fcz\u00fc olmayan adam. Daktilonun<span class=\"excerpt-hellip\"> [\u2026]<\/span><\/p>\n","protected":false},"featured_media":0,"template":"","meta":{"_monsterinsights_skip_tracking":false,"_monsterinsights_sitenote_active":false,"_monsterinsights_sitenote_note":"","_monsterinsights_sitenote_category":0},"product_brand":[],"product_cat":[12291,12292],"product_tag":[],"class_list":{"0":"post-700952","1":"product","2":"type-product","3":"status-publish","5":"product_cat-edebiyat","6":"product_cat-turk-edebiyati","7":"pa_cilt-ciltsiz","8":"pa_tur-kitap","9":"pa_yayinevi-can-yayinlari","10":"pa_yazar-murat-gulsoy","12":"first","13":"instock","14":"sale","15":"shipping-taxable","16":"purchasable","17":"product-type-simple"},"_links":{"self":[{"href":"https:\/\/roveyayinevi.com.tr\/index.php\/wp-json\/wp\/v2\/product\/700952","targetHints":{"allow":["GET"]}}],"collection":[{"href":"https:\/\/roveyayinevi.com.tr\/index.php\/wp-json\/wp\/v2\/product"}],"about":[{"href":"https:\/\/roveyayinevi.com.tr\/index.php\/wp-json\/wp\/v2\/types\/product"}],"wp:attachment":[{"href":"https:\/\/roveyayinevi.com.tr\/index.php\/wp-json\/wp\/v2\/media?parent=700952"}],"wp:term":[{"taxonomy":"product_brand","embeddable":true,"href":"https:\/\/roveyayinevi.com.tr\/index.php\/wp-json\/wp\/v2\/product_brand?post=700952"},{"taxonomy":"product_cat","embeddable":true,"href":"https:\/\/roveyayinevi.com.tr\/index.php\/wp-json\/wp\/v2\/product_cat?post=700952"},{"taxonomy":"product_tag","embeddable":true,"href":"https:\/\/roveyayinevi.com.tr\/index.php\/wp-json\/wp\/v2\/product_tag?post=700952"}],"curies":[{"name":"wp","href":"https:\/\/api.w.org\/{rel}","templated":true}]}}