{"id":700950,"date":"2025-08-27T15:03:44","date_gmt":"2025-08-27T12:03:44","guid":{"rendered":"https:\/\/roveyayinevi.com.tr\/index.php\/urun\/aziz-bey-hadisesi\/"},"modified":"2026-04-16T02:10:08","modified_gmt":"2026-04-15T23:10:08","slug":"aziz-bey-hadisesi","status":"publish","type":"product","link":"https:\/\/roveyayinevi.com.tr\/index.php\/urun\/aziz-bey-hadisesi\/","title":{"rendered":"Aziz Bey Hadisesi"},"content":{"rendered":"<p>G\u00fcne\u015ften a\u011f\u0131r a\u011f\u0131r g\u00f6lgeye ge\u00e7ilir gibi, pek de anlamadan ak\u015fam olur gibi, \u0131\u015f\u0131kl\u0131, ne\u015feli bir y\u00fczden kederlere ge\u00e7ti Aziz bey. Kederli bir mazisi oldu. Burnu havada, ba\u015f\u0131 dikti hep. Ba\u015fka t\u00fcrl\u00fc ya\u015famay\u0131 beceremediyse de, o gece, Hali\u00e7\u2019in kirli sular\u0131na bakarken anlad\u0131 ki hep \u00f6yle, burnu dik ya\u015fad\u0131\u011f\u0131n\u0131 sanm\u0131\u015f. Oysa \u015fiddetle yan\u0131lm\u0131\u015f. Ve yine anlad\u0131 ki hayat\u0131 t\u00fcm\u00fcyle bir yan\u0131lg\u0131ym\u0131\u015f. Daha \u00f6nce Ta\u015f-K\u00e2\u011f\u0131t-Makas ve Evvelotel adl\u0131 \u00f6yk\u00fc kitaplar\u0131n\u0131 da yay\u0131mlad\u0131\u011f\u0131m\u0131z Ayfer Tun\u00e7\u2019 u geni\u015f okur kitlelerine tan\u0131tan ve \u00e7a\u011fda\u015f T\u00fcrk \u00f6yk\u00fcc\u00fcl\u00fc\u011f\u00fcn\u00fcn bir klasi\u011fi olmaya aday kitab\u0131 Aziz Bey Hadisesi\u2019 nin yeni bas\u0131m\u0131n\u0131 sunuyoruz. \u00d6yk\u00fcn\u00fcn kahraman\u0131 Aziz Bey, Tun\u00e7\u2019un, insan olmaktan do\u011fan zaaf ve yan\u0131lg\u0131lar nedeniyle yaralanm\u0131\u015f, bo\u015fa ge\u00e7mi\u015f hayatlar \u00fcst\u00fcne yap\u0131land\u0131rd\u0131\u011f\u0131 \u00f6yk\u00fc evreninin en h\u00fcz\u00fcnl\u00fc, en ger\u00e7ek ki\u015fisi. Baz\u0131 okurlara, meyhanelerde benzerini aratacak kadar kanl\u0131 canl\u0131 ama mahzun gelen Aziz Bey\u2019in \u00f6yk\u00fcs\u00fcn\u00fc okurken, bir hik\u00e2ye ki\u015fisinin varl\u0131\u011f\u0131n\u0131 \u00e7ok yak\u0131n\u0131n\u0131zda hissedeceksiniz. <\/p>\n","protected":false},"excerpt":{"rendered":"<p>G\u00fcne\u015ften a\u011f\u0131r a\u011f\u0131r g\u00f6lgeye ge\u00e7ilir gibi, pek de anlamadan ak\u015fam olur gibi, \u0131\u015f\u0131kl\u0131, ne\u015feli bir y\u00fczden kederlere ge\u00e7ti Aziz bey. Kederli bir mazisi oldu. Burnu havada,<span class=\"excerpt-hellip\"> [\u2026]<\/span><\/p>\n","protected":false},"featured_media":0,"template":"","meta":{"_monsterinsights_skip_tracking":false,"_monsterinsights_sitenote_active":false,"_monsterinsights_sitenote_note":"","_monsterinsights_sitenote_category":0},"product_brand":[],"product_cat":[12291,12292],"product_tag":[],"class_list":{"0":"post-700950","1":"product","2":"type-product","3":"status-publish","5":"product_cat-edebiyat","6":"product_cat-turk-edebiyati","7":"pa_cilt-ciltsiz","8":"pa_tur-kitap","9":"pa_yayinevi-can-yayinlari","10":"pa_yazar-ayfer-tunc","12":"first","13":"instock","14":"sale","15":"shipping-taxable","16":"purchasable","17":"product-type-simple"},"_links":{"self":[{"href":"https:\/\/roveyayinevi.com.tr\/index.php\/wp-json\/wp\/v2\/product\/700950","targetHints":{"allow":["GET"]}}],"collection":[{"href":"https:\/\/roveyayinevi.com.tr\/index.php\/wp-json\/wp\/v2\/product"}],"about":[{"href":"https:\/\/roveyayinevi.com.tr\/index.php\/wp-json\/wp\/v2\/types\/product"}],"wp:attachment":[{"href":"https:\/\/roveyayinevi.com.tr\/index.php\/wp-json\/wp\/v2\/media?parent=700950"}],"wp:term":[{"taxonomy":"product_brand","embeddable":true,"href":"https:\/\/roveyayinevi.com.tr\/index.php\/wp-json\/wp\/v2\/product_brand?post=700950"},{"taxonomy":"product_cat","embeddable":true,"href":"https:\/\/roveyayinevi.com.tr\/index.php\/wp-json\/wp\/v2\/product_cat?post=700950"},{"taxonomy":"product_tag","embeddable":true,"href":"https:\/\/roveyayinevi.com.tr\/index.php\/wp-json\/wp\/v2\/product_tag?post=700950"}],"curies":[{"name":"wp","href":"https:\/\/api.w.org\/{rel}","templated":true}]}}