{"id":700949,"date":"2025-08-27T15:03:44","date_gmt":"2025-08-27T12:03:44","guid":{"rendered":"https:\/\/roveyayinevi.com.tr\/index.php\/urun\/aykiri-oykuler\/"},"modified":"2026-04-16T02:10:08","modified_gmt":"2026-04-15T23:10:08","slug":"aykiri-oykuler","status":"publish","type":"product","link":"https:\/\/roveyayinevi.com.tr\/index.php\/urun\/aykiri-oykuler\/","title":{"rendered":"Ayk\u0131r\u0131 \u00d6yk\u00fcler"},"content":{"rendered":"<p>\u0130lk kez 1989 y\u0131l\u0131nda yay\u0131mlanan Ayk\u0131r\u0131 \u00d6yk\u00fcler, Tahsin Y\u00fccel&#8217;in \u00f6yk\u00fcc\u00fcl\u00fc\u011f\u00fcnde yeni bir a\u015famaya i\u015faret ediyordu: yazar\u0131n ba\u015f\u0131ndan beri pe\u015fine d\u00fc\u015ft\u00fc\u011f\u00fc yabanc\u0131la\u015fma olgusu, ki\u015finin birtak\u0131m tutkular\u0131n elinde kendi kimli\u011fini ve i\u00e7 istemlerini kaybetmesi ve bu delili\u011fin b\u00fct\u00fcn bir \u00e7evre taraf\u0131ndan insafs\u0131zca k\u00f6r\u00fcklenmesi&#8230; Yalan, Peygamberin Son Be\u015f G\u00fcn\u00fc, G\u00f6kdelen gibi ironi ba\u015fyap\u0131tlar\u0131n\u0131n habercisi metinlerden olu\u015fuyor, Ayk\u0131r\u0131 \u00d6yk\u00fcler&#8230; \ufffcTan\u0131t\u0131m Metni<\/p>\n","protected":false},"excerpt":{"rendered":"<p>\u0130lk kez 1989 y\u0131l\u0131nda yay\u0131mlanan Ayk\u0131r\u0131 \u00d6yk\u00fcler, Tahsin Y\u00fccel&#8217;in \u00f6yk\u00fcc\u00fcl\u00fc\u011f\u00fcnde yeni bir a\u015famaya i\u015faret ediyordu: yazar\u0131n ba\u015f\u0131ndan beri pe\u015fine d\u00fc\u015ft\u00fc\u011f\u00fc yabanc\u0131la\u015fma olgusu, ki\u015finin birtak\u0131m tutkular\u0131n elinde<span class=\"excerpt-hellip\"> [\u2026]<\/span><\/p>\n","protected":false},"featured_media":0,"template":"","meta":{"_monsterinsights_skip_tracking":false,"_monsterinsights_sitenote_active":false,"_monsterinsights_sitenote_note":"","_monsterinsights_sitenote_category":0},"product_brand":[],"product_cat":[12291,12711],"product_tag":[],"class_list":{"0":"post-700949","1":"product","2":"type-product","3":"status-publish","5":"product_cat-edebiyat","6":"product_cat-roman-oyku","7":"pa_cilt-ciltsiz","8":"pa_tur-kitap","9":"pa_yayinevi-can-yayinlari","10":"pa_yazar-tahsin-yucel","12":"first","13":"instock","14":"sale","15":"shipping-taxable","16":"purchasable","17":"product-type-simple"},"_links":{"self":[{"href":"https:\/\/roveyayinevi.com.tr\/index.php\/wp-json\/wp\/v2\/product\/700949","targetHints":{"allow":["GET"]}}],"collection":[{"href":"https:\/\/roveyayinevi.com.tr\/index.php\/wp-json\/wp\/v2\/product"}],"about":[{"href":"https:\/\/roveyayinevi.com.tr\/index.php\/wp-json\/wp\/v2\/types\/product"}],"wp:attachment":[{"href":"https:\/\/roveyayinevi.com.tr\/index.php\/wp-json\/wp\/v2\/media?parent=700949"}],"wp:term":[{"taxonomy":"product_brand","embeddable":true,"href":"https:\/\/roveyayinevi.com.tr\/index.php\/wp-json\/wp\/v2\/product_brand?post=700949"},{"taxonomy":"product_cat","embeddable":true,"href":"https:\/\/roveyayinevi.com.tr\/index.php\/wp-json\/wp\/v2\/product_cat?post=700949"},{"taxonomy":"product_tag","embeddable":true,"href":"https:\/\/roveyayinevi.com.tr\/index.php\/wp-json\/wp\/v2\/product_tag?post=700949"}],"curies":[{"name":"wp","href":"https:\/\/api.w.org\/{rel}","templated":true}]}}