{"id":700932,"date":"2025-08-27T15:03:38","date_gmt":"2025-08-27T12:03:38","guid":{"rendered":"https:\/\/roveyayinevi.com.tr\/index.php\/urun\/anne-kafamda-bit-var\/"},"modified":"2026-04-16T02:10:07","modified_gmt":"2026-04-15T23:10:07","slug":"anne-kafamda-bit-var","status":"publish","type":"product","link":"https:\/\/roveyayinevi.com.tr\/index.php\/urun\/anne-kafamda-bit-var\/","title":{"rendered":"Anne Kafamda Bit Var"},"content":{"rendered":"<p>Sana hi\u00e7bir \u015fey olmayacak, g\u00f6receksin bak. Elini kolunu sallayarak d\u0131\u015far\u0131 \u00e7\u0131kacaks\u0131n.&#8217; U\u00e7ak havaalan\u0131na yakla\u015f\u0131rken M\u00fcjdat (Gezen) beni yat\u0131\u015ft\u0131rmaya \u00e7al\u0131\u015f\u0131yordu. Onu duymuyor gibiydim. Tutuklanacak olursam onun neler yapmas\u0131 gerekti\u011fini d\u00fc\u015f\u00fcnmeye \u00e7al\u0131\u015ft\u0131m; tan\u0131d\u0131k birka\u00e7 ki\u015finin ad\u0131n\u0131 sayd\u0131m. &#8216;Onlar\u0131 hemen ara, avukat\u0131m\u0131 devreye sok,&#8217; dedim; bir de b\u00fct\u00fcn gazeteleri aramas\u0131n\u0131 tembihledim. Durduk. Herkes hareketlendi, ben bir t\u00fcrl\u00fc yerimden kalkmak istemiyordum. G\u00f6n\u00fcls\u00fcz, a\u011f\u0131r hareket ediyordum. M\u00fcjdat&#8217;a d\u00f6nd\u00fcm: &#8216;Beni g\u00f6t\u00fcr\u00fcrlerse bavulumu sen al,&#8217; dedim. &#8216;Bavulla \u015fubeye gitmek istemiyorum. Yan ceplerinden birinde telefon defterim var, onu yok et&#8230;&#8221;Sinema sanat\u00e7\u0131s\u0131 Tar\u0131k Akan, 80 askeri darbesinin hemen ard\u0131ndan, 1981 ba\u015flar\u0131nda Almanya&#8217;da yapt\u0131\u011f\u0131 bir konu\u015fma y\u00fcz\u00fcnden yurda d\u00f6n\u00fc\u015f\u00fcnde tutuklan\u0131r. Bu tutuklanman\u0131n nedeni, sa\u011fc\u0131 bir gazetenin man\u015fete \u00e7\u0131kard\u0131\u011f\u0131 yanl\u0131 ve yalan haberdir. B\u00f6ylece, uzun bir yarg\u0131lanma s\u00fcreci ba\u015flar. Siyasi \u015eube, sorgulamalar, itilip kak\u0131lmalar, a\u015fa\u011f\u0131lanmalar, so\u011fuk h\u00fccreler, bitli-fareli ko\u011fu\u015flar, sa\u011fc\u0131lar, solcular, devrimciler, TKP&#8217;liler, idaml\u0131klar&#8230; \u00dcn\u00fcn\u00fcn\u00fcn doru\u011fundaki Tar\u0131k Akan&#8217;\u0131n aylar boyu i\u00e7inde bulunaca\u011f\u0131 ortam budur. Uzun zaman sonra aklan\u0131p \u00f6zg\u00fcr kalan Tar\u0131k Akan, aradan y\u0131llar ge\u00e7se de o g\u00fcnlerin bask\u0131lar\u0131n\u0131, ac\u0131lar\u0131n\u0131 unutamaz; tek \u00e7\u0131k\u0131\u015f yolu, ya\u015fad\u0131klar\u0131n\u0131 yaz\u0131ya d\u00f6kmektir. Anne Kafamda Bit Var, o karanl\u0131k d\u00f6nemin bir tutana\u011f\u0131 gibi. Son yirmi y\u0131ld\u0131r toplumsal i\u00e7erikli filmlere y\u00f6nelen \u00fcnl\u00fc sinema adam\u0131n\u0131n az bilinen bir y\u00f6n\u00fcn\u00fc ortaya \u00e7\u0131karan an\u0131larda ayr\u0131ca \u015eerif G\u00f6ren&#8217;den At\u0131f Y\u0131lmaz&#8217;a, Orhan Apayd\u0131n&#8217;dan Bar\u0131\u015f Derne\u011fi Davas\u0131&#8217;na kadar pek \u00e7ok tan\u0131nm\u0131\u015f ada ve \u00f6nemli olaya yer verilirken, Y\u0131lmaz G\u00fcney cezaevindeyken gizli sakl\u0131 \u00e7ekilen Yol filminin b\u00fct\u00fcn ser\u00fcveni de dile getiriliyor.<\/p>\n","protected":false},"excerpt":{"rendered":"<p>Sana hi\u00e7bir \u015fey olmayacak, g\u00f6receksin bak. Elini kolunu sallayarak d\u0131\u015far\u0131 \u00e7\u0131kacaks\u0131n.&#8217; U\u00e7ak havaalan\u0131na yakla\u015f\u0131rken M\u00fcjdat (Gezen) beni yat\u0131\u015ft\u0131rmaya \u00e7al\u0131\u015f\u0131yordu. Onu duymuyor gibiydim. Tutuklanacak olursam onun neler<span class=\"excerpt-hellip\"> [\u2026]<\/span><\/p>\n","protected":false},"featured_media":0,"template":"","meta":{"_monsterinsights_skip_tracking":false,"_monsterinsights_sitenote_active":false,"_monsterinsights_sitenote_note":"","_monsterinsights_sitenote_category":0},"product_brand":[],"product_cat":[13701,12291],"product_tag":[],"class_list":{"0":"post-700932","1":"product","2":"type-product","3":"status-publish","5":"product_cat-ani-mektup-gunluk","6":"product_cat-edebiyat","7":"pa_cilt-ciltsiz","8":"pa_tur-kitap","9":"pa_yayinevi-can-yayinlari","10":"pa_yazar-tarik-akan","12":"first","13":"instock","14":"sale","15":"shipping-taxable","16":"purchasable","17":"product-type-simple"},"_links":{"self":[{"href":"https:\/\/roveyayinevi.com.tr\/index.php\/wp-json\/wp\/v2\/product\/700932","targetHints":{"allow":["GET"]}}],"collection":[{"href":"https:\/\/roveyayinevi.com.tr\/index.php\/wp-json\/wp\/v2\/product"}],"about":[{"href":"https:\/\/roveyayinevi.com.tr\/index.php\/wp-json\/wp\/v2\/types\/product"}],"wp:attachment":[{"href":"https:\/\/roveyayinevi.com.tr\/index.php\/wp-json\/wp\/v2\/media?parent=700932"}],"wp:term":[{"taxonomy":"product_brand","embeddable":true,"href":"https:\/\/roveyayinevi.com.tr\/index.php\/wp-json\/wp\/v2\/product_brand?post=700932"},{"taxonomy":"product_cat","embeddable":true,"href":"https:\/\/roveyayinevi.com.tr\/index.php\/wp-json\/wp\/v2\/product_cat?post=700932"},{"taxonomy":"product_tag","embeddable":true,"href":"https:\/\/roveyayinevi.com.tr\/index.php\/wp-json\/wp\/v2\/product_tag?post=700932"}],"curies":[{"name":"wp","href":"https:\/\/api.w.org\/{rel}","templated":true}]}}