{"id":700928,"date":"2025-08-27T15:03:36","date_gmt":"2025-08-27T12:03:36","guid":{"rendered":"https:\/\/roveyayinevi.com.tr\/index.php\/urun\/akil-cagi-ozgurluk-yollari-1\/"},"modified":"2026-04-16T02:10:07","modified_gmt":"2026-04-15T23:10:07","slug":"akil-cagi-ozgurluk-yollari-1","status":"publish","type":"product","link":"https:\/\/roveyayinevi.com.tr\/index.php\/urun\/akil-cagi-ozgurluk-yollari-1\/","title":{"rendered":"Ak\u0131l \u00c7a\u011f\u0131 &#8211; \u00d6zg\u00fcrl\u00fck Yollar\u0131 1"},"content":{"rendered":"<p>\u0130kinci D\u00fcnya Sava\u015f\u0131 sonunda Fransa&#8217;ya renk ve b\u00fct\u00fcn d\u00fcnyaya ses veren &#8220;Jean-Paul Sartre&#8221;\u0131n (1905-1980) ya\u015fam\u00f6yk\u00fcs\u00fcn\u00fcn, pe\u015f pe\u015fe s\u0131ralanm\u0131\u015f bir reddedi\u015fler b\u00fct\u00fcn\u00fc oldu\u011fu ileri s\u00fcr\u00fclebilir. Tanr\u0131y\u0131, kurulu d\u00fczenlerin t\u00fcm\u00fcn\u00fc, bu arada aileyi, klasik anlam\u0131yla edebiyat\u00e7\u0131y\u0131, filozofu, eylem adam\u0131n\u0131, say\u0131s\u0131z dostluklar\u0131, partileri, kal\u0131pla\u015fm\u0131\u015f d\u00fc\u015f\u00fcnceleri reddetti\u011fi gibi,1964 y\u0131l\u0131nda lay\u0131k g\u00f6r\u00fcld\u00fc\u011f\u00fc Nobel Edebiyat \u00d6d\u00fcl\u00fcn\u00fc de reddetmi\u015ftir. Sartre&#8217;\u0131n, edebiyat alan\u0131nda kaleme ald\u0131\u011f\u0131 yap\u0131tlar\u0131 aras\u0131nda \u00f6nemli bir yeri olan &#8220;\u00d6zg\u00fcrl\u00fc\u011f\u00fcn Yollar\u0131&#8221; ba\u015fl\u0131kl\u0131 dizi roman\u0131 \u00fc\u00e7 kitaptan olu\u015fuyor: &#8220;Ak\u0131l \u00c7a\u011f\u0131&#8221;, &#8220;Ya\u015fanmayan Zaman ve Y\u0131k\u0131l\u0131\u015f&#8221;. T\u00fcm\u00fc 1945-1949 y\u0131llar\u0131 aras\u0131nda yay\u0131mlanan bu \u00fc\u00e7 roman\u0131n 1945 y\u0131l\u0131nda yay\u0131mlanan ilk ikisi, anlaml\u0131 farkl\u0131l\u0131klar\u0131yla \u0130kinci D\u00fcnya Sava\u015f\u0131&#8217;n\u0131n yol a\u00e7t\u0131\u011f\u0131 alt\u00fcst olu\u015fu sergiler. Dizinin ilk kitab\u0131 olan ve 1941&#8217;de bitirilen &#8220;Ak\u0131l \u00c7a\u011f\u0131&#8221;nda, 1937-1938 y\u0131llar\u0131n\u0131n aldat\u0131c\u0131 iyimserli\u011fi i\u00e7inde, iki g\u00fcn s\u00fcresince kendilerini arayan ve kendilerinden ka\u00e7an, \u00e7ok i\u00e7e d\u00f6n\u00fck birka\u00e7 ki\u015fisel ya\u015fam\u0131n s\u0131n\u0131rl\u0131 \u00e7er\u00e7evesi i\u00e7inde s\u00fcregiden aray\u0131\u015flar anlat\u0131l\u0131r. &#8220;\u00d6zg\u00fcrl\u00fc\u011f\u00fcn Yollar\u0131&#8221; dizisinin kalan iki kitab\u0131n\u0131, &#8220;Ya\u015fanmayan Zaman&#8221; ve &#8220;Y\u0131k\u0131l\u0131\u015f&#8221;\u0131 da pek yak\u0131nda Can Yay\u0131nlar\u0131 aras\u0131nda bulacaks\u0131n\u0131z. <\/p>\n","protected":false},"excerpt":{"rendered":"<p>\u0130kinci D\u00fcnya Sava\u015f\u0131 sonunda Fransa&#8217;ya renk ve b\u00fct\u00fcn d\u00fcnyaya ses veren &#8220;Jean-Paul Sartre&#8221;\u0131n (1905-1980) ya\u015fam\u00f6yk\u00fcs\u00fcn\u00fcn, pe\u015f pe\u015fe s\u0131ralanm\u0131\u015f bir reddedi\u015fler b\u00fct\u00fcn\u00fc oldu\u011fu ileri s\u00fcr\u00fclebilir. Tanr\u0131y\u0131, kurulu<span class=\"excerpt-hellip\"> [\u2026]<\/span><\/p>\n","protected":false},"featured_media":0,"template":"","meta":{"_monsterinsights_skip_tracking":false,"_monsterinsights_sitenote_active":false,"_monsterinsights_sitenote_note":"","_monsterinsights_sitenote_category":0},"product_brand":[],"product_cat":[12291,13376],"product_tag":[],"class_list":{"0":"post-700928","1":"product","2":"type-product","3":"status-publish","5":"product_cat-edebiyat","6":"product_cat-fransiz-edebiyati","7":"pa_cilt-ciltsiz","8":"pa_tur-kitap","9":"pa_yayinevi-can-yayinlari","10":"pa_yazar-jean-paul-sartre","12":"first","13":"instock","14":"sale","15":"shipping-taxable","16":"purchasable","17":"product-type-simple"},"_links":{"self":[{"href":"https:\/\/roveyayinevi.com.tr\/index.php\/wp-json\/wp\/v2\/product\/700928","targetHints":{"allow":["GET"]}}],"collection":[{"href":"https:\/\/roveyayinevi.com.tr\/index.php\/wp-json\/wp\/v2\/product"}],"about":[{"href":"https:\/\/roveyayinevi.com.tr\/index.php\/wp-json\/wp\/v2\/types\/product"}],"wp:attachment":[{"href":"https:\/\/roveyayinevi.com.tr\/index.php\/wp-json\/wp\/v2\/media?parent=700928"}],"wp:term":[{"taxonomy":"product_brand","embeddable":true,"href":"https:\/\/roveyayinevi.com.tr\/index.php\/wp-json\/wp\/v2\/product_brand?post=700928"},{"taxonomy":"product_cat","embeddable":true,"href":"https:\/\/roveyayinevi.com.tr\/index.php\/wp-json\/wp\/v2\/product_cat?post=700928"},{"taxonomy":"product_tag","embeddable":true,"href":"https:\/\/roveyayinevi.com.tr\/index.php\/wp-json\/wp\/v2\/product_tag?post=700928"}],"curies":[{"name":"wp","href":"https:\/\/api.w.org\/{rel}","templated":true}]}}