{"id":700927,"date":"2025-08-27T15:03:36","date_gmt":"2025-08-27T12:03:36","guid":{"rendered":"https:\/\/roveyayinevi.com.tr\/index.php\/urun\/egitim-psikolojisi-gelisim-ve-ogrenme\/"},"modified":"2026-04-16T02:10:07","modified_gmt":"2026-04-15T23:10:07","slug":"egitim-psikolojisi-gelisim-ve-ogrenme","status":"publish","type":"product","link":"https:\/\/roveyayinevi.com.tr\/index.php\/urun\/egitim-psikolojisi-gelisim-ve-ogrenme\/","title":{"rendered":"E\u011fitim Psikolojisi Geli\u015fim ve \u00d6\u011frenme"},"content":{"rendered":"<p>Bu kitap, E\u011fitim Fak\u00fcltelerinde okutulan E\u011fitim Psikolojisi, Geli\u015fim ve \u00d6\u011frenme dersleri i\u00e7in ders, Geli\u015fim Psikolojisi dersi i\u00e7in ise bir kaynak kitap olarak haz\u0131rlanm\u0131\u015ft\u0131r. E\u011fitim Psikolojisi alan\u0131ndaki son geli\u015fmeler g\u00f6z \u00f6n\u00fcnde bulundurularak haz\u0131rlanan kitab\u0131n; E\u011fitim Psikolojisi ve \u00d6\u011fretmen, \u0130nsan Geli\u015fimi, \u00d6\u011frenme ve \u00d6\u011fretme, S\u0131n\u0131f Y\u00f6netimi olmak \u00fczere d\u00f6rt temel b\u00f6l\u00fcm\u00fc bulunmaktad\u0131r. Kitab\u0131n geli\u015ftirilmi\u015f yeni bask\u0131s\u0131nda \u0130nsan Geli\u015fimi b\u00f6l\u00fcm\u00fc yeniden ele al\u0131narak, kapsam\u0131 geli\u015ftirilmi\u015ftir. Kitab\u0131n \u0130nsan Geli\u015fimi B\u00f6l\u00fcm\u00fc ile ilgili \u00fcniteleri Do\u00e7. Dr. Yasemin Akman, \u00d6\u011frenme ve \u00d6\u011fretme b\u00f6l\u00fcmleri ise Prof. Dr. M\u00fcnire Erden taraf\u0131ndan yaz\u0131lm\u0131\u015ft\u0131r. Kitab\u0131n her iki yazar\u0131 da ayn\u0131 zamanda kitab\u0131n t\u00fcm sorumlulu\u011funu ta\u015f\u0131maktad\u0131rlar. (\u00d6ns\u00f6z\u00b4den)<\/p>\n","protected":false},"excerpt":{"rendered":"<p>Bu kitap, E\u011fitim Fak\u00fcltelerinde okutulan E\u011fitim Psikolojisi, Geli\u015fim ve \u00d6\u011frenme dersleri i\u00e7in ders, Geli\u015fim Psikolojisi dersi i\u00e7in ise bir kaynak kitap olarak haz\u0131rlanm\u0131\u015ft\u0131r. E\u011fitim Psikolojisi alan\u0131ndaki<span class=\"excerpt-hellip\"> [\u2026]<\/span><\/p>\n","protected":false},"featured_media":0,"template":"","meta":{"_monsterinsights_skip_tracking":false,"_monsterinsights_sitenote_active":false,"_monsterinsights_sitenote_note":"","_monsterinsights_sitenote_category":0},"product_brand":[],"product_cat":[12573,12566],"product_tag":[],"class_list":{"0":"post-700927","1":"product","2":"type-product","3":"status-publish","5":"product_cat-akademik-kitaplar","6":"product_cat-egitim","7":"pa_cilt-ciltsiz","8":"pa_tur-kitap","9":"pa_yayinevi-arkadas-yayinlari-ders-kitaplari","10":"pa_yazar-yasemin-akman","12":"first","13":"instock","14":"sale","15":"shipping-taxable","16":"purchasable","17":"product-type-simple"},"_links":{"self":[{"href":"https:\/\/roveyayinevi.com.tr\/index.php\/wp-json\/wp\/v2\/product\/700927","targetHints":{"allow":["GET"]}}],"collection":[{"href":"https:\/\/roveyayinevi.com.tr\/index.php\/wp-json\/wp\/v2\/product"}],"about":[{"href":"https:\/\/roveyayinevi.com.tr\/index.php\/wp-json\/wp\/v2\/types\/product"}],"wp:attachment":[{"href":"https:\/\/roveyayinevi.com.tr\/index.php\/wp-json\/wp\/v2\/media?parent=700927"}],"wp:term":[{"taxonomy":"product_brand","embeddable":true,"href":"https:\/\/roveyayinevi.com.tr\/index.php\/wp-json\/wp\/v2\/product_brand?post=700927"},{"taxonomy":"product_cat","embeddable":true,"href":"https:\/\/roveyayinevi.com.tr\/index.php\/wp-json\/wp\/v2\/product_cat?post=700927"},{"taxonomy":"product_tag","embeddable":true,"href":"https:\/\/roveyayinevi.com.tr\/index.php\/wp-json\/wp\/v2\/product_tag?post=700927"}],"curies":[{"name":"wp","href":"https:\/\/api.w.org\/{rel}","templated":true}]}}