{"id":700926,"date":"2025-08-27T15:03:36","date_gmt":"2025-08-27T12:03:36","guid":{"rendered":"https:\/\/roveyayinevi.com.tr\/index.php\/urun\/cagdas-turkce-sozluk-ciltli\/"},"modified":"2026-04-16T02:10:07","modified_gmt":"2026-04-15T23:10:07","slug":"cagdas-turkce-sozluk-ciltli","status":"publish","type":"product","link":"https:\/\/roveyayinevi.com.tr\/index.php\/urun\/cagdas-turkce-sozluk-ciltli\/","title":{"rendered":"\u00c7a\u011fda\u015f T\u00fcrk\u00e7e S\u00f6zl\u00fck (Ciltli)"},"content":{"rendered":"<p>S\u00f6zc\u00fckler, bir dilin birbirinden de\u011ferli m\u00fccevher ta\u015flar\u0131d\u0131r. Onlar\u0131, de\u011ferlerini ay\u0131rt etmeksizin bir araya getirdi\u011finizde g\u00f6rkemli bir hazine ortaya \u00e7\u0131kar: Dil hazinesi. Arkada\u015f Yay\u0131nlar\u0131, T\u00fcrk\u00e7enin s\u00f6z varl\u0131\u011f\u0131n\u0131 ustal\u0131kla i\u015fleyerek, ard\u0131nda birbirinden de\u011ferli yap\u0131tlar b\u0131rakan Ali P\u00fcsk\u00fcll\u00fco\u011flu&#8217;nun s\u00f6zl\u00fck\u00e7\u00fcl\u00fck gelene\u011fini &#8220;Dil Hazinesi Dizisi&#8221; ile s\u00fcrd\u00fcrerek, gelecek ku\u015faklara aktar\u0131lmas\u0131n\u0131 sa\u011fl\u0131yor.Hi\u00e7bir s\u00f6zl\u00fck tek ba\u015f\u0131na gereksinimleri kar\u015f\u0131layamaz, s\u00f6zl\u00fckler birbirlerine yard\u0131mc\u0131d\u0131r. Bunun i\u00e7indir ki, her s\u00f6zl\u00fck, kitapl\u0131klarda \u00f6teki s\u00f6zl\u00fcklerin yan\u0131nda yer al\u0131r. Bir s\u00f6zc\u00fc\u011f\u00fc, bir kavram\u0131 ara\u015ft\u0131rmam\u0131zda, her biri ayr\u0131 y\u00f6nden \u0131\u015f\u0131k tutar bize. \u00c7a\u011fda\u015f T\u00fcrk\u00e7e S\u00f6zl\u00fck, \u00e7a\u011fda\u015f bir anlay\u0131\u015fla haz\u0131rlanm\u0131\u015ft\u0131r; k\u00fc\u00e7\u00fck ama kullan\u0131\u015fl\u0131 bir s\u00f6zl\u00fckt\u00fcr. S\u00f6zc\u00fckleri, kavramlar\u0131 a\u00e7\u0131k, anla\u015f\u0131l\u0131r bir bi\u00e7imde verme \u00e7abas\u0131yla her zaman el alt\u0131nda bulundurulacak, ba\u015fvurulacak bir kaynak olacak.<\/p>\n","protected":false},"excerpt":{"rendered":"<p>S\u00f6zc\u00fckler, bir dilin birbirinden de\u011ferli m\u00fccevher ta\u015flar\u0131d\u0131r. Onlar\u0131, de\u011ferlerini ay\u0131rt etmeksizin bir araya getirdi\u011finizde g\u00f6rkemli bir hazine ortaya \u00e7\u0131kar: Dil hazinesi. Arkada\u015f Yay\u0131nlar\u0131, T\u00fcrk\u00e7enin s\u00f6z varl\u0131\u011f\u0131n\u0131<span class=\"excerpt-hellip\"> [\u2026]<\/span><\/p>\n","protected":false},"featured_media":0,"template":"","meta":{"_monsterinsights_skip_tracking":false,"_monsterinsights_sitenote_active":false,"_monsterinsights_sitenote_note":"","_monsterinsights_sitenote_category":0},"product_brand":[],"product_cat":[12566,13611,19496],"product_tag":[],"class_list":{"0":"post-700926","1":"product","2":"type-product","3":"status-publish","5":"product_cat-egitim","6":"product_cat-sozlukler-ve-konusma-kilavuzlari","7":"product_cat-turkce-sozlukler","8":"pa_cilt-ciltli","9":"pa_tur-kitap","10":"pa_yayinevi-arkadas-yayinlari","11":"pa_yazar-ali-puskulluoglu","13":"first","14":"instock","15":"sale","16":"shipping-taxable","17":"purchasable","18":"product-type-simple"},"_links":{"self":[{"href":"https:\/\/roveyayinevi.com.tr\/index.php\/wp-json\/wp\/v2\/product\/700926","targetHints":{"allow":["GET"]}}],"collection":[{"href":"https:\/\/roveyayinevi.com.tr\/index.php\/wp-json\/wp\/v2\/product"}],"about":[{"href":"https:\/\/roveyayinevi.com.tr\/index.php\/wp-json\/wp\/v2\/types\/product"}],"wp:attachment":[{"href":"https:\/\/roveyayinevi.com.tr\/index.php\/wp-json\/wp\/v2\/media?parent=700926"}],"wp:term":[{"taxonomy":"product_brand","embeddable":true,"href":"https:\/\/roveyayinevi.com.tr\/index.php\/wp-json\/wp\/v2\/product_brand?post=700926"},{"taxonomy":"product_cat","embeddable":true,"href":"https:\/\/roveyayinevi.com.tr\/index.php\/wp-json\/wp\/v2\/product_cat?post=700926"},{"taxonomy":"product_tag","embeddable":true,"href":"https:\/\/roveyayinevi.com.tr\/index.php\/wp-json\/wp\/v2\/product_tag?post=700926"}],"curies":[{"name":"wp","href":"https:\/\/api.w.org\/{rel}","templated":true}]}}