{"id":700925,"date":"2025-08-27T15:03:36","date_gmt":"2025-08-27T12:03:36","guid":{"rendered":"https:\/\/roveyayinevi.com.tr\/index.php\/urun\/desperonun-oykusu\/"},"modified":"2026-04-16T02:10:07","modified_gmt":"2026-04-15T23:10:07","slug":"desperonun-oykusu","status":"publish","type":"product","link":"https:\/\/roveyayinevi.com.tr\/index.php\/urun\/desperonun-oykusu\/","title":{"rendered":"Despero\u2019nun \u00d6yk\u00fcs\u00fc"},"content":{"rendered":"<p>Sevgi. \u00dcz\u00fcnt\u00fc. Umut. Payla\u015f\u0131m. Affetme. Ser\u00fcven&#8230; \u00d6yk\u00fcm\u00fcz bir kalenin duvarlar\u0131 aras\u0131nda, bir farenin do\u011fumuyla ba\u015fl\u0131yor. B\u00fcy\u00fck hayalleri olan; \u00f6yk\u00fclere, m\u00fczi\u011fe ve Prenses Pea\u2019ya a\u015f\u0131k bir farenin, Deparo Tilling\u2019in \u00f6yk\u00fcs\u00fcn\u00fc okuyacaks\u0131n\u0131z. Karanl\u0131klarda ya\u015fayan ve \u0131\u015f\u0131klarla dolu d\u00fcnyaya imrenen s\u0131\u00e7an Roskuro ve ger\u00e7ekle\u015fmesi imkans\u0131z bir arzusu olan hizmet\u00e7i k\u0131z Miggery Sow da \u00f6yk\u00fcm\u00fcz\u00fcn di\u011fer kahramanlar\u0131. Ayn\u0131 kalede ya\u015fayan bu \u00fc\u00e7 kahraman\u0131m\u0131z\u0131n kalenin korkun\u00e7 zindan\u0131na d\u00fc\u015f\u00fc\u015flerini ve Fare Deparo\u2019nun ba\u015f\u0131ndan ge\u00e7en di\u011fer ser\u00fcvenleri okurken, minicik bir farenin nas\u0131l cesur bir \u015f\u00f6valyeye d\u00f6n\u00fc\u015febilece\u011fine tan\u0131k olacaks\u0131n\u0131z. <\/p>\n","protected":false},"excerpt":{"rendered":"<p>Sevgi. \u00dcz\u00fcnt\u00fc. Umut. Payla\u015f\u0131m. Affetme. Ser\u00fcven&#8230; \u00d6yk\u00fcm\u00fcz bir kalenin duvarlar\u0131 aras\u0131nda, bir farenin do\u011fumuyla ba\u015fl\u0131yor. B\u00fcy\u00fck hayalleri olan; \u00f6yk\u00fclere, m\u00fczi\u011fe ve Prenses Pea\u2019ya a\u015f\u0131k bir farenin,<span class=\"excerpt-hellip\"> [\u2026]<\/span><\/p>\n","protected":false},"featured_media":0,"template":"","meta":{"_monsterinsights_skip_tracking":false,"_monsterinsights_sitenote_active":false,"_monsterinsights_sitenote_note":"","_monsterinsights_sitenote_category":0},"product_brand":[],"product_cat":[12274,12284],"product_tag":[],"class_list":{"0":"post-700925","1":"product","2":"type-product","3":"status-publish","5":"product_cat-cocuk-ve-genclik-kitaplari","6":"product_cat-hikayeler","7":"pa_cilt-ciltsiz","8":"pa_tur-kitap","9":"pa_yayinevi-arkadas-yayinlari","10":"pa_yazar-kate-dicamillo","12":"first","13":"instock","14":"sale","15":"shipping-taxable","16":"purchasable","17":"product-type-simple"},"_links":{"self":[{"href":"https:\/\/roveyayinevi.com.tr\/index.php\/wp-json\/wp\/v2\/product\/700925","targetHints":{"allow":["GET"]}}],"collection":[{"href":"https:\/\/roveyayinevi.com.tr\/index.php\/wp-json\/wp\/v2\/product"}],"about":[{"href":"https:\/\/roveyayinevi.com.tr\/index.php\/wp-json\/wp\/v2\/types\/product"}],"wp:attachment":[{"href":"https:\/\/roveyayinevi.com.tr\/index.php\/wp-json\/wp\/v2\/media?parent=700925"}],"wp:term":[{"taxonomy":"product_brand","embeddable":true,"href":"https:\/\/roveyayinevi.com.tr\/index.php\/wp-json\/wp\/v2\/product_brand?post=700925"},{"taxonomy":"product_cat","embeddable":true,"href":"https:\/\/roveyayinevi.com.tr\/index.php\/wp-json\/wp\/v2\/product_cat?post=700925"},{"taxonomy":"product_tag","embeddable":true,"href":"https:\/\/roveyayinevi.com.tr\/index.php\/wp-json\/wp\/v2\/product_tag?post=700925"}],"curies":[{"name":"wp","href":"https:\/\/api.w.org\/{rel}","templated":true}]}}