{"id":700924,"date":"2025-08-27T15:03:35","date_gmt":"2025-08-27T12:03:35","guid":{"rendered":"https:\/\/roveyayinevi.com.tr\/index.php\/urun\/cocuk-bilmeceleri\/"},"modified":"2026-04-16T02:10:07","modified_gmt":"2026-04-15T23:10:07","slug":"cocuk-bilmeceleri","status":"publish","type":"product","link":"https:\/\/roveyayinevi.com.tr\/index.php\/urun\/cocuk-bilmeceleri\/","title":{"rendered":"\u00c7ocuk Bilmeceleri"},"content":{"rendered":"<p>&#8211; Kediler hangi bal\u0131\u011f\u0131 yemekter korkarlar?- Adam\u0131n biri, g\u00fcne\u015fin do\u011fdu\u011fu yer olan do\u011fuya d\u00f6n\u00fckse, adam\u0131n arkas\u0131 ne olur?- \u0130nek ni\u00e7in kuyru\u011funu sallar?- En son hangi di\u015fler \u00e7\u0131kar?- \u0130nsan\u0131 en fazla hangi renk g\u00f6z g\u00fcld\u00fcr\u00fcr?- Fatih Sultan Mehmet, 18 ya\u015f\u0131n\u0131 bitirdikten sonra ne yapm\u0131\u015ft\u0131r?<\/p>\n","protected":false},"excerpt":{"rendered":"<p>&#8211; Kediler hangi bal\u0131\u011f\u0131 yemekter korkarlar?- Adam\u0131n biri, g\u00fcne\u015fin do\u011fdu\u011fu yer olan do\u011fuya d\u00f6n\u00fckse, adam\u0131n arkas\u0131 ne olur?- \u0130nek ni\u00e7in kuyru\u011funu sallar?- En son hangi di\u015fler<span class=\"excerpt-hellip\"> [\u2026]<\/span><\/p>\n","protected":false},"featured_media":0,"template":"","meta":{"_monsterinsights_skip_tracking":false,"_monsterinsights_sitenote_active":false,"_monsterinsights_sitenote_note":"","_monsterinsights_sitenote_category":0},"product_brand":[],"product_cat":[16943,15563],"product_tag":[],"class_list":{"0":"post-700924","1":"product","2":"type-product","3":"status-publish","5":"product_cat-bilmeceler-bulmacalar","6":"product_cat-hobi","7":"pa_cilt-ciltsiz","8":"pa_tur-kitap","9":"pa_yayinevi-arkadas-yayinlari","10":"pa_yazar-adnan-ersan","12":"first","13":"instock","14":"sale","15":"shipping-taxable","16":"purchasable","17":"product-type-simple"},"_links":{"self":[{"href":"https:\/\/roveyayinevi.com.tr\/index.php\/wp-json\/wp\/v2\/product\/700924","targetHints":{"allow":["GET"]}}],"collection":[{"href":"https:\/\/roveyayinevi.com.tr\/index.php\/wp-json\/wp\/v2\/product"}],"about":[{"href":"https:\/\/roveyayinevi.com.tr\/index.php\/wp-json\/wp\/v2\/types\/product"}],"wp:attachment":[{"href":"https:\/\/roveyayinevi.com.tr\/index.php\/wp-json\/wp\/v2\/media?parent=700924"}],"wp:term":[{"taxonomy":"product_brand","embeddable":true,"href":"https:\/\/roveyayinevi.com.tr\/index.php\/wp-json\/wp\/v2\/product_brand?post=700924"},{"taxonomy":"product_cat","embeddable":true,"href":"https:\/\/roveyayinevi.com.tr\/index.php\/wp-json\/wp\/v2\/product_cat?post=700924"},{"taxonomy":"product_tag","embeddable":true,"href":"https:\/\/roveyayinevi.com.tr\/index.php\/wp-json\/wp\/v2\/product_tag?post=700924"}],"curies":[{"name":"wp","href":"https:\/\/api.w.org\/{rel}","templated":true}]}}