{"id":700921,"date":"2025-08-27T15:03:34","date_gmt":"2025-08-27T12:03:34","guid":{"rendered":"https:\/\/roveyayinevi.com.tr\/index.php\/urun\/gulusun-ve-unutusun-kitabi\/"},"modified":"2026-04-16T02:10:07","modified_gmt":"2026-04-15T23:10:07","slug":"gulusun-ve-unutusun-kitabi","status":"publish","type":"product","link":"https:\/\/roveyayinevi.com.tr\/index.php\/urun\/gulusun-ve-unutusun-kitabi\/","title":{"rendered":"G\u00fcl\u00fc\u015f\u00fcn ve Unutu\u015fun Kitab\u0131"},"content":{"rendered":"<p>G\u00fcl\u00fc\u015f\u00fcn ve Unutu\u015fun Kitab\u0131, \u00fcnl\u00fc \u00c7ek yazar\u0131 Milan Kundera&#8217;n\u0131n Fransa&#8217;ya g\u00f6\u00e7t\u00fckten sonra orada yazd\u0131\u011f\u0131 ilk roman. Bir kahvede servis yapan g\u00fczel g\u00f6\u00e7men k\u0131z\u0131 Tamina, hi\u00e7bir \u015feyin, hi\u00e7 kimsenin yerini tutamayaca\u011f\u0131 \u00f6lm\u00fc\u015f kocas\u0131n\u0131n an\u0131s\u0131n\u0131n giderek bulan\u0131kla\u015fmas\u0131na kar\u015f\u0131 umutsuz bir sava\u015f veriyor. Onun \u00f6yk\u00fcs\u00fc, bu kitab\u0131n iki temel ger\u00e7e\u011fini yans\u0131t\u0131yor: \u00c7ekoslovakya&#8217;da ya\u015fanan trajik deney (yani \u00fcnl\u00fc Prag Bahari, ard\u0131ndan Sovyet i\u015fgali) ve Bat\u0131&#8217;daki ya\u015fam. Kundera, Ku\u015fkulu bir bak\u0131\u015fla dola\u015f\u0131r bu ger\u00e7ekler \u00fczerinde. Kitab\u0131n, birbirinden ba\u011f\u0131ms\u0131z g\u00f6r\u00fcnen yedi b\u00f6l\u00fcm\u00fc, bir yolculu\u011fun a\u015famalar\u0131 gibi birbirini izliyor. Ayn\u0131 durumlar, ayn\u0131 sorular, m\u00fczikteki Kre\u015fendo gibi bir tek g\u00f6r\u00fcnt\u00fcde birle\u015fiyorlar. Mizah, yo\u011fun bir h\u00fcz\u00fcnle birlikte geli\u015fiyor. Her an g\u00fcl\u00fcn\u00e7 bir pantomime d\u00f6n\u00fc\u015febilecek erotizmin incinebilirli\u011fi ve bunun getirdi\u011fi \u015fa\u015fk\u0131nl\u0131k. Ve sonuna do\u011fru bir ko\u015fuya d\u00f6n\u00fc\u015fen tarih; unutu\u015fun tanr\u0131lar\u0131na adanm\u0131\u015f, yazar\u0131n ve \u00fclkesinin kaderi konusunda d\u00fc\u015f\u00fcnceler, d\u00fc\u015f\u00fcnceler. \ufffc<\/p>\n","protected":false},"excerpt":{"rendered":"<p>G\u00fcl\u00fc\u015f\u00fcn ve Unutu\u015fun Kitab\u0131, \u00fcnl\u00fc \u00c7ek yazar\u0131 Milan Kundera&#8217;n\u0131n Fransa&#8217;ya g\u00f6\u00e7t\u00fckten sonra orada yazd\u0131\u011f\u0131 ilk roman. Bir kahvede servis yapan g\u00fczel g\u00f6\u00e7men k\u0131z\u0131 Tamina, hi\u00e7bir \u015feyin,<span class=\"excerpt-hellip\"> [\u2026]<\/span><\/p>\n","protected":false},"featured_media":0,"template":"","meta":{"_monsterinsights_skip_tracking":false,"_monsterinsights_sitenote_active":false,"_monsterinsights_sitenote_note":"","_monsterinsights_sitenote_category":0},"product_brand":[],"product_cat":[12291,13376],"product_tag":[],"class_list":{"0":"post-700921","1":"product","2":"type-product","3":"status-publish","5":"product_cat-edebiyat","6":"product_cat-fransiz-edebiyati","7":"pa_cilt-ciltsiz","8":"pa_tur-kitap","9":"pa_yayinevi-can-yayinlari","10":"pa_yazar-milan-kundera","12":"first","13":"instock","14":"sale","15":"shipping-taxable","16":"purchasable","17":"product-type-simple"},"_links":{"self":[{"href":"https:\/\/roveyayinevi.com.tr\/index.php\/wp-json\/wp\/v2\/product\/700921","targetHints":{"allow":["GET"]}}],"collection":[{"href":"https:\/\/roveyayinevi.com.tr\/index.php\/wp-json\/wp\/v2\/product"}],"about":[{"href":"https:\/\/roveyayinevi.com.tr\/index.php\/wp-json\/wp\/v2\/types\/product"}],"wp:attachment":[{"href":"https:\/\/roveyayinevi.com.tr\/index.php\/wp-json\/wp\/v2\/media?parent=700921"}],"wp:term":[{"taxonomy":"product_brand","embeddable":true,"href":"https:\/\/roveyayinevi.com.tr\/index.php\/wp-json\/wp\/v2\/product_brand?post=700921"},{"taxonomy":"product_cat","embeddable":true,"href":"https:\/\/roveyayinevi.com.tr\/index.php\/wp-json\/wp\/v2\/product_cat?post=700921"},{"taxonomy":"product_tag","embeddable":true,"href":"https:\/\/roveyayinevi.com.tr\/index.php\/wp-json\/wp\/v2\/product_tag?post=700921"}],"curies":[{"name":"wp","href":"https:\/\/api.w.org\/{rel}","templated":true}]}}