{"id":700920,"date":"2025-08-27T15:03:34","date_gmt":"2025-08-27T12:03:34","guid":{"rendered":"https:\/\/roveyayinevi.com.tr\/index.php\/urun\/candan-salatalar-hem-saglik-hem-lezzet\/"},"modified":"2026-04-16T02:10:07","modified_gmt":"2026-04-15T23:10:07","slug":"candan-salatalar-hem-saglik-hem-lezzet","status":"publish","type":"product","link":"https:\/\/roveyayinevi.com.tr\/index.php\/urun\/candan-salatalar-hem-saglik-hem-lezzet\/","title":{"rendered":"Can\u2019dan Salatalar \u2013 Hem Sa\u011fl\u0131k Hem Lezzet"},"content":{"rendered":"<p>Can\u2019dan Salatalar, ya sa\u011fl\u0131k ya da lezzet ikilemine son verecek bir kitap.. Bu yanl\u0131\u015f anlay\u0131\u015fa g\u00f6re sa\u011fl\u0131kl\u0131 beslenme se\u00e7imi lezzetten yoksun bir beslenme anlam\u0131 ta\u015f\u0131maktad\u0131r. Bunun yan\u0131 s\u0131ra kimi zaman uygun malzemelere ra\u011fmen yanl\u0131\u015f haz\u0131rlama teknikleri, bazen de uygun olmayan malzeme kullan\u0131m\u0131 veya malzemelerin do\u011fru kullan\u0131lmamas\u0131 sa\u011fl\u0131kl\u0131 ya\u015fam\u0131n vazge\u00e7ilmez \u00f6\u011fesi olan beslenmeyi olumsuz hatta sa\u011fl\u0131k i\u00e7in tehlikeli hale getirebilmektedir. Oysa   hem sa\u011fl\u0131kl\u0131 hem de lezzetli   anlay\u0131\u015f\u0131n\u0131n ge\u00e7erli oldu\u011fu beslenme tarz\u0131, do\u011fru re\u00e7etelerle sa\u011fl\u0131k i\u00e7in en \u00f6nemli faaliyetlerden biri olarak kar\u015f\u0131m\u0131za \u00e7\u0131kmaktad\u0131r. <\/p>\n","protected":false},"excerpt":{"rendered":"<p>Can\u2019dan Salatalar, ya sa\u011fl\u0131k ya da lezzet ikilemine son verecek bir kitap.. Bu yanl\u0131\u015f anlay\u0131\u015fa g\u00f6re sa\u011fl\u0131kl\u0131 beslenme se\u00e7imi lezzetten yoksun bir beslenme anlam\u0131 ta\u015f\u0131maktad\u0131r. Bunun<span class=\"excerpt-hellip\"> [\u2026]<\/span><\/p>\n","protected":false},"featured_media":0,"template":"","meta":{"_monsterinsights_skip_tracking":false,"_monsterinsights_sitenote_active":false,"_monsterinsights_sitenote_note":"","_monsterinsights_sitenote_category":0},"product_brand":[],"product_cat":[12458,12457],"product_tag":[],"class_list":{"0":"post-700920","1":"product","2":"type-product","3":"status-publish","5":"product_cat-turk-mutfagi","6":"product_cat-yemek-kitaplari","7":"pa_cilt-ciltsiz","8":"pa_tur-kitap","9":"pa_yayinevi-arkadas-yayinlari","10":"pa_yazar-can-acikgoz","12":"first","13":"instock","14":"sale","15":"shipping-taxable","16":"purchasable","17":"product-type-simple"},"_links":{"self":[{"href":"https:\/\/roveyayinevi.com.tr\/index.php\/wp-json\/wp\/v2\/product\/700920","targetHints":{"allow":["GET"]}}],"collection":[{"href":"https:\/\/roveyayinevi.com.tr\/index.php\/wp-json\/wp\/v2\/product"}],"about":[{"href":"https:\/\/roveyayinevi.com.tr\/index.php\/wp-json\/wp\/v2\/types\/product"}],"wp:attachment":[{"href":"https:\/\/roveyayinevi.com.tr\/index.php\/wp-json\/wp\/v2\/media?parent=700920"}],"wp:term":[{"taxonomy":"product_brand","embeddable":true,"href":"https:\/\/roveyayinevi.com.tr\/index.php\/wp-json\/wp\/v2\/product_brand?post=700920"},{"taxonomy":"product_cat","embeddable":true,"href":"https:\/\/roveyayinevi.com.tr\/index.php\/wp-json\/wp\/v2\/product_cat?post=700920"},{"taxonomy":"product_tag","embeddable":true,"href":"https:\/\/roveyayinevi.com.tr\/index.php\/wp-json\/wp\/v2\/product_tag?post=700920"}],"curies":[{"name":"wp","href":"https:\/\/api.w.org\/{rel}","templated":true}]}}