{"id":700918,"date":"2025-08-27T15:03:33","date_gmt":"2025-08-27T12:03:33","guid":{"rendered":"https:\/\/roveyayinevi.com.tr\/index.php\/urun\/guvercin\/"},"modified":"2026-04-16T02:10:07","modified_gmt":"2026-04-15T23:10:07","slug":"guvercin","status":"publish","type":"product","link":"https:\/\/roveyayinevi.com.tr\/index.php\/urun\/guvercin\/","title":{"rendered":"G\u00fcvercin"},"content":{"rendered":"<p>D\u00fczenli bir ya\u015fam s\u00fcren, i\u00e7ine kapan\u0131k, s\u0131radan biri olan Jonathan Noel, y\u0131llard\u0131r bir bankan\u0131n bek\u00e7ili\u011fini yapmaktad\u0131r. B\u00fct\u00fcn i\u015fi banka m\u00fcd\u00fcr\u00fcn\u00fc kar\u015f\u0131lay\u0131p arabas\u0131n\u0131n kap\u0131s\u0131n\u0131 a\u00e7maktan ibarettir. Paris\u2019te bir \u00e7at\u0131 kat\u0131nda ya\u015famakta, ileride bu kat\u0131n sahibi olmay\u0131 hayal etmektedir. Ancak bir g\u00fcn kar\u015f\u0131s\u0131na \u00e7\u0131kan bir g\u00fcvercin, bu s\u0131radan insan\u0131n tekd\u00fcze ya\u015fam\u0131n\u0131 alt\u00fcst edecektir.   Patrick S\u00fcskind, d\u00fcnyan\u0131n en \u00e7ok satan romanlar\u0131 aras\u0131na giren Koku\u2019nun ard\u0131ndan kaleme ald\u0131\u011f\u0131 G\u00fcvercin adl\u0131 eserinde, bir \u015fehir m\u00fcnzevisinin ya\u015fam\u0131n\u0131 konu al\u0131yor. Koku\u2019da canavar ruhlu bir d\u00e2hinin fantastik d\u00fcnyas\u0131n\u0131 g\u00f6zler \u00f6n\u00fcne seren S\u00fcskind, bu kez, bir g\u00fcvercinin, son derece sakin ve tekd\u00fcze bir ya\u015fam\u0131 nas\u0131l karga\u015faya d\u00f6n\u00fc\u015ft\u00fcrd\u00fc\u011f\u00fcn\u00fc i\u015fliyor.  <\/p>\n","protected":false},"excerpt":{"rendered":"<p>D\u00fczenli bir ya\u015fam s\u00fcren, i\u00e7ine kapan\u0131k, s\u0131radan biri olan Jonathan Noel, y\u0131llard\u0131r bir bankan\u0131n bek\u00e7ili\u011fini yapmaktad\u0131r. B\u00fct\u00fcn i\u015fi banka m\u00fcd\u00fcr\u00fcn\u00fc kar\u015f\u0131lay\u0131p arabas\u0131n\u0131n kap\u0131s\u0131n\u0131 a\u00e7maktan ibarettir. Paris\u2019te<span class=\"excerpt-hellip\"> [\u2026]<\/span><\/p>\n","protected":false},"featured_media":0,"template":"","meta":{"_monsterinsights_skip_tracking":false,"_monsterinsights_sitenote_active":false,"_monsterinsights_sitenote_note":"","_monsterinsights_sitenote_category":0},"product_brand":[],"product_cat":[12782,12291],"product_tag":[],"class_list":{"0":"post-700918","1":"product","2":"type-product","3":"status-publish","5":"product_cat-alman-edebiyati","6":"product_cat-edebiyat","7":"pa_cilt-ciltsiz","8":"pa_tur-kitap","9":"pa_yayinevi-can-yayinlari","10":"pa_yazar-patrick-suskind","12":"first","13":"instock","14":"sale","15":"shipping-taxable","16":"purchasable","17":"product-type-simple"},"_links":{"self":[{"href":"https:\/\/roveyayinevi.com.tr\/index.php\/wp-json\/wp\/v2\/product\/700918","targetHints":{"allow":["GET"]}}],"collection":[{"href":"https:\/\/roveyayinevi.com.tr\/index.php\/wp-json\/wp\/v2\/product"}],"about":[{"href":"https:\/\/roveyayinevi.com.tr\/index.php\/wp-json\/wp\/v2\/types\/product"}],"wp:attachment":[{"href":"https:\/\/roveyayinevi.com.tr\/index.php\/wp-json\/wp\/v2\/media?parent=700918"}],"wp:term":[{"taxonomy":"product_brand","embeddable":true,"href":"https:\/\/roveyayinevi.com.tr\/index.php\/wp-json\/wp\/v2\/product_brand?post=700918"},{"taxonomy":"product_cat","embeddable":true,"href":"https:\/\/roveyayinevi.com.tr\/index.php\/wp-json\/wp\/v2\/product_cat?post=700918"},{"taxonomy":"product_tag","embeddable":true,"href":"https:\/\/roveyayinevi.com.tr\/index.php\/wp-json\/wp\/v2\/product_tag?post=700918"}],"curies":[{"name":"wp","href":"https:\/\/api.w.org\/{rel}","templated":true}]}}