{"id":700914,"date":"2025-08-27T15:03:32","date_gmt":"2025-08-27T12:03:32","guid":{"rendered":"https:\/\/roveyayinevi.com.tr\/index.php\/urun\/agustosta-tatil\/"},"modified":"2026-04-16T02:10:07","modified_gmt":"2026-04-15T23:10:07","slug":"agustosta-tatil","status":"publish","type":"product","link":"https:\/\/roveyayinevi.com.tr\/index.php\/urun\/agustosta-tatil\/","title":{"rendered":"A\u011fustosta Tatil"},"content":{"rendered":"<p>Cesare Pavese, \u0130kinci D\u00fcnya Sava\u015f\u0131\u2019n\u0131n ac\u0131 ko\u015fullar\u0131 i\u00e7inde yeti\u015fen \u0130talyan edebiyat\u00e7\u0131lar ku\u015fa\u011f\u0131ndan bir yazar. Okurlar\u0131m\u0131z\u0131n tan\u0131d\u0131\u011f\u0131 Can Yay\u0131nlar\u0131 aras\u0131nda \u00e7\u0131kan bir\u00e7ok kitab\u0131yla tan\u0131d\u0131\u011f\u0131 Cesare Pavese, \u00e7\u00fcr\u00fcyen de\u011ferlere, yok olan g\u00fczelliklere kar\u015f\u0131, insanlar\u0131, \u00e7o\u011fu kez k\u0131rlara, k\u00f6ylere \u00e7a\u011f\u0131r\u0131r. Oysa arad\u0131\u011f\u0131 yaln\u0131zl\u0131kt\u0131r, g\u00fcn\u00fcm\u00fcz insan\u0131n\u0131n yaln\u0131zl\u0131\u011f\u0131. A\u011fustosta Tatil, her okunu\u015fta anahtar bir kitap olma de\u011ferini yeniden hat\u0131rlatan bir yap\u0131t. Bu kitaptaki \u00f6yk\u00fcler, yaz\u0131ld\u0131\u011f\u0131 d\u00f6neme ili\u015fkin belgesel nitelik ta\u015f\u0131rken, yazar\u0131n anlat\u0131m\u0131ndaki \u015fiirselli\u011fin olu\u015fumu ve kuram\u0131 konusunda da okura \u0131\u015f\u0131k tutar. \u00d6yk\u00fclerin ge\u00e7ti\u011fi d\u00f6nemin Torino\u2019sunda b\u00fcy\u00fcyen bir \u00e7ocu\u011fun yazlar\u0131n\u0131 ba\u015fl\u0131 ba\u015f\u0131na bir \u015fenliktir. Kent, yazlar\u0131 bombo\u015f kal\u0131r, oysa k\u0131rsal alanlar c\u0131v\u0131l c\u0131v\u0131ld\u0131r. Torino\u2019lu yazar Cesare Pavese, hem kentini, hem kentinin \u00e7evresindeki k\u0131rlar\u0131, k\u00f6yleri anlat\u0131rken, do\u011fay\u0131 ve insanlar\u0131 tan\u0131mlamada g\u00f6sterdi\u011fi titizlikle okuru d\u00fcnyas\u0131na \u00e7ekiyor. \ufffcTan\u0131t\u0131m Metni<\/p>\n","protected":false},"excerpt":{"rendered":"<p>Cesare Pavese, \u0130kinci D\u00fcnya Sava\u015f\u0131\u2019n\u0131n ac\u0131 ko\u015fullar\u0131 i\u00e7inde yeti\u015fen \u0130talyan edebiyat\u00e7\u0131lar ku\u015fa\u011f\u0131ndan bir yazar. Okurlar\u0131m\u0131z\u0131n tan\u0131d\u0131\u011f\u0131 Can Yay\u0131nlar\u0131 aras\u0131nda \u00e7\u0131kan bir\u00e7ok kitab\u0131yla tan\u0131d\u0131\u011f\u0131 Cesare Pavese, \u00e7\u00fcr\u00fcyen<span class=\"excerpt-hellip\"> [\u2026]<\/span><\/p>\n","protected":false},"featured_media":0,"template":"","meta":{"_monsterinsights_skip_tracking":false,"_monsterinsights_sitenote_active":false,"_monsterinsights_sitenote_note":"","_monsterinsights_sitenote_category":0},"product_brand":[],"product_cat":[12291,14218],"product_tag":[],"class_list":{"0":"post-700914","1":"product","2":"type-product","3":"status-publish","5":"product_cat-edebiyat","6":"product_cat-italyan-edebiyati","7":"pa_cilt-ciltsiz","8":"pa_tur-kitap","9":"pa_yayinevi-can-yayinlari","10":"pa_yazar-cesare-pavese","12":"first","13":"instock","14":"sale","15":"shipping-taxable","16":"purchasable","17":"product-type-simple"},"_links":{"self":[{"href":"https:\/\/roveyayinevi.com.tr\/index.php\/wp-json\/wp\/v2\/product\/700914","targetHints":{"allow":["GET"]}}],"collection":[{"href":"https:\/\/roveyayinevi.com.tr\/index.php\/wp-json\/wp\/v2\/product"}],"about":[{"href":"https:\/\/roveyayinevi.com.tr\/index.php\/wp-json\/wp\/v2\/types\/product"}],"wp:attachment":[{"href":"https:\/\/roveyayinevi.com.tr\/index.php\/wp-json\/wp\/v2\/media?parent=700914"}],"wp:term":[{"taxonomy":"product_brand","embeddable":true,"href":"https:\/\/roveyayinevi.com.tr\/index.php\/wp-json\/wp\/v2\/product_brand?post=700914"},{"taxonomy":"product_cat","embeddable":true,"href":"https:\/\/roveyayinevi.com.tr\/index.php\/wp-json\/wp\/v2\/product_cat?post=700914"},{"taxonomy":"product_tag","embeddable":true,"href":"https:\/\/roveyayinevi.com.tr\/index.php\/wp-json\/wp\/v2\/product_tag?post=700914"}],"curies":[{"name":"wp","href":"https:\/\/api.w.org\/{rel}","templated":true}]}}