{"id":700911,"date":"2025-08-27T15:03:31","date_gmt":"2025-08-27T12:03:31","guid":{"rendered":"https:\/\/roveyayinevi.com.tr\/index.php\/urun\/yonca-kiz\/"},"modified":"2026-04-16T02:10:07","modified_gmt":"2026-04-15T23:10:07","slug":"yonca-kiz","status":"publish","type":"product","link":"https:\/\/roveyayinevi.com.tr\/index.php\/urun\/yonca-kiz\/","title":{"rendered":"Yonca K\u0131z"},"content":{"rendered":"<p>Ya\u015fam\u0131n zorluklar\u0131 kar\u015f\u0131s\u0131nda yonca K\u0131z gibi diren\u00e7li olmak gerekir. Yonca K\u0131z, Kale kasabas\u0131nda, penceresi ovaya bakan, minicik ta\u015f bir evde d\u00fcnyaya gelmi\u015f, kara sa\u00e7l\u0131, p\u0131r\u0131l p\u0131r\u0131l g\u00f6zleri, minicik a\u011fz\u0131 olan bir g\u00fczel k\u0131zd\u0131r. Annesinin ad\u0131 Gonca, Babas\u0131n\u0131n ad\u0131 Mehmet Torlak. Bir g\u00fcn babas\u0131, i\u015f aramak i\u00e7in \u0130zmir\u2019e gider, i\u015f bulunca gelip Yonca K\u0131z\u2019la annesi Gonca\u2019y\u0131 al\u0131p \u0130zmir\u2019e g\u00f6t\u00fcr\u00fcr. \u0130zmir\u2019de Yonca K\u0131z\u2019\u0131n teyzesinin kona\u011f\u0131na yerle\u015firler. Babas\u0131 kap\u0131c\u0131l\u0131k yapacak, annesi de konakta mutfak i\u015flerine bakacakt\u0131r. Baba i\u00e7in de, anne i\u00e7in de, Yonca K\u0131z i\u00e7in de \u00e7ok zorlu bir ya\u015fam ba\u015flam\u0131\u015ft\u0131r. \ufffcTan\u0131t\u0131m Metni<\/p>\n","protected":false},"excerpt":{"rendered":"<p>Ya\u015fam\u0131n zorluklar\u0131 kar\u015f\u0131s\u0131nda yonca K\u0131z gibi diren\u00e7li olmak gerekir. Yonca K\u0131z, Kale kasabas\u0131nda, penceresi ovaya bakan, minicik ta\u015f bir evde d\u00fcnyaya gelmi\u015f, kara sa\u00e7l\u0131, p\u0131r\u0131l p\u0131r\u0131l<span class=\"excerpt-hellip\"> [\u2026]<\/span><\/p>\n","protected":false},"featured_media":0,"template":"","meta":{"_monsterinsights_skip_tracking":false,"_monsterinsights_sitenote_active":false,"_monsterinsights_sitenote_note":"","_monsterinsights_sitenote_category":0},"product_brand":[],"product_cat":[12275,12274],"product_tag":[],"class_list":{"0":"post-700911","1":"product","2":"type-product","3":"status-publish","5":"product_cat-6-12-yas-kitaplari","6":"product_cat-cocuk-ve-genclik-kitaplari","7":"pa_cilt-ciltsiz","8":"pa_tur-kitap","9":"pa_yayinevi-can-cocuk-yayinlari","10":"pa_yazar-kemal-bilbasar","12":"first","13":"instock","14":"sale","15":"shipping-taxable","16":"purchasable","17":"product-type-simple"},"_links":{"self":[{"href":"https:\/\/roveyayinevi.com.tr\/index.php\/wp-json\/wp\/v2\/product\/700911","targetHints":{"allow":["GET"]}}],"collection":[{"href":"https:\/\/roveyayinevi.com.tr\/index.php\/wp-json\/wp\/v2\/product"}],"about":[{"href":"https:\/\/roveyayinevi.com.tr\/index.php\/wp-json\/wp\/v2\/types\/product"}],"wp:attachment":[{"href":"https:\/\/roveyayinevi.com.tr\/index.php\/wp-json\/wp\/v2\/media?parent=700911"}],"wp:term":[{"taxonomy":"product_brand","embeddable":true,"href":"https:\/\/roveyayinevi.com.tr\/index.php\/wp-json\/wp\/v2\/product_brand?post=700911"},{"taxonomy":"product_cat","embeddable":true,"href":"https:\/\/roveyayinevi.com.tr\/index.php\/wp-json\/wp\/v2\/product_cat?post=700911"},{"taxonomy":"product_tag","embeddable":true,"href":"https:\/\/roveyayinevi.com.tr\/index.php\/wp-json\/wp\/v2\/product_tag?post=700911"}],"curies":[{"name":"wp","href":"https:\/\/api.w.org\/{rel}","templated":true}]}}