{"id":700904,"date":"2025-08-27T15:03:29","date_gmt":"2025-08-27T12:03:29","guid":{"rendered":"https:\/\/roveyayinevi.com.tr\/index.php\/urun\/adim-gantenbein-olsun\/"},"modified":"2026-04-16T02:10:06","modified_gmt":"2026-04-15T23:10:06","slug":"adim-gantenbein-olsun","status":"publish","type":"product","link":"https:\/\/roveyayinevi.com.tr\/index.php\/urun\/adim-gantenbein-olsun\/","title":{"rendered":"Ad\u0131m Gantenbein Olsun"},"content":{"rendered":"<p>Sonra bir kez daha hayk\u0131rmak istedi\u011fini s\u00f6yledi. Bu kez \u00f6nemsediler. \u00c7\u0131\u011fl\u0131k m\u0131 atmak istiyordu? Ba\u015f\u0131yla onaylad\u0131, anla\u015f\u0131ld\u0131\u011f\u0131n\u0131 fark eden bir dilsizin co\u015fkusuyla. Neden \u00e7\u0131\u011fl\u0131k atmak istemi\u015fti? Bilmiyordu.   Bir adam bardan d\u0131\u015far\u0131 ad\u0131m atar ve k\u0131sa bir s\u00fcre sonra direksiyon ba\u015f\u0131nda \u00f6l\u00fc bulunur. Anlat\u0131c\u0131m\u0131z kulak misafiri oldu\u011fu konu\u015fmalardan edindi\u011fi bilgilerle bu adam\u0131n hik\u00e2yesini bir araya getirir ama ortaya iki farkl\u0131 hik\u00e2ye, iki farkl\u0131 versiyon ve iki farkl\u0131 kahraman \u00e7\u0131kar. Bunlardan biri Enderlin, di\u011feri Gantenbein\u2019d\u0131r.   Ad\u0131m Gantenbein Olsun, sava\u015f sonras\u0131 Alman edebiyat\u0131nda bir k\u0131r\u0131l\u0131m noktas\u0131n\u0131, \u00f6nc\u00fcllerinin as\u0131k suratl\u0131 ironisinden postmodern oyunbazl\u0131\u011fa ge\u00e7i\u015fi temsil eden romanlardan biri. Ele\u015ftirmen Heinrich Vormweg\u2019in deyi\u015fiyle \u201c\u00f6rnek niteli\u011finde bir \u00e7\u0131kmaz\u201d.   \u201cCan\u0131na tak etmi\u015f modern ayd\u0131n\u0131n \u00f6yk\u00fcs\u00fc.\u201d Merkur <\/p>\n","protected":false},"excerpt":{"rendered":"<p>Sonra bir kez daha hayk\u0131rmak istedi\u011fini s\u00f6yledi. Bu kez \u00f6nemsediler. \u00c7\u0131\u011fl\u0131k m\u0131 atmak istiyordu? Ba\u015f\u0131yla onaylad\u0131, anla\u015f\u0131ld\u0131\u011f\u0131n\u0131 fark eden bir dilsizin co\u015fkusuyla. Neden \u00e7\u0131\u011fl\u0131k atmak istemi\u015fti?<span class=\"excerpt-hellip\"> [\u2026]<\/span><\/p>\n","protected":false},"featured_media":0,"template":"","meta":{"_monsterinsights_skip_tracking":false,"_monsterinsights_sitenote_active":false,"_monsterinsights_sitenote_note":"","_monsterinsights_sitenote_category":0},"product_brand":[],"product_cat":[12782,12291],"product_tag":[],"class_list":{"0":"post-700904","1":"product","2":"type-product","3":"status-publish","5":"product_cat-alman-edebiyati","6":"product_cat-edebiyat","7":"pa_cilt-ciltsiz","8":"pa_tur-kitap","9":"pa_yayinevi-can-yayinlari","10":"pa_yazar-max-frisch","12":"first","13":"instock","14":"sale","15":"shipping-taxable","16":"purchasable","17":"product-type-simple"},"_links":{"self":[{"href":"https:\/\/roveyayinevi.com.tr\/index.php\/wp-json\/wp\/v2\/product\/700904","targetHints":{"allow":["GET"]}}],"collection":[{"href":"https:\/\/roveyayinevi.com.tr\/index.php\/wp-json\/wp\/v2\/product"}],"about":[{"href":"https:\/\/roveyayinevi.com.tr\/index.php\/wp-json\/wp\/v2\/types\/product"}],"wp:attachment":[{"href":"https:\/\/roveyayinevi.com.tr\/index.php\/wp-json\/wp\/v2\/media?parent=700904"}],"wp:term":[{"taxonomy":"product_brand","embeddable":true,"href":"https:\/\/roveyayinevi.com.tr\/index.php\/wp-json\/wp\/v2\/product_brand?post=700904"},{"taxonomy":"product_cat","embeddable":true,"href":"https:\/\/roveyayinevi.com.tr\/index.php\/wp-json\/wp\/v2\/product_cat?post=700904"},{"taxonomy":"product_tag","embeddable":true,"href":"https:\/\/roveyayinevi.com.tr\/index.php\/wp-json\/wp\/v2\/product_tag?post=700904"}],"curies":[{"name":"wp","href":"https:\/\/api.w.org\/{rel}","templated":true}]}}