{"id":700898,"date":"2025-08-27T15:03:27","date_gmt":"2025-08-27T12:03:27","guid":{"rendered":"https:\/\/roveyayinevi.com.tr\/index.php\/urun\/adadaki-ev\/"},"modified":"2026-04-16T02:10:06","modified_gmt":"2026-04-15T23:10:06","slug":"adadaki-ev","status":"publish","type":"product","link":"https:\/\/roveyayinevi.com.tr\/index.php\/urun\/adadaki-ev\/","title":{"rendered":"Ada\u2019daki Ev"},"content":{"rendered":"<p>Sevmek, kaybetmek, b\u0131rakmak&#8230; Nil\u00fcfer Kuya\u015f\u2019\u0131n ikinci roman\u0131 Ada\u2019daki Ev, ayr\u0131l\u0131\u015f travmas\u0131 \u00fczerine y\u00fcrek burkan bir hik\u00e2ye. Kuya\u015f, ilk roman\u0131 Yeni Ba\u015ftan gibi bu kitab\u0131nda da T\u00fcrkiye\u2019nin siyasi \u00e7alkant\u0131larla dolu bir d\u00f6nemine bak\u0131yor. Roman\u0131n kahraman\u0131 gen\u00e7 kad\u0131n \u00fclkesini terk etmek \u00fczeredir, son birka\u00e7 ay\u0131n\u0131 ge\u00e7irmek i\u00e7in Ada\u2019da ev kiralar. Ancak bu ev, \u00e7ok ge\u00e7meden ona gitmenin kolay olmayaca\u011f\u0131n\u0131 g\u00f6steren karanl\u0131k, korkulu bir yere d\u00f6n\u00fc\u015f\u00fcr. Ada\u2019daki Ev, b\u00fcy\u00fck, g\u00fczel ama olanaks\u0131z bir d\u00fc\u015f\u00fc g\u00f6zler \u00f6n\u00fcne seren \u00f6nemli bir yap\u0131t.  Nihayet eve girdi\u011finde ayn\u0131 his geri geldi. Ba\u015fka birisi daha vard\u0131 odada. Lambay\u0131 a\u00e7mak \u00fczere uzanm\u0131\u015ft\u0131 ki o saniye g\u00f6rd\u00fc ve ne g\u00f6rd\u00fc\u011f\u00fcn\u00fc anlamamak i\u00e7in beyni bir s\u00fcre durdu. Ger\u00e7eklikten ka\u00e7maya \u00e7al\u0131\u015ft\u0131, bir g\u00f6lge oyunudur, diye umutland\u0131. Ama de\u011fil. <\/p>\n","protected":false},"excerpt":{"rendered":"<p>Sevmek, kaybetmek, b\u0131rakmak&#8230; Nil\u00fcfer Kuya\u015f\u2019\u0131n ikinci roman\u0131 Ada\u2019daki Ev, ayr\u0131l\u0131\u015f travmas\u0131 \u00fczerine y\u00fcrek burkan bir hik\u00e2ye. Kuya\u015f, ilk roman\u0131 Yeni Ba\u015ftan gibi bu kitab\u0131nda da T\u00fcrkiye\u2019nin<span class=\"excerpt-hellip\"> [\u2026]<\/span><\/p>\n","protected":false},"featured_media":0,"template":"","meta":{"_monsterinsights_skip_tracking":false,"_monsterinsights_sitenote_active":false,"_monsterinsights_sitenote_note":"","_monsterinsights_sitenote_category":0},"product_brand":[],"product_cat":[12291,12292],"product_tag":[],"class_list":{"0":"post-700898","1":"product","2":"type-product","3":"status-publish","5":"product_cat-edebiyat","6":"product_cat-turk-edebiyati","7":"pa_cilt-ciltsiz","8":"pa_tur-kitap","9":"pa_yayinevi-can-yayinlari","10":"pa_yazar-nilufer-kuyas","12":"first","13":"instock","14":"sale","15":"shipping-taxable","16":"purchasable","17":"product-type-simple"},"_links":{"self":[{"href":"https:\/\/roveyayinevi.com.tr\/index.php\/wp-json\/wp\/v2\/product\/700898","targetHints":{"allow":["GET"]}}],"collection":[{"href":"https:\/\/roveyayinevi.com.tr\/index.php\/wp-json\/wp\/v2\/product"}],"about":[{"href":"https:\/\/roveyayinevi.com.tr\/index.php\/wp-json\/wp\/v2\/types\/product"}],"wp:attachment":[{"href":"https:\/\/roveyayinevi.com.tr\/index.php\/wp-json\/wp\/v2\/media?parent=700898"}],"wp:term":[{"taxonomy":"product_brand","embeddable":true,"href":"https:\/\/roveyayinevi.com.tr\/index.php\/wp-json\/wp\/v2\/product_brand?post=700898"},{"taxonomy":"product_cat","embeddable":true,"href":"https:\/\/roveyayinevi.com.tr\/index.php\/wp-json\/wp\/v2\/product_cat?post=700898"},{"taxonomy":"product_tag","embeddable":true,"href":"https:\/\/roveyayinevi.com.tr\/index.php\/wp-json\/wp\/v2\/product_tag?post=700898"}],"curies":[{"name":"wp","href":"https:\/\/api.w.org\/{rel}","templated":true}]}}