{"id":700894,"date":"2025-08-27T15:03:26","date_gmt":"2025-08-27T12:03:26","guid":{"rendered":"https:\/\/roveyayinevi.com.tr\/index.php\/urun\/unluler-de-cocuktu-2\/"},"modified":"2026-04-16T02:10:06","modified_gmt":"2026-04-15T23:10:06","slug":"unluler-de-cocuktu-2","status":"publish","type":"product","link":"https:\/\/roveyayinevi.com.tr\/index.php\/urun\/unluler-de-cocuktu-2\/","title":{"rendered":"\u00dcnl\u00fcler de \u00c7ocuktu 2"},"content":{"rendered":"<p>Sevdi\u011finiz bir \u00fcnl\u00fcn\u00fcn \u00e7ocuklu\u011funu hi\u00e7 merak etmi\u015f miydiniz? \u0130\u015fte elinizdeki bu kitap sizleri, \u00fcnl\u00fclerin \u00e7ocukluk d\u00f6nemlerinde ho\u015f bir gezintiye \u00e7\u0131kar\u0131yor. Hem \u00e7ok sevdi\u011finiz \u00fcnl\u00fc ki\u015filerle ilgili belki de hi\u00e7 bilmediklerinize \u0131\u015f\u0131k tutuyor hem de onlar\u0131n \u00e7ocukluk an\u0131lar\u0131n\u0131 kendi a\u011f\u0131zlar\u0131ndan dinleme olana\u011f\u0131 sunuyor! Haz\u0131rsan\u0131z \u015fimdi hepinizi, \u00fcnl\u00fclerimizin \u00e7ocukluk foto\u011fraflar\u0131yla s\u00fcsl\u00fc bu zaman t\u00fcnelinde nostaljik bir gezintiyle ba\u015f ba\u015fa b\u0131rak\u0131yoruz. \ufffcTan\u0131t\u0131m Metni<\/p>\n","protected":false},"excerpt":{"rendered":"<p>Sevdi\u011finiz bir \u00fcnl\u00fcn\u00fcn \u00e7ocuklu\u011funu hi\u00e7 merak etmi\u015f miydiniz? \u0130\u015fte elinizdeki bu kitap sizleri, \u00fcnl\u00fclerin \u00e7ocukluk d\u00f6nemlerinde ho\u015f bir gezintiye \u00e7\u0131kar\u0131yor. Hem \u00e7ok sevdi\u011finiz \u00fcnl\u00fc ki\u015filerle ilgili<span class=\"excerpt-hellip\"> [\u2026]<\/span><\/p>\n","protected":false},"featured_media":0,"template":"","meta":{"_monsterinsights_skip_tracking":false,"_monsterinsights_sitenote_active":false,"_monsterinsights_sitenote_note":"","_monsterinsights_sitenote_category":0},"product_brand":[],"product_cat":[12275,12274],"product_tag":[],"class_list":{"0":"post-700894","1":"product","2":"type-product","3":"status-publish","5":"product_cat-6-12-yas-kitaplari","6":"product_cat-cocuk-ve-genclik-kitaplari","7":"pa_cilt-ciltsiz","8":"pa_tur-kitap","9":"pa_yayinevi-can-cocuk-yayinlari","10":"pa_yazar-hikmet-altinkaynak","12":"first","13":"instock","14":"sale","15":"shipping-taxable","16":"purchasable","17":"product-type-simple"},"_links":{"self":[{"href":"https:\/\/roveyayinevi.com.tr\/index.php\/wp-json\/wp\/v2\/product\/700894","targetHints":{"allow":["GET"]}}],"collection":[{"href":"https:\/\/roveyayinevi.com.tr\/index.php\/wp-json\/wp\/v2\/product"}],"about":[{"href":"https:\/\/roveyayinevi.com.tr\/index.php\/wp-json\/wp\/v2\/types\/product"}],"wp:attachment":[{"href":"https:\/\/roveyayinevi.com.tr\/index.php\/wp-json\/wp\/v2\/media?parent=700894"}],"wp:term":[{"taxonomy":"product_brand","embeddable":true,"href":"https:\/\/roveyayinevi.com.tr\/index.php\/wp-json\/wp\/v2\/product_brand?post=700894"},{"taxonomy":"product_cat","embeddable":true,"href":"https:\/\/roveyayinevi.com.tr\/index.php\/wp-json\/wp\/v2\/product_cat?post=700894"},{"taxonomy":"product_tag","embeddable":true,"href":"https:\/\/roveyayinevi.com.tr\/index.php\/wp-json\/wp\/v2\/product_tag?post=700894"}],"curies":[{"name":"wp","href":"https:\/\/api.w.org\/{rel}","templated":true}]}}