{"id":700892,"date":"2025-08-27T15:03:25","date_gmt":"2025-08-27T12:03:25","guid":{"rendered":"https:\/\/roveyayinevi.com.tr\/index.php\/urun\/gezinti-ve-diger-oykuler\/"},"modified":"2026-04-16T02:10:06","modified_gmt":"2026-04-15T23:10:06","slug":"gezinti-ve-diger-oykuler","status":"publish","type":"product","link":"https:\/\/roveyayinevi.com.tr\/index.php\/urun\/gezinti-ve-diger-oykuler\/","title":{"rendered":"Gezinti ve Di\u011fer \u00d6yk\u00fcler"},"content":{"rendered":"<p>\u0130svi\u00e7reli yazar Robert Walser\u2019in Gezinti\u2019de yer alan \u00f6yk\u00fcleri, Birinci D\u00fcnya Sava\u015f\u0131 sonras\u0131nda Almanya ve \u0130svi\u00e7re\u2019de az say\u0131da bas\u0131lan derlemelerde yer ald\u0131. Elinizdeki kitap, Robert Walser\u2019in 1917 y\u0131l\u0131nda, sava\u015f b\u00fct\u00fcn h\u0131z\u0131yla s\u00fcrerken, bir otel odas\u0131nda yazd\u0131\u011f\u0131 ayn\u0131 adl\u0131 anlat\u0131 ile  k\u00fc\u00e7\u00fck d\u00fczyaz\u0131  ad\u0131n\u0131 verdi\u011fi \u00f6yk\u00fclerinden kitapla\u015ft\u0131rd\u0131\u011f\u0131 kimi \u00e7al\u0131\u015fmalar\u0131n\u0131 bir araya getiriyor. D\u00fczyaz\u0131n\u0131n ustas\u0131 Robert Walser\u2019in \u00f6yk\u00fcleri, farkl\u0131 bir havayla nefes al\u0131yor. D\u00fcnyay\u0131 bir \u00e7ocu\u011fun g\u00f6zlerinden g\u00f6r\u00fcrcesine saf, ayn\u0131 zamanda \u015fa\u015f\u0131rt\u0131c\u0131 derecede ger\u00e7ek\u00e7i bir atmosferi var bu \u00f6yk\u00fclerin. Naif bir anlat\u0131m\u0131, g\u00fcnl\u00fck ya\u015fama dair g\u00fc\u00e7l\u00fc g\u00f6zlemlerle besliyor Walser. D\u00fcnya onu ge\u00e7 fark etmi\u015f olsa da bug\u00fcn hi\u00e7 tart\u0131\u015fmas\u0131z XX. y\u00fczy\u0131l\u0131n ve modern d\u00fcnya edebiyat\u0131n\u0131n en \u00f6nemli yazarlar\u0131ndan say\u0131lan Robert Walser\u2019den bahsederken Hesse,  Y\u00fcz bin okuru olsayd\u0131, d\u00fcnya daha g\u00fczel bir yer olurdu,  demi\u015fti. Gezinti, sadece bu s\u00f6zler i\u00e7in bile okunmas\u0131 gereken bir kitap. <\/p>\n","protected":false},"excerpt":{"rendered":"<p>\u0130svi\u00e7reli yazar Robert Walser\u2019in Gezinti\u2019de yer alan \u00f6yk\u00fcleri, Birinci D\u00fcnya Sava\u015f\u0131 sonras\u0131nda Almanya ve \u0130svi\u00e7re\u2019de az say\u0131da bas\u0131lan derlemelerde yer ald\u0131. Elinizdeki kitap, Robert Walser\u2019in 1917<span class=\"excerpt-hellip\"> [\u2026]<\/span><\/p>\n","protected":false},"featured_media":0,"template":"","meta":{"_monsterinsights_skip_tracking":false,"_monsterinsights_sitenote_active":false,"_monsterinsights_sitenote_note":"","_monsterinsights_sitenote_category":0},"product_brand":[],"product_cat":[12891,12291],"product_tag":[],"class_list":{"0":"post-700892","1":"product","2":"type-product","3":"status-publish","5":"product_cat-amerikan-edebiyati","6":"product_cat-edebiyat","7":"pa_cilt-ciltsiz","8":"pa_tur-kitap","9":"pa_yayinevi-can-yayinlari","10":"pa_yazar-robert-walser","12":"first","13":"instock","14":"sale","15":"shipping-taxable","16":"purchasable","17":"product-type-simple"},"_links":{"self":[{"href":"https:\/\/roveyayinevi.com.tr\/index.php\/wp-json\/wp\/v2\/product\/700892","targetHints":{"allow":["GET"]}}],"collection":[{"href":"https:\/\/roveyayinevi.com.tr\/index.php\/wp-json\/wp\/v2\/product"}],"about":[{"href":"https:\/\/roveyayinevi.com.tr\/index.php\/wp-json\/wp\/v2\/types\/product"}],"wp:attachment":[{"href":"https:\/\/roveyayinevi.com.tr\/index.php\/wp-json\/wp\/v2\/media?parent=700892"}],"wp:term":[{"taxonomy":"product_brand","embeddable":true,"href":"https:\/\/roveyayinevi.com.tr\/index.php\/wp-json\/wp\/v2\/product_brand?post=700892"},{"taxonomy":"product_cat","embeddable":true,"href":"https:\/\/roveyayinevi.com.tr\/index.php\/wp-json\/wp\/v2\/product_cat?post=700892"},{"taxonomy":"product_tag","embeddable":true,"href":"https:\/\/roveyayinevi.com.tr\/index.php\/wp-json\/wp\/v2\/product_tag?post=700892"}],"curies":[{"name":"wp","href":"https:\/\/api.w.org\/{rel}","templated":true}]}}