{"id":700891,"date":"2025-08-27T15:03:25","date_gmt":"2025-08-27T12:03:25","guid":{"rendered":"https:\/\/roveyayinevi.com.tr\/index.php\/urun\/gokdelen\/"},"modified":"2026-04-16T02:10:06","modified_gmt":"2026-04-15T23:10:06","slug":"gokdelen","status":"publish","type":"product","link":"https:\/\/roveyayinevi.com.tr\/index.php\/urun\/gokdelen\/","title":{"rendered":"G\u00f6kdelen"},"content":{"rendered":"<p>17 \u015eubat 2073 sabah\u0131 ba\u015flayan roman\u0131n kahraman\u0131 Can Tezcan, T\u00fcrkiye&#8217;nin en \u00f6nemli, en \u00fcnl\u00fc avukatlar\u0131ndan biri. Can Tezcan, \u0130stanbul&#8217;u yaln\u0131zca g\u00f6kdelenlerden olu\u015fan, New York&#8217;a benzeyen ama ondan daha g\u00fczel, daha modern bir kente d\u00f6n\u00fc\u015ft\u00fcrmek isteyen zengin m\u00fc\u015fterisi Temel Diker&#8217;in yasal sorunlar\u0131n\u0131 \u00e7\u00f6zmek i\u00e7in bir tasar\u0131m ortaya atar: yarg\u0131n\u0131n \u00f6zelle\u015ftirilmesini sa\u011flayacakt\u0131r. Yergi ustas\u0131 Y\u00fccel&#8217;in son roman\u0131 G\u00f6kdelen, Cihangir&#8217;de g\u00f6kdelenler aras\u0131nda kalm\u0131\u015f son bah\u00e7eli evden yok edilmi\u015f kedilere, da\u011fda bay\u0131rda a\u00e7 a\u00e7\u0131k dola\u015fmak zorunda b\u0131rak\u0131lm\u0131\u015f sefalet i\u00e7indeki y\u0131lk\u0131 adamlar\u0131ndan, ad\u0131na mekik dedikleri tek ki\u015filik u\u00e7aklar\u0131ndan inmeyen zenginlere, hi\u00e7 de\u011fi\u015fmeyen \u00e7\u0131karc\u0131 politikac\u0131lardan onlar\u0131n destek\u00e7isi medyaya kadar asl\u0131nda bug\u00fcn ya\u015fad\u0131\u011f\u0131m\u0131z \u00e7\u00fcr\u00fcmeyi anlatan, s\u00fcrprizlerle dolu bir roman. \ufffc<\/p>\n","protected":false},"excerpt":{"rendered":"<p>17 \u015eubat 2073 sabah\u0131 ba\u015flayan roman\u0131n kahraman\u0131 Can Tezcan, T\u00fcrkiye&#8217;nin en \u00f6nemli, en \u00fcnl\u00fc avukatlar\u0131ndan biri. Can Tezcan, \u0130stanbul&#8217;u yaln\u0131zca g\u00f6kdelenlerden olu\u015fan, New York&#8217;a benzeyen ama<span class=\"excerpt-hellip\"> [\u2026]<\/span><\/p>\n","protected":false},"featured_media":0,"template":"","meta":{"_monsterinsights_skip_tracking":false,"_monsterinsights_sitenote_active":false,"_monsterinsights_sitenote_note":"","_monsterinsights_sitenote_category":0},"product_brand":[],"product_cat":[12291,12711],"product_tag":[],"class_list":{"0":"post-700891","1":"product","2":"type-product","3":"status-publish","5":"product_cat-edebiyat","6":"product_cat-roman-oyku","7":"pa_cilt-ciltsiz","8":"pa_tur-kitap","9":"pa_yayinevi-can-yayinlari","10":"pa_yazar-tahsin-yucel","12":"first","13":"instock","14":"sale","15":"shipping-taxable","16":"purchasable","17":"product-type-simple"},"_links":{"self":[{"href":"https:\/\/roveyayinevi.com.tr\/index.php\/wp-json\/wp\/v2\/product\/700891","targetHints":{"allow":["GET"]}}],"collection":[{"href":"https:\/\/roveyayinevi.com.tr\/index.php\/wp-json\/wp\/v2\/product"}],"about":[{"href":"https:\/\/roveyayinevi.com.tr\/index.php\/wp-json\/wp\/v2\/types\/product"}],"wp:attachment":[{"href":"https:\/\/roveyayinevi.com.tr\/index.php\/wp-json\/wp\/v2\/media?parent=700891"}],"wp:term":[{"taxonomy":"product_brand","embeddable":true,"href":"https:\/\/roveyayinevi.com.tr\/index.php\/wp-json\/wp\/v2\/product_brand?post=700891"},{"taxonomy":"product_cat","embeddable":true,"href":"https:\/\/roveyayinevi.com.tr\/index.php\/wp-json\/wp\/v2\/product_cat?post=700891"},{"taxonomy":"product_tag","embeddable":true,"href":"https:\/\/roveyayinevi.com.tr\/index.php\/wp-json\/wp\/v2\/product_tag?post=700891"}],"curies":[{"name":"wp","href":"https:\/\/api.w.org\/{rel}","templated":true}]}}