{"id":700890,"date":"2025-08-27T15:03:25","date_gmt":"2025-08-27T12:03:25","guid":{"rendered":"https:\/\/roveyayinevi.com.tr\/index.php\/urun\/goriot-baba-4\/"},"modified":"2026-04-16T02:10:06","modified_gmt":"2026-04-15T23:10:06","slug":"goriot-baba-4","status":"publish","type":"product","link":"https:\/\/roveyayinevi.com.tr\/index.php\/urun\/goriot-baba-4\/","title":{"rendered":"Goriot Baba"},"content":{"rendered":"<p>Bir baban\u0131n, k\u0131zlar\u0131 i\u00e7in bulundu\u011fu \u00f6zverilerin derin bir \u0131st\u0131raba d\u00f6n\u00fc\u015fmesini anlatan Goriot Baba, para, g\u00fc\u00e7 ve umars\u0131zl\u0131\u011f\u0131n do\u011furdu\u011fu burjuva trajedisi ne iki farkl\u0131 a\u00e7\u0131dan yakla\u015f\u0131r. Bir yandan, Goriot, iyi evlilikler yapm\u0131\u015f ama g\u0131rtla\u011f\u0131na kadar borca batm\u0131\u015f k\u0131zlar\u0131n\u0131n isteklerini kar\u015f\u0131layabilmek i\u00e7in yoksullu\u011fa d\u00fc\u015fer; \u00f6te yandan yoksul ve d\u00fcr\u00fcst gen\u00e7 Rastignac giderek h\u0131rslar\u0131na yenilir, Goriot\u2019nun k\u0131zlar\u0131ndan birinin \u00e7ekicili\u011fine kap\u0131larak para ve ba\u015far\u0131 hummas\u0131na tutulur. W. Somerset Maugham\u2019\u0131n gelmi\u015f ge\u00e7mi\u015f en b\u00fcy\u00fck romanc\u0131 dedi\u011fi Balzac\u2019\u0131n bu roman\u0131, ger\u00e7ek\u00e7ilik ak\u0131m\u0131n\u0131n ba\u015fyap\u0131t\u0131 say\u0131l\u0131r. Yaln\u0131zca ilgin\u00e7 baba tipiyle de\u011fil, anlat\u0131mdaki ustal\u0131\u011f\u0131 ve \u00f6teki kahramanlar\u0131yla da d\u00fcnya edebiyat\u0131n\u0131n k\u00fclt romanlar\u0131 aras\u0131nda yer alan Goriot Baba, Balzac\u2019\u0131n \u0130nsanl\u0131k Komedyas\u0131 adl\u0131 an\u0131t yap\u0131t\u0131n\u0131n ilk kitab\u0131d\u0131r. <\/p>\n","protected":false},"excerpt":{"rendered":"<p>Bir baban\u0131n, k\u0131zlar\u0131 i\u00e7in bulundu\u011fu \u00f6zverilerin derin bir \u0131st\u0131raba d\u00f6n\u00fc\u015fmesini anlatan Goriot Baba, para, g\u00fc\u00e7 ve umars\u0131zl\u0131\u011f\u0131n do\u011furdu\u011fu burjuva trajedisi ne iki farkl\u0131 a\u00e7\u0131dan yakla\u015f\u0131r. Bir<span class=\"excerpt-hellip\"> [\u2026]<\/span><\/p>\n","protected":false},"featured_media":0,"template":"","meta":{"_monsterinsights_skip_tracking":false,"_monsterinsights_sitenote_active":false,"_monsterinsights_sitenote_note":"","_monsterinsights_sitenote_category":0},"product_brand":[],"product_cat":[12291,13376],"product_tag":[],"class_list":{"0":"post-700890","1":"product","2":"type-product","3":"status-publish","5":"product_cat-edebiyat","6":"product_cat-fransiz-edebiyati","7":"pa_cilt-ciltsiz","8":"pa_tur-kitap","9":"pa_yayinevi-can-yayinlari","10":"pa_yazar-honore-de-balzac","12":"first","13":"instock","14":"sale","15":"shipping-taxable","16":"purchasable","17":"product-type-simple"},"_links":{"self":[{"href":"https:\/\/roveyayinevi.com.tr\/index.php\/wp-json\/wp\/v2\/product\/700890","targetHints":{"allow":["GET"]}}],"collection":[{"href":"https:\/\/roveyayinevi.com.tr\/index.php\/wp-json\/wp\/v2\/product"}],"about":[{"href":"https:\/\/roveyayinevi.com.tr\/index.php\/wp-json\/wp\/v2\/types\/product"}],"wp:attachment":[{"href":"https:\/\/roveyayinevi.com.tr\/index.php\/wp-json\/wp\/v2\/media?parent=700890"}],"wp:term":[{"taxonomy":"product_brand","embeddable":true,"href":"https:\/\/roveyayinevi.com.tr\/index.php\/wp-json\/wp\/v2\/product_brand?post=700890"},{"taxonomy":"product_cat","embeddable":true,"href":"https:\/\/roveyayinevi.com.tr\/index.php\/wp-json\/wp\/v2\/product_cat?post=700890"},{"taxonomy":"product_tag","embeddable":true,"href":"https:\/\/roveyayinevi.com.tr\/index.php\/wp-json\/wp\/v2\/product_tag?post=700890"}],"curies":[{"name":"wp","href":"https:\/\/api.w.org\/{rel}","templated":true}]}}