{"id":700888,"date":"2025-08-27T15:03:24","date_gmt":"2025-08-27T12:03:24","guid":{"rendered":"https:\/\/roveyayinevi.com.tr\/index.php\/urun\/gittikce-gec-olmakta\/"},"modified":"2026-04-16T02:10:06","modified_gmt":"2026-04-15T23:10:06","slug":"gittikce-gec-olmakta","status":"publish","type":"product","link":"https:\/\/roveyayinevi.com.tr\/index.php\/urun\/gittikce-gec-olmakta\/","title":{"rendered":"Gittik\u00e7e Ge\u00e7 Olmakta"},"content":{"rendered":"<p>Romana d\u00f6n\u00fc\u015fen bu mektuplar\u0131n do\u011fas\u0131 \u00fczerine fikir y\u00fcr\u00fctmem istenirse, onlar\u0131 \u2018a\u015fk mektuplar\u0131\u2019 diye niteleme yolunu a\u00e7\u0131k b\u0131rak\u0131r\u0131m. Ama olduk\u00e7a geni\u015f bir anlamda. \u00c7\u00fcnk\u00fc a\u015fk\u0131n alan\u0131 \u00f6ylesine u\u00e7suz bucaks\u0131zd\u0131r ki, \u00e7o\u011fu kez h\u0131n\u00e7, k\u00fcsk\u00fcnl\u00fck, \u00f6zlem, esef gibi bilinmeyen ve g\u00f6r\u00fcn\u00fcrde ona ait olmayan alanlarla s\u0131n\u0131rda\u015f olur. Bunlar, yazmaya ba\u015flad\u0131\u011f\u0131m mektuplar\u0131n g\u00f6ndericileri olan ki\u015filerin, yollar\u0131n\u0131 \u015fa\u015f\u0131rm\u0131\u015f bir halde i\u00e7inde d\u00f6n\u00fcp dola\u015ft\u0131klar\u0131 alanlard\u0131r. Ve roman\u0131n son ki\u015fisine, \u00f6mr\u00fcn\u00fc ba\u015fkalar\u0131n\u0131n ya\u015famlar\u0131n\u0131 makasla keserek ge\u00e7iren, kitab\u0131n tek kad\u0131n sesine hayat veren \u015fey de, a\u015fk de\u011filse bile, ac\u0131ma dolu bir sevgidir yine.\u2019 <\/p>\n","protected":false},"excerpt":{"rendered":"<p>Romana d\u00f6n\u00fc\u015fen bu mektuplar\u0131n do\u011fas\u0131 \u00fczerine fikir y\u00fcr\u00fctmem istenirse, onlar\u0131 \u2018a\u015fk mektuplar\u0131\u2019 diye niteleme yolunu a\u00e7\u0131k b\u0131rak\u0131r\u0131m. Ama olduk\u00e7a geni\u015f bir anlamda. \u00c7\u00fcnk\u00fc a\u015fk\u0131n alan\u0131 \u00f6ylesine<span class=\"excerpt-hellip\"> [\u2026]<\/span><\/p>\n","protected":false},"featured_media":0,"template":"","meta":{"_monsterinsights_skip_tracking":false,"_monsterinsights_sitenote_active":false,"_monsterinsights_sitenote_note":"","_monsterinsights_sitenote_category":0},"product_brand":[],"product_cat":[12291,14218],"product_tag":[],"class_list":{"0":"post-700888","1":"product","2":"type-product","3":"status-publish","5":"product_cat-edebiyat","6":"product_cat-italyan-edebiyati","7":"pa_cilt-ciltsiz","8":"pa_tur-kitap","9":"pa_yayinevi-can-yayinlari","10":"pa_yazar-antonio-tabucchi","12":"first","13":"instock","14":"sale","15":"shipping-taxable","16":"purchasable","17":"product-type-simple"},"_links":{"self":[{"href":"https:\/\/roveyayinevi.com.tr\/index.php\/wp-json\/wp\/v2\/product\/700888","targetHints":{"allow":["GET"]}}],"collection":[{"href":"https:\/\/roveyayinevi.com.tr\/index.php\/wp-json\/wp\/v2\/product"}],"about":[{"href":"https:\/\/roveyayinevi.com.tr\/index.php\/wp-json\/wp\/v2\/types\/product"}],"wp:attachment":[{"href":"https:\/\/roveyayinevi.com.tr\/index.php\/wp-json\/wp\/v2\/media?parent=700888"}],"wp:term":[{"taxonomy":"product_brand","embeddable":true,"href":"https:\/\/roveyayinevi.com.tr\/index.php\/wp-json\/wp\/v2\/product_brand?post=700888"},{"taxonomy":"product_cat","embeddable":true,"href":"https:\/\/roveyayinevi.com.tr\/index.php\/wp-json\/wp\/v2\/product_cat?post=700888"},{"taxonomy":"product_tag","embeddable":true,"href":"https:\/\/roveyayinevi.com.tr\/index.php\/wp-json\/wp\/v2\/product_tag?post=700888"}],"curies":[{"name":"wp","href":"https:\/\/api.w.org\/{rel}","templated":true}]}}