{"id":700887,"date":"2025-08-27T15:03:24","date_gmt":"2025-08-27T12:03:24","guid":{"rendered":"https:\/\/roveyayinevi.com.tr\/index.php\/urun\/sayi-seytani\/"},"modified":"2026-04-16T02:10:06","modified_gmt":"2026-04-15T23:10:06","slug":"sayi-seytani","status":"publish","type":"product","link":"https:\/\/roveyayinevi.com.tr\/index.php\/urun\/sayi-seytani\/","title":{"rendered":"Say\u0131 \u015eeytan\u0131"},"content":{"rendered":"<p>Matematik mi? Allah korusun! Matemati\u011fi d\u00fc\u015f\u00fcnmek bile \u00e7o\u011fumuz i\u00e7in kabu\u011funa \u00e7ekilmeye yeter. Bu kitab\u0131n kahraman\u0131 olan Robert i\u00e7in de durum farkl\u0131 de\u011fildir. Bir gece, d\u00fc\u015f\u00fcnde bir &#8216;Say\u0131 \u015eeytan\u0131&#8217; g\u00f6r\u00fcr, tam on iki gece boyunca da bu &#8216;Say\u0131 \u015eeytan\u0131&#8217;, o lanet olas\u0131 say\u0131lar\u0131n d\u00fcnyas\u0131nda \u00f6ylesine merakl\u0131 ve e\u011flenceli bir oyuna giri\u015fir ki, Robert&#8217;in -ve elbette kitab\u0131n okurlar\u0131n\u0131n da- kafas\u0131ndaki b\u00fct\u00fcn karanl\u0131k noktalar birer birer ayd\u0131nlan\u0131r. Evet, matemati\u011fin ille de bir karabasan olmas\u0131 gerekmez. Matematik korkusu da bir k\u00f6r inan\u00e7tan ba\u015fka bir \u015fey de\u011fildir. Almanya&#8217;n\u0131n \u00f6nemli \u015fair ve d\u00fc\u015f\u00fcn\u00fcrlerinden olan Hans Magnus Enzensberger bu kez pek al\u0131\u015f\u0131lmad\u0131k, ama bir o kadar da e\u011flenceli bir kitap yazm\u0131\u015f. Okuru 1+1=2&#8217;den ba\u015flat\u0131yor ve matemati\u011fin \u015fa\u015f\u0131rt\u0131c\u0131, ama san\u0131ld\u0131\u011f\u0131 kadar karma\u015f\u0131k olmayan yollar\u0131nda dola\u015ft\u0131r\u0131yor. &#8216;Say\u0131 \u015eeytan\u0131&#8217;, matematikten \u00fcrken, onu anlamad\u0131\u011f\u0131n\u0131 d\u00fc\u015f\u00fcnen, bir yandan da onun gizemlerini ke\u015ffetmeyi isteyenler i\u00e7in vazge\u00e7ilmez bir ba\u015fucu kitab\u0131. Hem e\u011flendiren, hem \u00f6\u011freten bu kitap, b\u00fcy\u00fck-k\u00fc\u00e7\u00fck herkes i\u00e7in unutulmaz bir ser\u00fcven olacak. \ufffc<\/p>\n","protected":false},"excerpt":{"rendered":"<p>Matematik mi? Allah korusun! Matemati\u011fi d\u00fc\u015f\u00fcnmek bile \u00e7o\u011fumuz i\u00e7in kabu\u011funa \u00e7ekilmeye yeter. Bu kitab\u0131n kahraman\u0131 olan Robert i\u00e7in de durum farkl\u0131 de\u011fildir. Bir gece, d\u00fc\u015f\u00fcnde bir<span class=\"excerpt-hellip\"> [\u2026]<\/span><\/p>\n","protected":false},"featured_media":0,"template":"","meta":{"_monsterinsights_skip_tracking":false,"_monsterinsights_sitenote_active":false,"_monsterinsights_sitenote_note":"","_monsterinsights_sitenote_category":0},"product_brand":[],"product_cat":[12275,12274],"product_tag":[],"class_list":{"0":"post-700887","1":"product","2":"type-product","3":"status-publish","5":"product_cat-6-12-yas-kitaplari","6":"product_cat-cocuk-ve-genclik-kitaplari","7":"pa_cilt-ciltsiz","8":"pa_tur-kitap","9":"pa_yayinevi-can-cocuk-yayinlari","10":"pa_yazar-hans-magnus-enzensberger","12":"first","13":"instock","14":"sale","15":"shipping-taxable","16":"purchasable","17":"product-type-simple"},"_links":{"self":[{"href":"https:\/\/roveyayinevi.com.tr\/index.php\/wp-json\/wp\/v2\/product\/700887","targetHints":{"allow":["GET"]}}],"collection":[{"href":"https:\/\/roveyayinevi.com.tr\/index.php\/wp-json\/wp\/v2\/product"}],"about":[{"href":"https:\/\/roveyayinevi.com.tr\/index.php\/wp-json\/wp\/v2\/types\/product"}],"wp:attachment":[{"href":"https:\/\/roveyayinevi.com.tr\/index.php\/wp-json\/wp\/v2\/media?parent=700887"}],"wp:term":[{"taxonomy":"product_brand","embeddable":true,"href":"https:\/\/roveyayinevi.com.tr\/index.php\/wp-json\/wp\/v2\/product_brand?post=700887"},{"taxonomy":"product_cat","embeddable":true,"href":"https:\/\/roveyayinevi.com.tr\/index.php\/wp-json\/wp\/v2\/product_cat?post=700887"},{"taxonomy":"product_tag","embeddable":true,"href":"https:\/\/roveyayinevi.com.tr\/index.php\/wp-json\/wp\/v2\/product_tag?post=700887"}],"curies":[{"name":"wp","href":"https:\/\/api.w.org\/{rel}","templated":true}]}}