{"id":700886,"date":"2025-08-27T15:03:23","date_gmt":"2025-08-27T12:03:23","guid":{"rendered":"https:\/\/roveyayinevi.com.tr\/index.php\/urun\/renkli-oculer\/"},"modified":"2026-04-16T02:10:06","modified_gmt":"2026-04-15T23:10:06","slug":"renkli-oculer","status":"publish","type":"product","link":"https:\/\/roveyayinevi.com.tr\/index.php\/urun\/renkli-oculer\/","title":{"rendered":"Renkli \u00d6c\u00fcler"},"content":{"rendered":"<p>Odas\u0131 \u00e7ok mu da\u011f\u0131n\u0131k? Odan\u0131 topla , demek yerine \u00e7ocu\u011funuzun hayal g\u00fcc\u00fcne seslenin. O zaman yap\u0131lmas\u0131 gereken i\u015f bir anda oyuna d\u00f6n\u00fc\u015f\u00fcverir. \u0130zleyin&#8230; \ufffcTan\u0131t\u0131m Metni<\/p>\n","protected":false},"excerpt":{"rendered":"<p>Odas\u0131 \u00e7ok mu da\u011f\u0131n\u0131k? Odan\u0131 topla , demek yerine \u00e7ocu\u011funuzun hayal g\u00fcc\u00fcne seslenin. O zaman yap\u0131lmas\u0131 gereken i\u015f bir anda oyuna d\u00f6n\u00fc\u015f\u00fcverir. \u0130zleyin&#8230; \ufffcTan\u0131t\u0131m Metni<\/p>\n","protected":false},"featured_media":0,"template":"","meta":{"_monsterinsights_skip_tracking":false,"_monsterinsights_sitenote_active":false,"_monsterinsights_sitenote_note":"","_monsterinsights_sitenote_category":0},"product_brand":[],"product_cat":[12274,12518],"product_tag":[],"class_list":{"0":"post-700886","1":"product","2":"type-product","3":"status-publish","5":"product_cat-cocuk-ve-genclik-kitaplari","6":"product_cat-okul-oncesi-kitaplar","7":"pa_cilt-ciltsiz","8":"pa_tur-kitap","9":"pa_yayinevi-can-cocuk-yayinlari","10":"pa_yazar-can-goknil","12":"first","13":"instock","14":"sale","15":"shipping-taxable","16":"purchasable","17":"product-type-simple"},"_links":{"self":[{"href":"https:\/\/roveyayinevi.com.tr\/index.php\/wp-json\/wp\/v2\/product\/700886","targetHints":{"allow":["GET"]}}],"collection":[{"href":"https:\/\/roveyayinevi.com.tr\/index.php\/wp-json\/wp\/v2\/product"}],"about":[{"href":"https:\/\/roveyayinevi.com.tr\/index.php\/wp-json\/wp\/v2\/types\/product"}],"wp:attachment":[{"href":"https:\/\/roveyayinevi.com.tr\/index.php\/wp-json\/wp\/v2\/media?parent=700886"}],"wp:term":[{"taxonomy":"product_brand","embeddable":true,"href":"https:\/\/roveyayinevi.com.tr\/index.php\/wp-json\/wp\/v2\/product_brand?post=700886"},{"taxonomy":"product_cat","embeddable":true,"href":"https:\/\/roveyayinevi.com.tr\/index.php\/wp-json\/wp\/v2\/product_cat?post=700886"},{"taxonomy":"product_tag","embeddable":true,"href":"https:\/\/roveyayinevi.com.tr\/index.php\/wp-json\/wp\/v2\/product_tag?post=700886"}],"curies":[{"name":"wp","href":"https:\/\/api.w.org\/{rel}","templated":true}]}}