{"id":700884,"date":"2025-08-27T15:03:23","date_gmt":"2025-08-27T12:03:23","guid":{"rendered":"https:\/\/roveyayinevi.com.tr\/index.php\/urun\/geri-gelmemek-uzere\/"},"modified":"2026-04-16T02:10:06","modified_gmt":"2026-04-15T23:10:06","slug":"geri-gelmemek-uzere","status":"publish","type":"product","link":"https:\/\/roveyayinevi.com.tr\/index.php\/urun\/geri-gelmemek-uzere\/","title":{"rendered":"Geri Gelmemek \u00dczere"},"content":{"rendered":"<p>Akdeniz&#8217;in ortas\u0131nda, Sicilya Adas\u0131&#8217;na ba\u011fl\u0131 \u0131ss\u0131z bir deniz feneri: San Lorenzo. D\u0131\u015f d\u00fcnyayla ba\u011flant\u0131 kurmadan bu kayal\u0131k adac\u0131kta haftalar, hatta aylar ge\u00e7iren bir g\u00f6n\u00fcll\u00fc s\u00fcrg\u00fcn: fenerin bek\u00e7isi Mehmet Ali Pargal\u0131; ve \u00f6l\u00fcmc\u00fcl, onulmaz bir a\u015fkla ba\u011fland\u0131\u011f\u0131, gizemli bir gen\u00e7 kad\u0131n: G\u00fcl. Geri Gelmemek \u00dczere, bir a\u015fk roman\u0131; \u015fa\u015f\u0131rtmacalarla dolu tuhaf bir a\u015fk\u0131n roman\u0131. \u0130stanbul ile San Lorenzo aras\u0131nda gidip gelen ve geri d\u00f6n\u00fc\u015flerle anlat\u0131lan \u00f6yk\u00fc, bir gerilim roman\u0131 heyecan\u0131yla, bir a\u015fk roman\u0131 duyarl\u0131l\u0131\u011f\u0131yla ve ser\u00fcven roman\u0131 s\u00fcrprizleriyle geli\u015fiyor. Mehmet Ali Pargal\u0131&#8217;y\u0131 \u0130stanbul&#8217;daki g\u00fcvenli evinden, annesinin \u00f6l\u00fcm\u00fcnden sonra sorumsuzca s\u00fcrd\u00fcrd\u00fc\u011f\u00fc kolay hayattan al\u0131p Akdeniz&#8217;in mavilikleri i\u00e7indeki bu \u0131ss\u0131z deniz fenerine nas\u0131l bir f\u0131rt\u0131na g\u00f6ndermi\u015fti? Gen\u00e7 adam, G\u00fcl&#8217;e olan a\u015fk\u0131n\u0131 y\u0131llar y\u0131l\u0131 neden mektuplara d\u00f6km\u00fc\u015ft\u00fc? Gen\u00e7 kad\u0131n\u0131n varl\u0131\u011f\u0131 Pargal\u0131&#8217;n\u0131n ya\u015fam\u0131n\u0131 nas\u0131l etkilemi\u015fti? G\u00fcl&#8217;\u00fcn ruh ikizi kimdi? Geri Gelmemek \u00dczere, bir ilk roman; Mehmet An\u0131l&#8217;\u0131n bundan sonra yazacaklar\u0131n\u0131, anlatacaklar\u0131n\u0131 merak ettiren, s\u00fcr\u00fckleyici ve usta i\u015fi kurgusuyla kendini bir solukta okutan bir ilk roman. <\/p>\n","protected":false},"excerpt":{"rendered":"<p>Akdeniz&#8217;in ortas\u0131nda, Sicilya Adas\u0131&#8217;na ba\u011fl\u0131 \u0131ss\u0131z bir deniz feneri: San Lorenzo. D\u0131\u015f d\u00fcnyayla ba\u011flant\u0131 kurmadan bu kayal\u0131k adac\u0131kta haftalar, hatta aylar ge\u00e7iren bir g\u00f6n\u00fcll\u00fc s\u00fcrg\u00fcn: fenerin<span class=\"excerpt-hellip\"> [\u2026]<\/span><\/p>\n","protected":false},"featured_media":0,"template":"","meta":{"_monsterinsights_skip_tracking":false,"_monsterinsights_sitenote_active":false,"_monsterinsights_sitenote_note":"","_monsterinsights_sitenote_category":0},"product_brand":[],"product_cat":[12291,12711],"product_tag":[],"class_list":{"0":"post-700884","1":"product","2":"type-product","3":"status-publish","5":"product_cat-edebiyat","6":"product_cat-roman-oyku","7":"pa_cilt-ciltsiz","8":"pa_tur-kitap","9":"pa_yayinevi-can-yayinlari","10":"pa_yazar-mehmet-anil","12":"first","13":"instock","14":"sale","15":"shipping-taxable","16":"purchasable","17":"product-type-simple"},"_links":{"self":[{"href":"https:\/\/roveyayinevi.com.tr\/index.php\/wp-json\/wp\/v2\/product\/700884","targetHints":{"allow":["GET"]}}],"collection":[{"href":"https:\/\/roveyayinevi.com.tr\/index.php\/wp-json\/wp\/v2\/product"}],"about":[{"href":"https:\/\/roveyayinevi.com.tr\/index.php\/wp-json\/wp\/v2\/types\/product"}],"wp:attachment":[{"href":"https:\/\/roveyayinevi.com.tr\/index.php\/wp-json\/wp\/v2\/media?parent=700884"}],"wp:term":[{"taxonomy":"product_brand","embeddable":true,"href":"https:\/\/roveyayinevi.com.tr\/index.php\/wp-json\/wp\/v2\/product_brand?post=700884"},{"taxonomy":"product_cat","embeddable":true,"href":"https:\/\/roveyayinevi.com.tr\/index.php\/wp-json\/wp\/v2\/product_cat?post=700884"},{"taxonomy":"product_tag","embeddable":true,"href":"https:\/\/roveyayinevi.com.tr\/index.php\/wp-json\/wp\/v2\/product_tag?post=700884"}],"curies":[{"name":"wp","href":"https:\/\/api.w.org\/{rel}","templated":true}]}}