{"id":700877,"date":"2025-08-27T15:03:20","date_gmt":"2025-08-27T12:03:20","guid":{"rendered":"https:\/\/roveyayinevi.com.tr\/index.php\/urun\/minik-ayi-vadu-annem-beni-seviyor-mu\/"},"modified":"2026-04-16T02:10:06","modified_gmt":"2026-04-15T23:10:06","slug":"minik-ayi-vadu-annem-beni-seviyor-mu","status":"publish","type":"product","link":"https:\/\/roveyayinevi.com.tr\/index.php\/urun\/minik-ayi-vadu-annem-beni-seviyor-mu\/","title":{"rendered":"Minik Ay\u0131 Vadu Annem Beni Seviyor mu?"},"content":{"rendered":"<p>Minik Ay\u0131 Vadu, Annem Beni Seviyor mu?  anne sevgisinin ko\u015fulsuzlu\u011funa dair s\u0131ms\u0131cak bir anlat\u0131. Her \u00e7ocu\u011fun akl\u0131nda  Annem beni hep sevecek mi? Yaramazl\u0131k yapsam da sever mi?  sorular\u0131 vard\u0131r. Bu sorulara sevimli yan\u0131tlar vermi\u015f yazar\u0131m\u0131z. <\/p>\n","protected":false},"excerpt":{"rendered":"<p>Minik Ay\u0131 Vadu, Annem Beni Seviyor mu? anne sevgisinin ko\u015fulsuzlu\u011funa dair s\u0131ms\u0131cak bir anlat\u0131. Her \u00e7ocu\u011fun akl\u0131nda Annem beni hep sevecek mi? Yaramazl\u0131k yapsam da sever<span class=\"excerpt-hellip\"> [\u2026]<\/span><\/p>\n","protected":false},"featured_media":0,"template":"","meta":{"_monsterinsights_skip_tracking":false,"_monsterinsights_sitenote_active":false,"_monsterinsights_sitenote_note":"","_monsterinsights_sitenote_category":0},"product_brand":[],"product_cat":[12274,12518],"product_tag":[],"class_list":{"0":"post-700877","1":"product","2":"type-product","3":"status-publish","5":"product_cat-cocuk-ve-genclik-kitaplari","6":"product_cat-okul-oncesi-kitaplar","7":"pa_cilt-ciltsiz","8":"pa_tur-kitap","9":"pa_yayinevi-can-cocuk-yayinlari","10":"pa_yazar-ayfer-gurdal-unal","12":"first","13":"instock","14":"sale","15":"shipping-taxable","16":"purchasable","17":"product-type-simple"},"_links":{"self":[{"href":"https:\/\/roveyayinevi.com.tr\/index.php\/wp-json\/wp\/v2\/product\/700877","targetHints":{"allow":["GET"]}}],"collection":[{"href":"https:\/\/roveyayinevi.com.tr\/index.php\/wp-json\/wp\/v2\/product"}],"about":[{"href":"https:\/\/roveyayinevi.com.tr\/index.php\/wp-json\/wp\/v2\/types\/product"}],"wp:attachment":[{"href":"https:\/\/roveyayinevi.com.tr\/index.php\/wp-json\/wp\/v2\/media?parent=700877"}],"wp:term":[{"taxonomy":"product_brand","embeddable":true,"href":"https:\/\/roveyayinevi.com.tr\/index.php\/wp-json\/wp\/v2\/product_brand?post=700877"},{"taxonomy":"product_cat","embeddable":true,"href":"https:\/\/roveyayinevi.com.tr\/index.php\/wp-json\/wp\/v2\/product_cat?post=700877"},{"taxonomy":"product_tag","embeddable":true,"href":"https:\/\/roveyayinevi.com.tr\/index.php\/wp-json\/wp\/v2\/product_tag?post=700877"}],"curies":[{"name":"wp","href":"https:\/\/api.w.org\/{rel}","templated":true}]}}