{"id":700875,"date":"2025-08-27T15:03:20","date_gmt":"2025-08-27T12:03:20","guid":{"rendered":"https:\/\/roveyayinevi.com.tr\/index.php\/urun\/minik-ayi-vadu-babam-beni-seviyor-mu\/"},"modified":"2026-04-16T02:10:06","modified_gmt":"2026-04-15T23:10:06","slug":"minik-ayi-vadu-babam-beni-seviyor-mu","status":"publish","type":"product","link":"https:\/\/roveyayinevi.com.tr\/index.php\/urun\/minik-ayi-vadu-babam-beni-seviyor-mu\/","title":{"rendered":"Minik Ay\u0131 Vadu Babam Beni Seviyor mu?"},"content":{"rendered":"<p>Minik Ay\u0131 Vadu &#8211; Babam Beni Seviyor mu?  sevgisini s\u00f6zel olarak ifade etmeyen babas\u0131 taraf\u0131ndan sevilmedi\u011fini sanan minik ay\u0131n\u0131n, babas\u0131n\u0131n davran\u0131\u015flar\u0131n\u0131n ard\u0131nda yatan b\u00fcy\u00fck sevgiyi anlamas\u0131n\u0131 konu al\u0131r. Minik Ay\u0131 Vadu, kalbinin g\u00f6z\u00fc ile bakmay\u0131 \u00f6\u011frenir. Yazar\u0131m\u0131z, Minik Ay\u0131 Vadu arac\u0131l\u0131\u011f\u0131 ile babalar\u0131n eylemleri ard\u0131nda yatan derin sevgiyi fark etmemizi sa\u011fl\u0131yor. <\/p>\n","protected":false},"excerpt":{"rendered":"<p>Minik Ay\u0131 Vadu &#8211; Babam Beni Seviyor mu? sevgisini s\u00f6zel olarak ifade etmeyen babas\u0131 taraf\u0131ndan sevilmedi\u011fini sanan minik ay\u0131n\u0131n, babas\u0131n\u0131n davran\u0131\u015flar\u0131n\u0131n ard\u0131nda yatan b\u00fcy\u00fck sevgiyi anlamas\u0131n\u0131<span class=\"excerpt-hellip\"> [\u2026]<\/span><\/p>\n","protected":false},"featured_media":0,"template":"","meta":{"_monsterinsights_skip_tracking":false,"_monsterinsights_sitenote_active":false,"_monsterinsights_sitenote_note":"","_monsterinsights_sitenote_category":0},"product_brand":[],"product_cat":[12274,12518],"product_tag":[],"class_list":{"0":"post-700875","1":"product","2":"type-product","3":"status-publish","5":"product_cat-cocuk-ve-genclik-kitaplari","6":"product_cat-okul-oncesi-kitaplar","7":"pa_cilt-ciltsiz","8":"pa_tur-kitap","9":"pa_yayinevi-can-cocuk-yayinlari","10":"pa_yazar-ayfer-gurdal-unal","12":"first","13":"instock","14":"sale","15":"shipping-taxable","16":"purchasable","17":"product-type-simple"},"_links":{"self":[{"href":"https:\/\/roveyayinevi.com.tr\/index.php\/wp-json\/wp\/v2\/product\/700875","targetHints":{"allow":["GET"]}}],"collection":[{"href":"https:\/\/roveyayinevi.com.tr\/index.php\/wp-json\/wp\/v2\/product"}],"about":[{"href":"https:\/\/roveyayinevi.com.tr\/index.php\/wp-json\/wp\/v2\/types\/product"}],"wp:attachment":[{"href":"https:\/\/roveyayinevi.com.tr\/index.php\/wp-json\/wp\/v2\/media?parent=700875"}],"wp:term":[{"taxonomy":"product_brand","embeddable":true,"href":"https:\/\/roveyayinevi.com.tr\/index.php\/wp-json\/wp\/v2\/product_brand?post=700875"},{"taxonomy":"product_cat","embeddable":true,"href":"https:\/\/roveyayinevi.com.tr\/index.php\/wp-json\/wp\/v2\/product_cat?post=700875"},{"taxonomy":"product_tag","embeddable":true,"href":"https:\/\/roveyayinevi.com.tr\/index.php\/wp-json\/wp\/v2\/product_tag?post=700875"}],"curies":[{"name":"wp","href":"https:\/\/api.w.org\/{rel}","templated":true}]}}