{"id":700868,"date":"2025-08-27T15:03:18","date_gmt":"2025-08-27T12:03:18","guid":{"rendered":"https:\/\/roveyayinevi.com.tr\/index.php\/urun\/sogan-oglan\/"},"modified":"2026-04-16T02:10:05","modified_gmt":"2026-04-15T23:10:05","slug":"sogan-oglan","status":"publish","type":"product","link":"https:\/\/roveyayinevi.com.tr\/index.php\/urun\/sogan-oglan\/","title":{"rendered":"So\u011fan O\u011flan"},"content":{"rendered":"<p>So\u011fan Baba, en k\u00fc\u00e7\u00fck o\u011flu So\u011fan O\u011flan ile meyve kasas\u0131 evlerinde otururken, yoldan ge\u00e7en Prens Limon, k\u00f6t\u00fc so\u011fan kokusunu duyar ve ard\u0131ndan olaylar z\u0131vanadan \u00e7\u0131kar. Sonunda So\u011fan Baba hapse at\u0131l\u0131r. Domates \u015e\u00f6valye, Baron Mandalina, D\u00fck Turun\u00e7 gibi hainler So\u011fan O\u011flan\u2019a ya\u015famay\u0131 zehir ederler. Balkaba\u011f\u0131, \u00dcz\u00fcm Usta, Turp K\u0131z, \u00c7ilek K\u0131z, Bayan K\u00f6stebek gibi dostlar\u0131n da kat\u0131lmas\u0131yla, \u00e7ok heyecanl\u0131 olaylar ya\u015fan\u0131r. \ufffcTan\u0131t\u0131m Metni<\/p>\n","protected":false},"excerpt":{"rendered":"<p>So\u011fan Baba, en k\u00fc\u00e7\u00fck o\u011flu So\u011fan O\u011flan ile meyve kasas\u0131 evlerinde otururken, yoldan ge\u00e7en Prens Limon, k\u00f6t\u00fc so\u011fan kokusunu duyar ve ard\u0131ndan olaylar z\u0131vanadan \u00e7\u0131kar. Sonunda<span class=\"excerpt-hellip\"> [\u2026]<\/span><\/p>\n","protected":false},"featured_media":0,"template":"","meta":{"_monsterinsights_skip_tracking":false,"_monsterinsights_sitenote_active":false,"_monsterinsights_sitenote_note":"","_monsterinsights_sitenote_category":0},"product_brand":[],"product_cat":[12364],"product_tag":[],"class_list":{"0":"post-700868","1":"product","2":"type-product","3":"status-publish","5":"product_cat-genel-konular","6":"pa_cilt-ciltsiz","7":"pa_tur-kitap","8":"pa_yayinevi-can-cocuk-yayinlari","9":"pa_yazar-gianni-rodari","11":"first","12":"instock","13":"sale","14":"shipping-taxable","15":"purchasable","16":"product-type-simple"},"_links":{"self":[{"href":"https:\/\/roveyayinevi.com.tr\/index.php\/wp-json\/wp\/v2\/product\/700868","targetHints":{"allow":["GET"]}}],"collection":[{"href":"https:\/\/roveyayinevi.com.tr\/index.php\/wp-json\/wp\/v2\/product"}],"about":[{"href":"https:\/\/roveyayinevi.com.tr\/index.php\/wp-json\/wp\/v2\/types\/product"}],"wp:attachment":[{"href":"https:\/\/roveyayinevi.com.tr\/index.php\/wp-json\/wp\/v2\/media?parent=700868"}],"wp:term":[{"taxonomy":"product_brand","embeddable":true,"href":"https:\/\/roveyayinevi.com.tr\/index.php\/wp-json\/wp\/v2\/product_brand?post=700868"},{"taxonomy":"product_cat","embeddable":true,"href":"https:\/\/roveyayinevi.com.tr\/index.php\/wp-json\/wp\/v2\/product_cat?post=700868"},{"taxonomy":"product_tag","embeddable":true,"href":"https:\/\/roveyayinevi.com.tr\/index.php\/wp-json\/wp\/v2\/product_tag?post=700868"}],"curies":[{"name":"wp","href":"https:\/\/api.w.org\/{rel}","templated":true}]}}