{"id":700867,"date":"2025-08-27T15:03:17","date_gmt":"2025-08-27T12:03:17","guid":{"rendered":"https:\/\/roveyayinevi.com.tr\/index.php\/urun\/sefiller-6\/"},"modified":"2026-04-16T02:10:05","modified_gmt":"2026-04-15T23:10:05","slug":"sefiller-6","status":"publish","type":"product","link":"https:\/\/roveyayinevi.com.tr\/index.php\/urun\/sefiller-6\/","title":{"rendered":"Sefiller"},"content":{"rendered":"<p>Frans\u0131z yazar\u0131 Victor Hugo (1802-1885, Sefiller adl\u0131 dev roman\u0131n\u0131n \u00f6ns\u00f6z\u00fcn\u00fc \u015f\u00f6yle bitirir: &#8216;Yery\u00fcz\u00fcnde yoksulluk ve bilgisizli\u011fin egemenli\u011fi s\u00fcrd\u00fck\u00e7e, b\u00f6ylesi kitaplar gereksiz say\u0131lmayabilir.&#8217; Victor Hugo, ate\u015fli bir yurtseverdi. Yurdunun \u00e7\u0131karlar\u0131 ad\u0131na siyasal kavgalardan hi\u00e7 \u00e7ekinmedi. Bu y\u00fczden ad\u0131na siyasal kavgalardan hi\u00e7 \u00e7ekinmedi. Bu y\u00fczden de tam yirmi y\u0131l s\u00fcrg\u00fcnde kald\u0131. Bu s\u00fcrg\u00fcn y\u0131llar\u0131, gerek \u015fiir, gerek roman a\u00e7\u0131s\u0131ndan onun en verimli d\u00f6nemi oldu. Sefiller de bu y\u0131llar\u0131n \u00fcr\u00fcn\u00fcd\u00fcr (1862). Bu dev roman\u0131, gen\u00e7 okurlara yal\u0131nla\u015ft\u0131r\u0131lm\u0131\u015f, k\u0131salt\u0131lm\u0131\u015f bi\u00e7imiyle sunarak, bu \u00f6l\u00fcms\u00fcz yap\u0131ta yeni okurlar kazand\u0131rmay\u0131 ama\u00e7l\u0131yoruz. \u00d6zellikle, direni\u015f\u00e7ilerin saf\u0131nda yer alan K\u00fc\u00e7\u00fck Gavro\u015f&#8217;un ser\u00fcvenini kolay kolay unutamayacaks\u0131n\u0131z. Bu romanda bir toplumun \u00e7\u00f6k\u00fc\u015f y\u0131llar\u0131n\u0131 ya\u015farken, o toplumun i\u00e7indeki dirili\u015f tohumlar\u0131n\u0131n ye\u015ferdi\u011fini de g\u00f6receksiniz. <\/p>\n","protected":false},"excerpt":{"rendered":"<p>Frans\u0131z yazar\u0131 Victor Hugo (1802-1885, Sefiller adl\u0131 dev roman\u0131n\u0131n \u00f6ns\u00f6z\u00fcn\u00fc \u015f\u00f6yle bitirir: &#8216;Yery\u00fcz\u00fcnde yoksulluk ve bilgisizli\u011fin egemenli\u011fi s\u00fcrd\u00fck\u00e7e, b\u00f6ylesi kitaplar gereksiz say\u0131lmayabilir.&#8217; Victor Hugo, ate\u015fli bir<span class=\"excerpt-hellip\"> [\u2026]<\/span><\/p>\n","protected":false},"featured_media":0,"template":"","meta":{"_monsterinsights_skip_tracking":false,"_monsterinsights_sitenote_active":false,"_monsterinsights_sitenote_note":"","_monsterinsights_sitenote_category":0},"product_brand":[],"product_cat":[12275,12274],"product_tag":[],"class_list":{"0":"post-700867","1":"product","2":"type-product","3":"status-publish","5":"product_cat-6-12-yas-kitaplari","6":"product_cat-cocuk-ve-genclik-kitaplari","7":"pa_cilt-ciltsiz","8":"pa_tur-kitap","9":"pa_yayinevi-can-cocuk-yayinlari","10":"pa_yazar-victor-hugo","12":"first","13":"instock","14":"sale","15":"shipping-taxable","16":"purchasable","17":"product-type-simple"},"_links":{"self":[{"href":"https:\/\/roveyayinevi.com.tr\/index.php\/wp-json\/wp\/v2\/product\/700867","targetHints":{"allow":["GET"]}}],"collection":[{"href":"https:\/\/roveyayinevi.com.tr\/index.php\/wp-json\/wp\/v2\/product"}],"about":[{"href":"https:\/\/roveyayinevi.com.tr\/index.php\/wp-json\/wp\/v2\/types\/product"}],"wp:attachment":[{"href":"https:\/\/roveyayinevi.com.tr\/index.php\/wp-json\/wp\/v2\/media?parent=700867"}],"wp:term":[{"taxonomy":"product_brand","embeddable":true,"href":"https:\/\/roveyayinevi.com.tr\/index.php\/wp-json\/wp\/v2\/product_brand?post=700867"},{"taxonomy":"product_cat","embeddable":true,"href":"https:\/\/roveyayinevi.com.tr\/index.php\/wp-json\/wp\/v2\/product_cat?post=700867"},{"taxonomy":"product_tag","embeddable":true,"href":"https:\/\/roveyayinevi.com.tr\/index.php\/wp-json\/wp\/v2\/product_tag?post=700867"}],"curies":[{"name":"wp","href":"https:\/\/api.w.org\/{rel}","templated":true}]}}