{"id":700858,"date":"2025-08-27T15:03:14","date_gmt":"2025-08-27T12:03:14","guid":{"rendered":"https:\/\/roveyayinevi.com.tr\/index.php\/urun\/mavi-kurtlar\/"},"modified":"2026-02-25T13:01:01","modified_gmt":"2026-02-25T10:01:01","slug":"mavi-kurtlar","status":"publish","type":"product","link":"https:\/\/roveyayinevi.com.tr\/index.php\/urun\/mavi-kurtlar\/","title":{"rendered":"Mavi Kurtlar"},"content":{"rendered":"<p>Pelle \u2018nin babas\u0131 sanat\u00e7\u0131 olarak b\u00fcy\u00fck ba\u015far\u0131 kazand\u0131ktan sonra evden uzak durmaya ba\u015flar. Tablolar\u0131n\u0131 ve totemlerini ilk kez sergiledi\u011fi galeride Mavi Kurtlar ad\u0131ndaki tablosuyla \u00e7ok ilgilenen sar\u0131\u015f\u0131n, gen\u00e7 ve g\u00fczel bir k\u0131zla biz ilgin\u00e7 bir konu\u015fma yapmas\u0131 merak uyand\u0131r\u0131r \u00e7evresinde. Prof da \u00e7ok k\u0131zg\u0131nd\u0131r. Teyzesi soka\u011f\u0131n ortas\u0131nda bir grup gen\u00e7 taraf\u0131ndan kald\u0131r\u0131ma d\u00fc\u015f\u00fcr\u00fclm\u00fc\u015ft\u00fcr. Ya\u015fl\u0131 kad\u0131n\u0131n k\u00fcrk paltosunu da kulan\u0131lmayacak duruma getiren gen\u00e7lerin imzas\u0131 Mavi Kurtlar d\u0131r. Buzun \u00fczerine Pelle ve Prof kendilerini yeni bir olay\u0131n izini s\u00fcrerken bulurlar. Ama bu kez pe\u015fine d\u00fc\u015ft\u00fcklerinin kim oldu\u011funu anlad\u0131klar\u0131nda kimin yan\u0131nda, kimin kar\u015f\u0131s\u0131nda yer alacaklar\u0131na karar vermeleri o kadar kolay de\u011fildir. Yine de Prof\u2019un merak\u0131 ve Pelle\u2019nin babas\u0131n\u0131n a\u00e7\u0131klanamaz davran\u0131\u015flar\u0131 olan\u0131 Oslo\u2019dan Kopenhag\u2019a uzanan bir izin pe\u015fine d\u00fc\u015f\u00fcr\u00fcr. <\/p>\n","protected":false},"excerpt":{"rendered":"<p>Pelle \u2018nin babas\u0131 sanat\u00e7\u0131 olarak b\u00fcy\u00fck ba\u015far\u0131 kazand\u0131ktan sonra evden uzak durmaya ba\u015flar. Tablolar\u0131n\u0131 ve totemlerini ilk kez sergiledi\u011fi galeride Mavi Kurtlar ad\u0131ndaki tablosuyla \u00e7ok ilgilenen<span class=\"excerpt-hellip\"> [\u2026]<\/span><\/p>\n","protected":false},"featured_media":0,"template":"","meta":{"_monsterinsights_skip_tracking":false,"_monsterinsights_sitenote_active":false,"_monsterinsights_sitenote_note":"","_monsterinsights_sitenote_category":0},"product_brand":[],"product_cat":[13661,12291],"product_tag":[],"class_list":{"0":"post-700858","1":"product","2":"type-product","3":"status-publish","5":"product_cat-diger-ulke-edebiyatlari","6":"product_cat-edebiyat","7":"pa_cilt-ciltsiz","8":"pa_tur-kitap","9":"pa_yayinevi-can-cocuk-yayinlari","10":"pa_yazar-ingvar-ambjornsen","12":"first","13":"instock","14":"sale","15":"shipping-taxable","16":"purchasable","17":"product-type-simple"},"_links":{"self":[{"href":"https:\/\/roveyayinevi.com.tr\/index.php\/wp-json\/wp\/v2\/product\/700858","targetHints":{"allow":["GET"]}}],"collection":[{"href":"https:\/\/roveyayinevi.com.tr\/index.php\/wp-json\/wp\/v2\/product"}],"about":[{"href":"https:\/\/roveyayinevi.com.tr\/index.php\/wp-json\/wp\/v2\/types\/product"}],"wp:attachment":[{"href":"https:\/\/roveyayinevi.com.tr\/index.php\/wp-json\/wp\/v2\/media?parent=700858"}],"wp:term":[{"taxonomy":"product_brand","embeddable":true,"href":"https:\/\/roveyayinevi.com.tr\/index.php\/wp-json\/wp\/v2\/product_brand?post=700858"},{"taxonomy":"product_cat","embeddable":true,"href":"https:\/\/roveyayinevi.com.tr\/index.php\/wp-json\/wp\/v2\/product_cat?post=700858"},{"taxonomy":"product_tag","embeddable":true,"href":"https:\/\/roveyayinevi.com.tr\/index.php\/wp-json\/wp\/v2\/product_tag?post=700858"}],"curies":[{"name":"wp","href":"https:\/\/api.w.org\/{rel}","templated":true}]}}