{"id":700845,"date":"2025-08-27T15:03:10","date_gmt":"2025-08-27T12:03:10","guid":{"rendered":"https:\/\/roveyayinevi.com.tr\/index.php\/urun\/kirmizi-pazartesi\/"},"modified":"2026-04-16T02:10:05","modified_gmt":"2026-04-15T23:10:05","slug":"kirmizi-pazartesi","status":"publish","type":"product","link":"https:\/\/roveyayinevi.com.tr\/index.php\/urun\/kirmizi-pazartesi\/","title":{"rendered":"K\u0131rm\u0131z\u0131 Pazartesi"},"content":{"rendered":"<p>Kolombiyal\u0131 b\u00fcy\u00fck yazar Gabriel Garc\u00eda M\u00e1rquez\u2019in 1981\u2019de yay\u0131mlanan yedinci roman\u0131 K\u0131rm\u0131z\u0131 Pazartesi, i\u015flenece\u011fini herkesin bildi\u011fi, engel olmak i\u00e7in kimsenin bir \u015fey yapmad\u0131\u011f\u0131 bir namus cinayetinin \u00f6yk\u00fcs\u00fc. Hem Kolombiya\u2019da, hem de yay\u0131mland\u0131\u011f\u0131 d\u00fcnyan\u0131n d\u00f6rt bir yan\u0131ndaki pek \u00e7ok \u00fclkede sars\u0131c\u0131 etkileri olmu\u015f bir roman. Usta yazar, \u00e7ocuklu\u011funu ge\u00e7irdi\u011fi kasabada y\u0131llar \u00f6nce ya\u015fanm\u0131\u015f bir cinayet olay\u0131n\u0131 aktar\u0131yor. Roman\u0131n kahraman\u0131 Santiago Nasar\u2019\u0131n \u00f6ld\u00fcr\u00fclece\u011fi daha ilk sat\u0131rlardan belli. K\u0131rm\u0131z\u0131 Pazartesi, yaln\u0131zca bir cinayetin arka plan\u0131n\u0131 de\u011fil, bir halk\u0131n ortak davran\u0131\u015f bi\u00e7imlerinin potresini de \u00e7iziyor. B\u00f6ylece, sonuna dek ilgiyle okuyaca\u011f\u0131n\u0131z bu k\u0131sa ve \u00f6l\u00fcms\u00fcz roman, bir toplumsal ruh\u00e7\u00f6z\u00fcm\u00fc niteli\u011fi de kazanm\u0131\u015f oluyor.<\/p>\n","protected":false},"excerpt":{"rendered":"<p>Kolombiyal\u0131 b\u00fcy\u00fck yazar Gabriel Garc\u00eda M\u00e1rquez\u2019in 1981\u2019de yay\u0131mlanan yedinci roman\u0131 K\u0131rm\u0131z\u0131 Pazartesi, i\u015flenece\u011fini herkesin bildi\u011fi, engel olmak i\u00e7in kimsenin bir \u015fey yapmad\u0131\u011f\u0131 bir namus cinayetinin \u00f6yk\u00fcs\u00fc.<span class=\"excerpt-hellip\"> [\u2026]<\/span><\/p>\n","protected":false},"featured_media":0,"template":"","meta":{"_monsterinsights_skip_tracking":false,"_monsterinsights_sitenote_active":false,"_monsterinsights_sitenote_note":"","_monsterinsights_sitenote_category":0},"product_brand":[],"product_cat":[12291,13113],"product_tag":[],"class_list":{"0":"post-700845","1":"product","2":"type-product","3":"status-publish","5":"product_cat-edebiyat","6":"product_cat-ispanyol-edebiyati","7":"pa_cilt-ciltsiz","8":"pa_tur-kitap","9":"pa_yayinevi-can-yayinlari","10":"pa_yazar-gabriel-garcia-marquez","12":"first","13":"instock","14":"sale","15":"shipping-taxable","16":"purchasable","17":"product-type-simple"},"_links":{"self":[{"href":"https:\/\/roveyayinevi.com.tr\/index.php\/wp-json\/wp\/v2\/product\/700845","targetHints":{"allow":["GET"]}}],"collection":[{"href":"https:\/\/roveyayinevi.com.tr\/index.php\/wp-json\/wp\/v2\/product"}],"about":[{"href":"https:\/\/roveyayinevi.com.tr\/index.php\/wp-json\/wp\/v2\/types\/product"}],"wp:attachment":[{"href":"https:\/\/roveyayinevi.com.tr\/index.php\/wp-json\/wp\/v2\/media?parent=700845"}],"wp:term":[{"taxonomy":"product_brand","embeddable":true,"href":"https:\/\/roveyayinevi.com.tr\/index.php\/wp-json\/wp\/v2\/product_brand?post=700845"},{"taxonomy":"product_cat","embeddable":true,"href":"https:\/\/roveyayinevi.com.tr\/index.php\/wp-json\/wp\/v2\/product_cat?post=700845"},{"taxonomy":"product_tag","embeddable":true,"href":"https:\/\/roveyayinevi.com.tr\/index.php\/wp-json\/wp\/v2\/product_tag?post=700845"}],"curies":[{"name":"wp","href":"https:\/\/api.w.org\/{rel}","templated":true}]}}