{"id":700840,"date":"2025-08-27T15:03:08","date_gmt":"2025-08-27T12:03:08","guid":{"rendered":"https:\/\/roveyayinevi.com.tr\/index.php\/urun\/lea-icin-cehennem-mavisi\/"},"modified":"2026-04-16T02:10:05","modified_gmt":"2026-04-15T23:10:05","slug":"lea-icin-cehennem-mavisi","status":"publish","type":"product","link":"https:\/\/roveyayinevi.com.tr\/index.php\/urun\/lea-icin-cehennem-mavisi\/","title":{"rendered":"Lea i\u00e7in Cehennem Mavisi"},"content":{"rendered":"<p>Toulouse\u2019da ya\u015fayan Lea, liseye bu kentte devam edecek olan arkada\u015f\u0131 Hugo ile bunalt\u0131c\u0131 s\u0131ca\u011f\u0131n alt\u0131nda sokaklar\u0131 ar\u015f\u0131nlamaktad\u0131r. Bir yandan Hugo\u2018ya kalabilece\u011fi bir oda ararlarken \u00f6b\u00fcr yandan kenti s\u00fcsleyen \u00e7ok \u00f6zel duvar resimlerini ke\u015ffederler. Ayn\u0131 ressam\u0131n elinden \u00e7\u0131kt\u0131\u011f\u0131 belli olan ve \u00f6zel bir boyayla yap\u0131lm\u0131\u015f olan bu resimlerin \u00fczerlerinin karaland\u0131\u011f\u0131n\u0131 fark eden iki merakl\u0131 arkada\u015f, bu esrarengiz sokak ressam\u0131n\u0131n izini s\u00fcrmeye ba\u015flarlar. Paul Belmere kimdir? Resimlerinde kulland\u0131\u011f\u0131 \u00f6zel mavi rengi nas\u0131l elde etmektedir? Resimleri karalayanlar sadece basit birer sanat d\u00fc\u015fman\u0131 m\u0131d\u0131r? Bu sorulara arad\u0131klar\u0131 yan\u0131tlat\u0131n pe\u015fine d\u00fc\u015fen Lea ve Hugo kendilerini gizemlerle dolu, k\u00f6kleri \u00e7ok eskiye dayanan bir hikayenin tam ortas\u0131nda bulurlar. Tehlike d\u00fc\u015f\u00fcnd\u00fcklerinden \u00e7ok daha b\u00fcy\u00fckt\u00fcr ve \u00e7ok yak\u0131nlar\u0131ndad\u0131r.. <\/p>\n","protected":false},"excerpt":{"rendered":"<p>Toulouse\u2019da ya\u015fayan Lea, liseye bu kentte devam edecek olan arkada\u015f\u0131 Hugo ile bunalt\u0131c\u0131 s\u0131ca\u011f\u0131n alt\u0131nda sokaklar\u0131 ar\u015f\u0131nlamaktad\u0131r. Bir yandan Hugo\u2018ya kalabilece\u011fi bir oda ararlarken \u00f6b\u00fcr yandan<span class=\"excerpt-hellip\"> [\u2026]<\/span><\/p>\n","protected":false},"featured_media":0,"template":"","meta":{"_monsterinsights_skip_tracking":false,"_monsterinsights_sitenote_active":false,"_monsterinsights_sitenote_note":"","_monsterinsights_sitenote_category":0},"product_brand":[],"product_cat":[12291,13376],"product_tag":[],"class_list":{"0":"post-700840","1":"product","2":"type-product","3":"status-publish","5":"product_cat-edebiyat","6":"product_cat-fransiz-edebiyati","7":"pa_cilt-ciltsiz","8":"pa_tur-kitap","9":"pa_yayinevi-can-cocuk-yayinlari","10":"pa_yazar-claudine-aubrun","12":"first","13":"instock","14":"sale","15":"shipping-taxable","16":"purchasable","17":"product-type-simple"},"_links":{"self":[{"href":"https:\/\/roveyayinevi.com.tr\/index.php\/wp-json\/wp\/v2\/product\/700840","targetHints":{"allow":["GET"]}}],"collection":[{"href":"https:\/\/roveyayinevi.com.tr\/index.php\/wp-json\/wp\/v2\/product"}],"about":[{"href":"https:\/\/roveyayinevi.com.tr\/index.php\/wp-json\/wp\/v2\/types\/product"}],"wp:attachment":[{"href":"https:\/\/roveyayinevi.com.tr\/index.php\/wp-json\/wp\/v2\/media?parent=700840"}],"wp:term":[{"taxonomy":"product_brand","embeddable":true,"href":"https:\/\/roveyayinevi.com.tr\/index.php\/wp-json\/wp\/v2\/product_brand?post=700840"},{"taxonomy":"product_cat","embeddable":true,"href":"https:\/\/roveyayinevi.com.tr\/index.php\/wp-json\/wp\/v2\/product_cat?post=700840"},{"taxonomy":"product_tag","embeddable":true,"href":"https:\/\/roveyayinevi.com.tr\/index.php\/wp-json\/wp\/v2\/product_tag?post=700840"}],"curies":[{"name":"wp","href":"https:\/\/api.w.org\/{rel}","templated":true}]}}