{"id":700838,"date":"2025-08-27T15:03:07","date_gmt":"2025-08-27T12:03:07","guid":{"rendered":"https:\/\/roveyayinevi.com.tr\/index.php\/urun\/kucuk-hafiyeler-emil-ve-dedektifler\/"},"modified":"2026-04-16T02:10:05","modified_gmt":"2026-04-15T23:10:05","slug":"kucuk-hafiyeler-emil-ve-dedektifler","status":"publish","type":"product","link":"https:\/\/roveyayinevi.com.tr\/index.php\/urun\/kucuk-hafiyeler-emil-ve-dedektifler\/","title":{"rendered":"K\u00fc\u00e7\u00fck Hafiyeler &#8211; Emil Ve Dedektifler"},"content":{"rendered":"<p>Emil ve arkada\u015flar\u0131n\u0131n ser\u00fcvenlerini tek solukta okuyacaks\u0131n\u0131z. Melon \u015fapkal\u0131 k\u00f6t\u00fc bir adam, k\u00fc\u00e7\u00fck Emil\u2019in paras\u0131n\u0131 \u00e7alar. Emil\u2019le arkada\u015flar\u0131 da bir dedektif \u00e7etesi kurarak h\u0131rs\u0131z\u0131n ard\u0131na d\u00fc\u015ferler. &#8220;K\u00fc\u00e7\u00fck Hafiyeler&#8221;i birbirinden heyecanl\u0131 ser\u00fcvenler beklemektedir. Elinizden d\u00fc\u015f\u00fcremeyece\u011finiz bir kitap&#8230;<\/p>\n","protected":false},"excerpt":{"rendered":"<p>Emil ve arkada\u015flar\u0131n\u0131n ser\u00fcvenlerini tek solukta okuyacaks\u0131n\u0131z. Melon \u015fapkal\u0131 k\u00f6t\u00fc bir adam, k\u00fc\u00e7\u00fck Emil\u2019in paras\u0131n\u0131 \u00e7alar. Emil\u2019le arkada\u015flar\u0131 da bir dedektif \u00e7etesi kurarak h\u0131rs\u0131z\u0131n ard\u0131na d\u00fc\u015ferler.<span class=\"excerpt-hellip\"> [\u2026]<\/span><\/p>\n","protected":false},"featured_media":0,"template":"","meta":{"_monsterinsights_skip_tracking":false,"_monsterinsights_sitenote_active":false,"_monsterinsights_sitenote_note":"","_monsterinsights_sitenote_category":0},"product_brand":[],"product_cat":[12275,12274],"product_tag":[],"class_list":{"0":"post-700838","1":"product","2":"type-product","3":"status-publish","5":"product_cat-6-12-yas-kitaplari","6":"product_cat-cocuk-ve-genclik-kitaplari","7":"pa_cilt-ciltsiz","8":"pa_tur-kitap","9":"pa_yayinevi-can-cocuk-yayinlari","10":"pa_yazar-erich-kastner","12":"first","13":"instock","14":"sale","15":"shipping-taxable","16":"purchasable","17":"product-type-simple"},"_links":{"self":[{"href":"https:\/\/roveyayinevi.com.tr\/index.php\/wp-json\/wp\/v2\/product\/700838","targetHints":{"allow":["GET"]}}],"collection":[{"href":"https:\/\/roveyayinevi.com.tr\/index.php\/wp-json\/wp\/v2\/product"}],"about":[{"href":"https:\/\/roveyayinevi.com.tr\/index.php\/wp-json\/wp\/v2\/types\/product"}],"wp:attachment":[{"href":"https:\/\/roveyayinevi.com.tr\/index.php\/wp-json\/wp\/v2\/media?parent=700838"}],"wp:term":[{"taxonomy":"product_brand","embeddable":true,"href":"https:\/\/roveyayinevi.com.tr\/index.php\/wp-json\/wp\/v2\/product_brand?post=700838"},{"taxonomy":"product_cat","embeddable":true,"href":"https:\/\/roveyayinevi.com.tr\/index.php\/wp-json\/wp\/v2\/product_cat?post=700838"},{"taxonomy":"product_tag","embeddable":true,"href":"https:\/\/roveyayinevi.com.tr\/index.php\/wp-json\/wp\/v2\/product_tag?post=700838"}],"curies":[{"name":"wp","href":"https:\/\/api.w.org\/{rel}","templated":true}]}}