{"id":700835,"date":"2025-08-27T15:02:25","date_gmt":"2025-08-27T12:02:25","guid":{"rendered":"https:\/\/roveyayinevi.com.tr\/index.php\/urun\/manolya-kokulu-hikayeler\/"},"modified":"2025-10-13T03:11:34","modified_gmt":"2025-10-13T00:11:34","slug":"manolya-kokulu-hikayeler","status":"publish","type":"product","link":"https:\/\/roveyayinevi.com.tr\/index.php\/urun\/manolya-kokulu-hikayeler\/","title":{"rendered":"Manolya Kokulu Hikayeler"},"content":{"rendered":"<p>\u201cHer \u015fey beklemesini bilen ki\u015fiye  kendili\u011finden gelir.\u201dHayata bir bardak  \u00e7ay Molas\u0131.Umudunu yitirme, \u015eu hayatta bir \u015feyin biti\u015fi her zaman ba\u015fka bir \u015feyin ba\u015flamas\u0131na  sebep olmu\u015ftur. Okurken i\u00e7inizi huzurla  dolduracak, y\u00fcre\u011finizi \u0131s\u0131tacak,  iyilik, sevgi, dostluk ve mutlulu\u011fu dile  getiren birbirinden g\u00fczel 42 adet hik\u00e2yeden derlenen bu kitapla  hayata keyifli bir mola verip  karga\u015fadan s\u0131k\u0131nt\u0131lardan uzakla\u015facaks\u0131n\u0131z.\u201cEn b\u00fcy\u00fck ac\u0131, ba\u015fkalar\u0131yla payla\u015fmaya  cesaret edemedi\u011fin ac\u0131d\u0131r.\u201d- Charles Bukowski<\/p>\n","protected":false},"excerpt":{"rendered":"<p>\u201cHer \u015fey beklemesini bilen ki\u015fiye kendili\u011finden gelir.\u201dHayata bir bardak \u00e7ay Molas\u0131.Umudunu yitirme, \u015eu hayatta bir \u015feyin biti\u015fi her zaman ba\u015fka bir \u015feyin ba\u015flamas\u0131na sebep olmu\u015ftur. Okurken<span class=\"excerpt-hellip\"> [\u2026]<\/span><\/p>\n","protected":false},"featured_media":0,"template":"","meta":{"_monsterinsights_skip_tracking":false,"_monsterinsights_sitenote_active":false,"_monsterinsights_sitenote_note":"","_monsterinsights_sitenote_category":0},"product_brand":[],"product_cat":[12291,12711],"product_tag":[],"class_list":{"0":"post-700835","1":"product","2":"type-product","3":"status-publish","5":"product_cat-edebiyat","6":"product_cat-roman-oyku","7":"pa_cilt-ciltsiz","8":"pa_tur-kitap","9":"pa_yayinevi-yakamoz-yayinevi","10":"pa_yazar-ender-h-derince","12":"first","13":"instock","14":"sale","15":"shipping-taxable","16":"purchasable","17":"product-type-simple"},"_links":{"self":[{"href":"https:\/\/roveyayinevi.com.tr\/index.php\/wp-json\/wp\/v2\/product\/700835","targetHints":{"allow":["GET"]}}],"collection":[{"href":"https:\/\/roveyayinevi.com.tr\/index.php\/wp-json\/wp\/v2\/product"}],"about":[{"href":"https:\/\/roveyayinevi.com.tr\/index.php\/wp-json\/wp\/v2\/types\/product"}],"wp:attachment":[{"href":"https:\/\/roveyayinevi.com.tr\/index.php\/wp-json\/wp\/v2\/media?parent=700835"}],"wp:term":[{"taxonomy":"product_brand","embeddable":true,"href":"https:\/\/roveyayinevi.com.tr\/index.php\/wp-json\/wp\/v2\/product_brand?post=700835"},{"taxonomy":"product_cat","embeddable":true,"href":"https:\/\/roveyayinevi.com.tr\/index.php\/wp-json\/wp\/v2\/product_cat?post=700835"},{"taxonomy":"product_tag","embeddable":true,"href":"https:\/\/roveyayinevi.com.tr\/index.php\/wp-json\/wp\/v2\/product_tag?post=700835"}],"curies":[{"name":"wp","href":"https:\/\/api.w.org\/{rel}","templated":true}]}}