{"id":700834,"date":"2025-08-27T15:02:25","date_gmt":"2025-08-27T12:02:25","guid":{"rendered":"https:\/\/roveyayinevi.com.tr\/index.php\/urun\/bir-sorum-var-neden\/"},"modified":"2026-04-16T02:10:05","modified_gmt":"2026-04-15T23:10:05","slug":"bir-sorum-var-neden","status":"publish","type":"product","link":"https:\/\/roveyayinevi.com.tr\/index.php\/urun\/bir-sorum-var-neden\/","title":{"rendered":"Bir Sorum Var &#8211; Neden?"},"content":{"rendered":"<p>O, evin heyeCan\u00b4\u0131. O, dedesinin soru sor Can\u00b4\u0131. O, okulun haylazl\u0131k yapm\u0131yCan\u00b4\u0131. O, mahallenin gol at\u0131Can\u00b4\u0131. Annesinin ise sadece Can\u00b4\u0131. \u0130\u015fte kar\u015f\u0131n\u0131zda, Can Bilir! <\/p>\n","protected":false},"excerpt":{"rendered":"<p>O, evin heyeCan\u00b4\u0131. O, dedesinin soru sor Can\u00b4\u0131. O, okulun haylazl\u0131k yapm\u0131yCan\u00b4\u0131. O, mahallenin gol at\u0131Can\u00b4\u0131. Annesinin ise sadece Can\u00b4\u0131. \u0130\u015fte kar\u015f\u0131n\u0131zda, Can Bilir!<\/p>\n","protected":false},"featured_media":0,"template":"","meta":{"_monsterinsights_skip_tracking":false,"_monsterinsights_sitenote_active":false,"_monsterinsights_sitenote_note":"","_monsterinsights_sitenote_category":0},"product_brand":[],"product_cat":[13829,12274],"product_tag":[],"class_list":{"0":"post-700834","1":"product","2":"type-product","3":"status-publish","5":"product_cat-bilimsel-kitaplar","6":"product_cat-cocuk-ve-genclik-kitaplari","7":"pa_tur-kitap","8":"pa_yayinevi-ugurbocegi-yayinlari","9":"pa_yazar-mehmet-yasar","11":"first","12":"instock","13":"sale","14":"shipping-taxable","15":"purchasable","16":"product-type-simple"},"_links":{"self":[{"href":"https:\/\/roveyayinevi.com.tr\/index.php\/wp-json\/wp\/v2\/product\/700834","targetHints":{"allow":["GET"]}}],"collection":[{"href":"https:\/\/roveyayinevi.com.tr\/index.php\/wp-json\/wp\/v2\/product"}],"about":[{"href":"https:\/\/roveyayinevi.com.tr\/index.php\/wp-json\/wp\/v2\/types\/product"}],"wp:attachment":[{"href":"https:\/\/roveyayinevi.com.tr\/index.php\/wp-json\/wp\/v2\/media?parent=700834"}],"wp:term":[{"taxonomy":"product_brand","embeddable":true,"href":"https:\/\/roveyayinevi.com.tr\/index.php\/wp-json\/wp\/v2\/product_brand?post=700834"},{"taxonomy":"product_cat","embeddable":true,"href":"https:\/\/roveyayinevi.com.tr\/index.php\/wp-json\/wp\/v2\/product_cat?post=700834"},{"taxonomy":"product_tag","embeddable":true,"href":"https:\/\/roveyayinevi.com.tr\/index.php\/wp-json\/wp\/v2\/product_tag?post=700834"}],"curies":[{"name":"wp","href":"https:\/\/api.w.org\/{rel}","templated":true}]}}