{"id":700833,"date":"2025-08-27T15:02:25","date_gmt":"2025-08-27T12:02:25","guid":{"rendered":"https:\/\/roveyayinevi.com.tr\/index.php\/urun\/kurtulus\/"},"modified":"2026-04-16T02:10:05","modified_gmt":"2026-04-15T23:10:05","slug":"kurtulus","status":"publish","type":"product","link":"https:\/\/roveyayinevi.com.tr\/index.php\/urun\/kurtulus\/","title":{"rendered":"Kurtulu\u015f"},"content":{"rendered":"<p>Atay bu kitab\u0131nda, III. Selim d\u00f6nemi ile 27 May\u0131s 1960 tarihleri aras\u0131nda ger\u00e7ekle\u015fen alt\u0131ihtilalle bu ihtilallerin T\u00fcrk insan\u0131na kazand\u0131rd\u0131klar\u0131 ve kaybettirdikleri hakk\u0131ndaki g\u00f6r\u00fc\u015flerini dile getiriyor. Milli M\u00fccadele y\u0131llar\u0131na birebir tan\u0131kl\u0131k eden Atay, eresinde T\u00fcrkiye Cumhuriyeti\u2019nin bir\u00e7ok konuda h\u00e2l\u00e2 ba\u011f\u0131ms\u0131zl\u0131k ve \u00f6zg\u00fcrl\u00fck m\u00fccadelesi verdi\u011fine de\u011finmekte ve bunlar i\u00e7in as\u0131l \u00e7\u00f6z\u00fcm yolunun sa\u011f ve sol g\u00f6r\u00fc\u015ften ziyade, Atat\u00fcrk\u00e7\u00fcl\u00fckte oldu\u011funun alt\u0131n\u0131 \u00e7izmektedir. Bu eser Falih R\u0131fk\u0131 Atay\u2019\u0131n g\u00f6z\u00fcnden Atat\u00fcr sonras\u0131 T\u00fcrkiyesi\u2019nin bir panoramas\u0131&#8230;<\/p>\n","protected":false},"excerpt":{"rendered":"<p>Atay bu kitab\u0131nda, III. Selim d\u00f6nemi ile 27 May\u0131s 1960 tarihleri aras\u0131nda ger\u00e7ekle\u015fen alt\u0131ihtilalle bu ihtilallerin T\u00fcrk insan\u0131na kazand\u0131rd\u0131klar\u0131 ve kaybettirdikleri hakk\u0131ndaki g\u00f6r\u00fc\u015flerini dile getiriyor. Milli<span class=\"excerpt-hellip\"> [\u2026]<\/span><\/p>\n","protected":false},"featured_media":0,"template":"","meta":{"_monsterinsights_skip_tracking":false,"_monsterinsights_sitenote_active":false,"_monsterinsights_sitenote_note":"","_monsterinsights_sitenote_category":0},"product_brand":[],"product_cat":[12370,12304],"product_tag":[],"class_list":{"0":"post-700833","1":"product","2":"type-product","3":"status-publish","5":"product_cat-arastirma-inceleme","6":"product_cat-tarih","7":"pa_cilt-ciltsiz","8":"pa_tur-kitap","9":"pa_yayinevi-pozitif-yayinlari","10":"pa_yazar-falih-rifki-atay","12":"first","13":"instock","14":"sale","15":"shipping-taxable","16":"purchasable","17":"product-type-simple"},"_links":{"self":[{"href":"https:\/\/roveyayinevi.com.tr\/index.php\/wp-json\/wp\/v2\/product\/700833","targetHints":{"allow":["GET"]}}],"collection":[{"href":"https:\/\/roveyayinevi.com.tr\/index.php\/wp-json\/wp\/v2\/product"}],"about":[{"href":"https:\/\/roveyayinevi.com.tr\/index.php\/wp-json\/wp\/v2\/types\/product"}],"wp:attachment":[{"href":"https:\/\/roveyayinevi.com.tr\/index.php\/wp-json\/wp\/v2\/media?parent=700833"}],"wp:term":[{"taxonomy":"product_brand","embeddable":true,"href":"https:\/\/roveyayinevi.com.tr\/index.php\/wp-json\/wp\/v2\/product_brand?post=700833"},{"taxonomy":"product_cat","embeddable":true,"href":"https:\/\/roveyayinevi.com.tr\/index.php\/wp-json\/wp\/v2\/product_cat?post=700833"},{"taxonomy":"product_tag","embeddable":true,"href":"https:\/\/roveyayinevi.com.tr\/index.php\/wp-json\/wp\/v2\/product_tag?post=700833"}],"curies":[{"name":"wp","href":"https:\/\/api.w.org\/{rel}","templated":true}]}}