{"id":700830,"date":"2025-08-27T15:02:24","date_gmt":"2025-08-27T12:02:24","guid":{"rendered":"https:\/\/roveyayinevi.com.tr\/index.php\/urun\/mektup\/"},"modified":"2026-04-16T02:10:05","modified_gmt":"2026-04-15T23:10:05","slug":"mektup","status":"publish","type":"product","link":"https:\/\/roveyayinevi.com.tr\/index.php\/urun\/mektup\/","title":{"rendered":"Mektup"},"content":{"rendered":"<p>&#8220;L\u00fctfen g\u00fcvercinlerimi unutmay\u0131n.\u201d MS 3. y\u00fczy\u0131lda yat\u0131l\u0131 okulda okuyan bir gencin babas\u0131na g\u00f6nderdi\u011fi mektubun son sat\u0131r\u0131.   D\u00fcnya bir zamanlar mektup ileti\u015fimiyle d\u00f6n\u00fcyordu. Ak\u015fam yeme\u011fe ne zaman geliyoruz, muhte\u015fem g\u00fcn\u00fcm\u00fcz nas\u0131l ge\u00e7ti, a\u015fk\u0131m\u0131zdan nas\u0131l havalara u\u00e7tuk, nas\u0131l kahrolduk, her \u015fey o mektuplardayd\u0131. MEKTUP, posta yoluyla yapt\u0131\u011f\u0131m\u0131z uzun ve benzersiz yolculu\u011fun hik\u00e2yesi.    Yolculuk boyunca hem Cicero, Jane Austen, Virginia Woolf, Jack Kerouac, Ana\u00efs Nin, Napolyon Bonaparte, David Foster Wallace gibi bilindik simalar\u0131n hem de MS 3. y\u00fczy\u0131lda ya\u015fam\u0131\u015f yat\u0131l\u0131 \u00f6\u011frenci gibi, yazd\u0131klar\u0131n\u0131n bu kitab\u0131n par\u00e7as\u0131 olabilece\u011fini hayal bile edemeyecek s\u0131radan insanlar\u0131n kaleminden \u00e7\u0131km\u0131\u015f muhte\u015fem mektuplar\u0131n zarf\u0131n\u0131 a\u00e7\u0131yor. Bir zamanlar \u00e7oksatanlar listelerine giren mektup yaz\u0131m\u0131 \u00fcst\u00fcne rehber kitaplar\u0131n (Lewis Carroll bile bu furyaya kat\u0131lm\u0131\u015ft\u0131) izini s\u00fcr\u00fcyor, Oscar Wilde\u2019\u0131n mektup yollamak i\u00e7in se\u00e7ti\u011fi tuhaf y\u00f6ntemi, g\u00f6r\u00fcnmez m\u00fcrekkebin kullan\u0131m s\u0131rlar\u0131n\u0131, sahipsiz mektuplar\u0131 hayata d\u00f6nd\u00fcrmek i\u00e7in kurulmu\u015f \u201d\u00d6l\u00fc Mektup Ofisi\u201dnin dramatik \u00f6yk\u00fcs\u00fcn\u00fc payla\u015f\u0131yor, hangi durumlarda d\u00fc\u011f\u00fcn hediyesi olarak bal\u0131k g\u00f6nderilebilece\u011fini \u00f6\u011fretiyor, \u00f6ld\u00fc\u011f\u00fcm\u00fczde e-posta kutumuza ne oldu\u011funu sorguluyor. Sava\u015f d\u00f6nemindeki bir yaz\u0131\u015fman\u0131n b\u00fcy\u00fcleyici hik\u00e2yesini g\u00fcn y\u00fcz\u00fcne \u00e7\u0131kartarak, basit bir mektubun hayat\u0131n gidi\u015fat\u0131n\u0131 nas\u0131l de\u011fi\u015ftirebilece\u011fini g\u00f6zler \u00f6n\u00fcne seriyor.   B\u00fcy\u00fck ilgi g\u00f6ren \u201cTAM BEN\u0130M T\u0130P\u0130M\u201din yazar\u0131ndan   \u201cB\u00fcy\u00fcleyici anekdotlarla dolu&#8230; Mektuba kar\u015f\u0131 bula\u015f\u0131c\u0131 bir heves yarat\u0131yor.\u201d New York Times <\/p>\n","protected":false},"excerpt":{"rendered":"<p>&#8220;L\u00fctfen g\u00fcvercinlerimi unutmay\u0131n.\u201d MS 3. y\u00fczy\u0131lda yat\u0131l\u0131 okulda okuyan bir gencin babas\u0131na g\u00f6nderdi\u011fi mektubun son sat\u0131r\u0131. D\u00fcnya bir zamanlar mektup ileti\u015fimiyle d\u00f6n\u00fcyordu. Ak\u015fam yeme\u011fe ne zaman<span class=\"excerpt-hellip\"> [\u2026]<\/span><\/p>\n","protected":false},"featured_media":0,"template":"","meta":{"_monsterinsights_skip_tracking":false,"_monsterinsights_sitenote_active":false,"_monsterinsights_sitenote_note":"","_monsterinsights_sitenote_category":0},"product_brand":[],"product_cat":[15563],"product_tag":[],"class_list":{"0":"post-700830","1":"product","2":"type-product","3":"status-publish","5":"product_cat-hobi","6":"pa_cilt-ciltsiz","7":"pa_tur-kitap","8":"pa_yayinevi-domingo-yayinevi","9":"pa_yazar-simon-garfield","11":"first","12":"instock","13":"sale","14":"shipping-taxable","15":"purchasable","16":"product-type-simple"},"_links":{"self":[{"href":"https:\/\/roveyayinevi.com.tr\/index.php\/wp-json\/wp\/v2\/product\/700830","targetHints":{"allow":["GET"]}}],"collection":[{"href":"https:\/\/roveyayinevi.com.tr\/index.php\/wp-json\/wp\/v2\/product"}],"about":[{"href":"https:\/\/roveyayinevi.com.tr\/index.php\/wp-json\/wp\/v2\/types\/product"}],"wp:attachment":[{"href":"https:\/\/roveyayinevi.com.tr\/index.php\/wp-json\/wp\/v2\/media?parent=700830"}],"wp:term":[{"taxonomy":"product_brand","embeddable":true,"href":"https:\/\/roveyayinevi.com.tr\/index.php\/wp-json\/wp\/v2\/product_brand?post=700830"},{"taxonomy":"product_cat","embeddable":true,"href":"https:\/\/roveyayinevi.com.tr\/index.php\/wp-json\/wp\/v2\/product_cat?post=700830"},{"taxonomy":"product_tag","embeddable":true,"href":"https:\/\/roveyayinevi.com.tr\/index.php\/wp-json\/wp\/v2\/product_tag?post=700830"}],"curies":[{"name":"wp","href":"https:\/\/api.w.org\/{rel}","templated":true}]}}