{"id":700827,"date":"2025-08-27T15:02:23","date_gmt":"2025-08-27T12:02:23","guid":{"rendered":"https:\/\/roveyayinevi.com.tr\/index.php\/urun\/dunyada-ilac-ve-kimya-teroru\/"},"modified":"2026-04-16T02:10:05","modified_gmt":"2026-04-15T23:10:05","slug":"dunyada-ilac-ve-kimya-teroru","status":"publish","type":"product","link":"https:\/\/roveyayinevi.com.tr\/index.php\/urun\/dunyada-ilac-ve-kimya-teroru\/","title":{"rendered":"D\u00fcnyada \u0130la\u00e7 ve Kimya Ter\u00f6r\u00fc"},"content":{"rendered":"<p>Kimyasal ila\u00e7lar\u0131n \u00f6nemli bir k\u0131sm\u0131 art\u0131k kesin tedavi sunmaya y\u00f6nelik de\u011fil hayat boyu al\u0131nmas\u0131 gerekecek \u015fekilde dizayn ediliyor. \u0130nsanlar belli bir ya\u015ftan sonra \u00f6m\u00fcr boyu \u00e7e\u015fitli ila\u00e7larla ya\u015famaya mahkum ediliyor. Bunlar bir s\u00fcre sonra, b\u00f6brekleri olumsuz etkiliyor ve  di\u011fer sa\u011fl\u0131k sorunlar\u0131n\u0131 da tetikliyor. Sa\u011fl\u0131k sisteminde hastalara gereksiz yere ve gere\u011finden fazla ila\u00e7 yaz\u0131lmas\u0131 neredeyse rutin bir uygulama oldu. Sa\u011fl\u0131k sistemi i\u00e7inde hakim olan unsur; ila\u00e7 firmalar\u0131 ve onlar\u0131n ne pahas\u0131na olursa olsun k\u00e2rlar\u0131n\u0131 artt\u0131rma olunca sa\u011fl\u0131k sistemi soru\u015fturulur h\u00e2le geliyor. Kimyasallar\u0131n ila\u00e7 alan\u0131 d\u0131\u015f\u0131ndaki tehlikeleri ise hem \u00e7evre hem insanl\u0131k i\u00e7in adeta bir ter\u00f6r olu\u015fturuyor. Ya\u015fam\u0131m\u0131za 1950&#8217;lerden itibaren 100 bin civar\u0131nda yeni kimyasal madde girdi. Ya\u015fam\u0131m\u0131z plastik gibi kimyasal k\u00f6kenli maddelerle \u00e7evrildi. Bunlar\u0131 \u00e7ok bilin\u00e7siz kullan\u0131yoruz ve bu at\u0131klar da y\u00fczlerce y\u0131l tabiattan kaybolmayarak \u00e7evreyi, havay\u0131 ve g\u0131da zincirimizi zehirliyor. Sa\u011fl\u0131kl\u0131 ya\u015fam alanlar\u0131m\u0131z\u0131 her ge\u00e7en g\u00fcn elimizden al\u0131yor. ABD\u2019de yap\u0131lan bir ara\u015ft\u0131rmada, yeni do\u011fmu\u015f \u00e7ocuklar\u0131n g\u00f6bek ba\u011f\u0131nda 300&#8217;e yak\u0131n kimyasal madde bulunmu\u015ftur. Bilin\u00e7siz ya\u015fam ve daha \u00e7ok para kazanma u\u011fruna hem kendimizi hem ana karn\u0131ndaki \u00e7ocuklar\u0131m\u0131z\u0131 bile zehirlemekteyiz. Ya\u015fam konusunda bilgili olmak ve bu konuda organize hareket ederek bir \u015feyler yapmaya \u00e7al\u0131\u015fmak, insanl\u0131k ve gelecek nesiller ad\u0131na yap\u0131labilecek en erdemli g\u00f6rev olacakt\u0131r.  \u201cModern ya\u015famda kimyasal ila\u00e7lar ve kimyasallar bilin\u00e7siz kullan\u0131ld\u0131\u011f\u0131 takdirde insanlar\u0131n sa\u011fl\u0131\u011f\u0131n\u0131 bozarken \u00e7evreye de b\u00fcy\u00fck zararlar veriyor. Elimizdeki \u00e7al\u0131\u015fma bu konudaki  hayati ger\u00e7ekleri bize belgeleriyle sunuyor. Tokalak, insan sa\u011fl\u0131\u011f\u0131 ve \u00e7evre konusundaki yanl\u0131\u015fl\u0131klar\u0131 ortaya  koyarken son bilimsel veriler e\u015fli\u011finde bizlere bilin\u00e7li ya\u015fam konusunda anla\u015f\u0131l\u0131r bir \u015fekilde yol g\u00f6steriyor.\u201d TEMA Onursal Ba\u015fkan\u0131, Hayrettin Karaca Kimyasal ila\u00e7lar\u0131n \u00f6nemli bir k\u0131sm\u0131 art\u0131k kesin tedavi sunmaya y\u00f6nelik de\u011fil hayat boyu al\u0131nmas\u0131 gerekecek \u015fekilde dizayn ediliyor. \u0130nsanlar belli bir ya\u015ftan sonra \u00f6m\u00fcr boyu \u00e7e\u015fitli ila\u00e7larla ya\u015famaya mahkum ediliyor. Bunlar bir s\u00fcre sonra, b\u00f6brekleri olumsuz etkiliyor ve  di\u011fer sa\u011fl\u0131k sorunlar\u0131n\u0131 da tetikliyor. Sa\u011fl\u0131k sisteminde hastalara gereksiz yere ve gere\u011finden fazla ila\u00e7 yaz\u0131lmas\u0131 neredeyse rutin bir uygulama oldu. Sa\u011fl\u0131k sistemi i\u00e7inde hakim olan unsur; ila\u00e7 firmalar\u0131 ve onlar\u0131n ne pahas\u0131na olursa olsun k\u00e2rlar\u0131n\u0131 artt\u0131rma olunca sa\u011fl\u0131k sistemi soru\u015fturulur h\u00e2le geliyor. <\/p>\n","protected":false},"excerpt":{"rendered":"<p>Kimyasal ila\u00e7lar\u0131n \u00f6nemli bir k\u0131sm\u0131 art\u0131k kesin tedavi sunmaya y\u00f6nelik de\u011fil hayat boyu al\u0131nmas\u0131 gerekecek \u015fekilde dizayn ediliyor. \u0130nsanlar belli bir ya\u015ftan sonra \u00f6m\u00fcr boyu \u00e7e\u015fitli<span class=\"excerpt-hellip\"> [\u2026]<\/span><\/p>\n","protected":false},"featured_media":0,"template":"","meta":{"_monsterinsights_skip_tracking":false,"_monsterinsights_sitenote_active":false,"_monsterinsights_sitenote_note":"","_monsterinsights_sitenote_category":0},"product_brand":[],"product_cat":[13633,12324],"product_tag":[],"class_list":{"0":"post-700827","1":"product","2":"type-product","3":"status-publish","5":"product_cat-kultur-ve-bilim","6":"product_cat-sosyoloji","7":"pa_cilt-ciltsiz","8":"pa_tur-kitap","9":"pa_yayinevi-atac-yayinlari","10":"pa_yazar-ismail-tokalak","12":"first","13":"instock","14":"sale","15":"shipping-taxable","16":"purchasable","17":"product-type-simple"},"_links":{"self":[{"href":"https:\/\/roveyayinevi.com.tr\/index.php\/wp-json\/wp\/v2\/product\/700827","targetHints":{"allow":["GET"]}}],"collection":[{"href":"https:\/\/roveyayinevi.com.tr\/index.php\/wp-json\/wp\/v2\/product"}],"about":[{"href":"https:\/\/roveyayinevi.com.tr\/index.php\/wp-json\/wp\/v2\/types\/product"}],"wp:attachment":[{"href":"https:\/\/roveyayinevi.com.tr\/index.php\/wp-json\/wp\/v2\/media?parent=700827"}],"wp:term":[{"taxonomy":"product_brand","embeddable":true,"href":"https:\/\/roveyayinevi.com.tr\/index.php\/wp-json\/wp\/v2\/product_brand?post=700827"},{"taxonomy":"product_cat","embeddable":true,"href":"https:\/\/roveyayinevi.com.tr\/index.php\/wp-json\/wp\/v2\/product_cat?post=700827"},{"taxonomy":"product_tag","embeddable":true,"href":"https:\/\/roveyayinevi.com.tr\/index.php\/wp-json\/wp\/v2\/product_tag?post=700827"}],"curies":[{"name":"wp","href":"https:\/\/api.w.org\/{rel}","templated":true}]}}