{"id":700825,"date":"2025-08-27T15:02:22","date_gmt":"2025-08-27T12:02:22","guid":{"rendered":"https:\/\/roveyayinevi.com.tr\/index.php\/urun\/hugo-chavez-ve-bolivarci-devrim\/"},"modified":"2026-04-16T02:10:05","modified_gmt":"2026-04-15T23:10:05","slug":"hugo-chavez-ve-bolivarci-devrim","status":"publish","type":"product","link":"https:\/\/roveyayinevi.com.tr\/index.php\/urun\/hugo-chavez-ve-bolivarci-devrim\/","title":{"rendered":"Hugo Chavez ve Bolivarc\u0131 Devrim"},"content":{"rendered":"<p>Hugo Chavez \u00f6nderli\u011finde Venez\u00fcella\u2019da s\u00fcren devrim t\u00fcm d\u00fcnyan\u0131n merakl\u0131 bak\u0131\u015flar\u0131n\u0131 \u00fczerine \u00e7ekiyor. ABD\u2019nin arka bah\u00e7esi nde ba\u015flayan, ordu k\u00f6kenli karizmatik bir devrimcinin \u00f6nderlik etti\u011fi bu harekete dair pek \u00e7ok soru zihinleri me\u015fgul ediyor: Hugo Chavez nas\u0131l iktidara geldi, ABD\u2019nin yak\u0131n y\u00f6nlendirmesiyle giri\u015filen say\u0131s\u0131z devirme giri\u015fimine ra\u011fmen nas\u0131l ayakta kald\u0131? ABD\u2019ye kar\u015f\u0131 tutumunu her ge\u00e7en g\u00fcn sertle\u015ftiren ve k\u00f6kl\u00fc toplumsal d\u00f6n\u00fc\u015f\u00fcm kararlar\u0131 alan iktidar\u0131n toplumsal dayana\u011f\u0131 nedir ve bu devrimi nas\u0131l bir gelecek bekliyor? \u00dcnl\u00fc \u0130ngiliz gazeteci Richard Gott, Venez\u00fcella\u2019da yapt\u0131\u011f\u0131 somut g\u00f6zlemlerle, Chavez\u2019le ger\u00e7ekle\u015ftirdi\u011fi g\u00f6r\u00fc\u015fmelerle ve titiz bir ara\u015ft\u0131rmayla bu sorular\u0131n cevaplar\u0131n\u0131 ar\u0131yor. Belgesel anlat\u0131 t\u00fcr\u00fcndeki kitap, devrime aktif olarak kat\u0131lan emek\u00e7i s\u0131n\u0131flar\u0131n t\u00fckenmez enerjisini, heyecan\u0131n\u0131 ve co\u015fkusunu da ak\u0131c\u0131 bir dille yans\u0131t\u0131yor. \ufffcTan\u0131t\u0131m Metni<\/p>\n","protected":false},"excerpt":{"rendered":"<p>Hugo Chavez \u00f6nderli\u011finde Venez\u00fcella\u2019da s\u00fcren devrim t\u00fcm d\u00fcnyan\u0131n merakl\u0131 bak\u0131\u015flar\u0131n\u0131 \u00fczerine \u00e7ekiyor. ABD\u2019nin arka bah\u00e7esi nde ba\u015flayan, ordu k\u00f6kenli karizmatik bir devrimcinin \u00f6nderlik etti\u011fi bu harekete<span class=\"excerpt-hellip\"> [\u2026]<\/span><\/p>\n","protected":false},"featured_media":0,"template":"","meta":{"_monsterinsights_skip_tracking":false,"_monsterinsights_sitenote_active":false,"_monsterinsights_sitenote_note":"","_monsterinsights_sitenote_category":0},"product_brand":[],"product_cat":[12337,14543],"product_tag":[],"class_list":{"0":"post-700825","1":"product","2":"type-product","3":"status-publish","5":"product_cat-politika-siyaset","6":"product_cat-turkiye-siyaseti-ve-politikasi","7":"pa_cilt-ciltsiz","8":"pa_tur-kitap","9":"pa_yayinevi-yordam-kitap","10":"pa_yazar-richard-gott","12":"first","13":"instock","14":"sale","15":"shipping-taxable","16":"purchasable","17":"product-type-simple"},"_links":{"self":[{"href":"https:\/\/roveyayinevi.com.tr\/index.php\/wp-json\/wp\/v2\/product\/700825","targetHints":{"allow":["GET"]}}],"collection":[{"href":"https:\/\/roveyayinevi.com.tr\/index.php\/wp-json\/wp\/v2\/product"}],"about":[{"href":"https:\/\/roveyayinevi.com.tr\/index.php\/wp-json\/wp\/v2\/types\/product"}],"wp:attachment":[{"href":"https:\/\/roveyayinevi.com.tr\/index.php\/wp-json\/wp\/v2\/media?parent=700825"}],"wp:term":[{"taxonomy":"product_brand","embeddable":true,"href":"https:\/\/roveyayinevi.com.tr\/index.php\/wp-json\/wp\/v2\/product_brand?post=700825"},{"taxonomy":"product_cat","embeddable":true,"href":"https:\/\/roveyayinevi.com.tr\/index.php\/wp-json\/wp\/v2\/product_cat?post=700825"},{"taxonomy":"product_tag","embeddable":true,"href":"https:\/\/roveyayinevi.com.tr\/index.php\/wp-json\/wp\/v2\/product_tag?post=700825"}],"curies":[{"name":"wp","href":"https:\/\/api.w.org\/{rel}","templated":true}]}}