{"id":700824,"date":"2025-08-27T15:02:22","date_gmt":"2025-08-27T12:02:22","guid":{"rendered":"https:\/\/roveyayinevi.com.tr\/index.php\/urun\/askimumya-ima-kilavuzu\/"},"modified":"2026-04-16T02:10:04","modified_gmt":"2026-04-15T23:10:04","slug":"askimumya-ima-kilavuzu","status":"publish","type":"product","link":"https:\/\/roveyayinevi.com.tr\/index.php\/urun\/askimumya-ima-kilavuzu\/","title":{"rendered":"A\u015fk\u0131mumya \u0130ma K\u0131lavuzu"},"content":{"rendered":"<p>A\u015fk\u0131mumya-\u0130ma K\u0131lavuzu, Murat Yal\u00e7\u0131n\u2019\u0131n yazarl\u0131k ya\u015fam\u0131n\u0131n ilk on y\u0131l\u0131nda yay\u0131mlad\u0131\u011f\u0131 iki kitab\u0131 bir araya getiriyor. Yal\u00e7\u0131n, ilk \u00f6yk\u00fclerinden itibaren geleneksel anlat\u0131m y\u00f6ntemlerinden uzak durmay\u0131 se\u00e7mi\u015f, hik\u00e2yeye odaklanmak yerine dili bir anlat\u0131 karakteri olarak kullanmay\u0131 denemi\u015fti. Onun bu \u00fcslup aray\u0131\u015f\u0131 ortaya ironik, derin d\u00fc\u015f\u00fcncelere kap\u0131 aralayan bamba\u015fka bir \u00f6yk\u00fc d\u00fcnyas\u0131 \u00e7\u0131kar\u0131yor. A\u015fk\u0131mumya, bu anlay\u0131\u015f\u0131n olgunla\u015ft\u0131\u011f\u0131 \u00f6yk\u00fclerden olu\u015fuyor. \u0130ma K\u0131lavuzu ise ayn\u0131 y\u00f6nelimi k\u0131pk\u0131sa \u00f6yk\u00fcler \u00e7er\u00e7evesinde somutla\u015ft\u0131r\u0131yor, deneysel \u00f6yk\u00fclerden ho\u015flanan okurlar\u0131n be\u011fenisine sunuyor. <\/p>\n","protected":false},"excerpt":{"rendered":"<p>A\u015fk\u0131mumya-\u0130ma K\u0131lavuzu, Murat Yal\u00e7\u0131n\u2019\u0131n yazarl\u0131k ya\u015fam\u0131n\u0131n ilk on y\u0131l\u0131nda yay\u0131mlad\u0131\u011f\u0131 iki kitab\u0131 bir araya getiriyor. Yal\u00e7\u0131n, ilk \u00f6yk\u00fclerinden itibaren geleneksel anlat\u0131m y\u00f6ntemlerinden uzak durmay\u0131 se\u00e7mi\u015f, hik\u00e2yeye<span class=\"excerpt-hellip\"> [\u2026]<\/span><\/p>\n","protected":false},"featured_media":0,"template":"","meta":{"_monsterinsights_skip_tracking":false,"_monsterinsights_sitenote_active":false,"_monsterinsights_sitenote_note":"","_monsterinsights_sitenote_category":0},"product_brand":[],"product_cat":[12291,12292],"product_tag":[],"class_list":{"0":"post-700824","1":"product","2":"type-product","3":"status-publish","5":"product_cat-edebiyat","6":"product_cat-turk-edebiyati","7":"pa_cilt-ciltsiz","8":"pa_tur-kitap","9":"pa_yayinevi-can-yayinlari","10":"pa_yazar-murat-yalcin","12":"first","13":"instock","14":"sale","15":"shipping-taxable","16":"purchasable","17":"product-type-simple"},"_links":{"self":[{"href":"https:\/\/roveyayinevi.com.tr\/index.php\/wp-json\/wp\/v2\/product\/700824","targetHints":{"allow":["GET"]}}],"collection":[{"href":"https:\/\/roveyayinevi.com.tr\/index.php\/wp-json\/wp\/v2\/product"}],"about":[{"href":"https:\/\/roveyayinevi.com.tr\/index.php\/wp-json\/wp\/v2\/types\/product"}],"wp:attachment":[{"href":"https:\/\/roveyayinevi.com.tr\/index.php\/wp-json\/wp\/v2\/media?parent=700824"}],"wp:term":[{"taxonomy":"product_brand","embeddable":true,"href":"https:\/\/roveyayinevi.com.tr\/index.php\/wp-json\/wp\/v2\/product_brand?post=700824"},{"taxonomy":"product_cat","embeddable":true,"href":"https:\/\/roveyayinevi.com.tr\/index.php\/wp-json\/wp\/v2\/product_cat?post=700824"},{"taxonomy":"product_tag","embeddable":true,"href":"https:\/\/roveyayinevi.com.tr\/index.php\/wp-json\/wp\/v2\/product_tag?post=700824"}],"curies":[{"name":"wp","href":"https:\/\/api.w.org\/{rel}","templated":true}]}}