{"id":700821,"date":"2025-08-27T15:02:21","date_gmt":"2025-08-27T12:02:21","guid":{"rendered":"https:\/\/roveyayinevi.com.tr\/index.php\/urun\/popom-olmadan-asla\/"},"modified":"2026-04-16T02:10:04","modified_gmt":"2026-04-15T23:10:04","slug":"popom-olmadan-asla","status":"publish","type":"product","link":"https:\/\/roveyayinevi.com.tr\/index.php\/urun\/popom-olmadan-asla\/","title":{"rendered":"Popom Olmadan Asla"},"content":{"rendered":"<p>\u015e\u00f6yle yan d\u00f6nd\u00fcm, popoma bakt\u0131m. Ben spor salonuna gitsem, kendisi arkamdan bir saat sonra gelecek gibiydi. Soluk solu\u011fa i\u00e7eri girecek, Merhaba ben han\u0131mefendinin poposuyum. Kendisi geldiler mi acaba? Burada bulu\u015facakt\u0131k. diyecekti.Siz hi\u00e7 terkedildiniz mi?Ya terkedildi\u011finiz i\u00e7in depresyona girdiniz mi?Depresyona girince yeme\u011fe mi y\u00fcklendiniz?Peki yeme\u011fe y\u00fcklenince iyice depresyona girdiniz mi?Tebrikler! \u015ei\u015fman insan\u0131n sonsuz d\u00f6ng\u00fcs\u00fcne ho\u015fgeldiniz.Okan&#8217;\u0131n e\u015fyalar\u0131n\u0131n hepsini toplay\u0131p koliye koymal\u0131 ve o koliyi de atmal\u0131yd\u0131m. Sonra k\u0131yamam ki diye d\u00fc\u015f\u00fcnd\u00fcm. Onlar\u0131n her biri Okan&#8217;\u0131n bir par\u00e7as\u0131. Salonun ortas\u0131na \u015f\u00f6yle bir b\u00fcst yapt\u0131rsam, \u00fcst\u00fcne koliyi koysam, etraf\u0131n\u0131 da camla kapatt\u0131r\u0131p, tepeden spot \u0131\u015f\u0131klar\u0131yla ayd\u0131nlatsam? Bence bu da iyi fikirdi.Esprili dili ve kendine gaddar mizah\u0131yla k\u0131sa s\u00fcrede Twitter&#8217;da fenomen haline gelen \u015ei\u015fman K\u0131z, a\u015fk\u0131, ayr\u0131l\u0131\u011f\u0131 ve ac\u0131s\u0131yla tatl\u0131s\u0131yla her t\u00fcrl\u00fc yeme\u011fi masaya yat\u0131rd\u0131\u011f\u0131 Popom Olmadan Asla roman\u0131 ile Diz\u00fcst\u00fc Edebiyat serisine de olanca a\u011f\u0131rl\u0131\u011f\u0131n\u0131 koymaya geliyor! <\/p>\n","protected":false},"excerpt":{"rendered":"<p>\u015e\u00f6yle yan d\u00f6nd\u00fcm, popoma bakt\u0131m. Ben spor salonuna gitsem, kendisi arkamdan bir saat sonra gelecek gibiydi. Soluk solu\u011fa i\u00e7eri girecek, Merhaba ben han\u0131mefendinin poposuyum. Kendisi geldiler<span class=\"excerpt-hellip\"> [\u2026]<\/span><\/p>\n","protected":false},"featured_media":0,"template":"","meta":{"_monsterinsights_skip_tracking":false,"_monsterinsights_sitenote_active":false,"_monsterinsights_sitenote_note":"","_monsterinsights_sitenote_category":0},"product_brand":[],"product_cat":[12291,14825],"product_tag":[],"class_list":{"0":"post-700821","1":"product","2":"type-product","3":"status-publish","5":"product_cat-edebiyat","6":"product_cat-mizah","7":"pa_tur-kitap","8":"pa_yayinevi-okuyan-us-yayin","9":"pa_yazar-sisman-kiz","11":"first","12":"instock","13":"sale","14":"shipping-taxable","15":"purchasable","16":"product-type-simple"},"_links":{"self":[{"href":"https:\/\/roveyayinevi.com.tr\/index.php\/wp-json\/wp\/v2\/product\/700821","targetHints":{"allow":["GET"]}}],"collection":[{"href":"https:\/\/roveyayinevi.com.tr\/index.php\/wp-json\/wp\/v2\/product"}],"about":[{"href":"https:\/\/roveyayinevi.com.tr\/index.php\/wp-json\/wp\/v2\/types\/product"}],"wp:attachment":[{"href":"https:\/\/roveyayinevi.com.tr\/index.php\/wp-json\/wp\/v2\/media?parent=700821"}],"wp:term":[{"taxonomy":"product_brand","embeddable":true,"href":"https:\/\/roveyayinevi.com.tr\/index.php\/wp-json\/wp\/v2\/product_brand?post=700821"},{"taxonomy":"product_cat","embeddable":true,"href":"https:\/\/roveyayinevi.com.tr\/index.php\/wp-json\/wp\/v2\/product_cat?post=700821"},{"taxonomy":"product_tag","embeddable":true,"href":"https:\/\/roveyayinevi.com.tr\/index.php\/wp-json\/wp\/v2\/product_tag?post=700821"}],"curies":[{"name":"wp","href":"https:\/\/api.w.org\/{rel}","templated":true}]}}