{"id":700816,"date":"2025-08-27T15:02:20","date_gmt":"2025-08-27T12:02:20","guid":{"rendered":"https:\/\/roveyayinevi.com.tr\/index.php\/urun\/insan-olmak-2\/"},"modified":"2026-04-08T02:13:20","modified_gmt":"2026-04-07T23:13:20","slug":"insan-olmak-2","status":"publish","type":"product","link":"https:\/\/roveyayinevi.com.tr\/index.php\/urun\/insan-olmak-2\/","title":{"rendered":"\u0130nsan Olmak"},"content":{"rendered":"<p>13 ya\u015f\u0131ndayken d\u00fcnya \u00f6\u011fretmeni se\u00e7ilen Krishnamurti, hayat\u0131n\u0131 d\u00fcnyay\u0131 dola\u015farak, insanlarla  ya\u015fama ve d\u00fcnyaya dair konu\u015farak ge\u00e7irdi. Kendisine mesihlik yak\u0131\u015ft\u0131r\u0131lm\u0131\u015f olmas\u0131na ra\u011fmen bunu hi\u00e7bir zaman kabul etmedi. Onun i\u00e7in, kar\u015f\u0131la\u015ft\u0131\u011f\u0131 herkes ba\u015fl\u0131 ba\u015f\u0131na bir \u201cbirey\u201ddi. Bu nedenle \u00f6\u011fretmekten \u00e7ok payla\u015fmay\u0131 ilke edindi. Yine de d\u00fcnya \u00fczerindeki milyonlarca ki\u015fi ondan \u00e7ok \u015fey \u00f6\u011frendi. Olgun insan hakikati bulmaya daha yak\u0131nd\u0131r. Asla yaln\u0131zca \u201cak\u0131l hocalar\u0131n\u0131n\u201d, salt bilginin, bilimin, sadakatin ya da eylemin yoluna gitmez. Kendini herhangi, belirli bir yola adayan insan olgunla\u015fmam\u0131\u015ft\u0131r ve b\u00f6yle biri asla ba\u015f\u0131 sonu olmayan, ebedi hakikate ula\u015famayacakt\u0131r \u00e7\u00fcnk\u00fc kendisini adad\u0131\u011f\u0131 o yol zamana aittir. Zaman\u0131n i\u00e7inden ge\u00e7erek zamandan ba\u011f\u0131ms\u0131z olan bulunamayaca\u011f\u0131 gibi \u0131st\u0131rap i\u00e7inden de mutlulu\u011fa ula\u015f\u0131lamaz. Mutluluk aran\u0131yorsa \u0131st\u0131rap bir kenara konmal\u0131d\u0131r. Sevdi\u011finiz zaman o sevginin i\u00e7inde tart\u0131\u015fma ya da \u00e7at\u0131\u015fmaya yer yoktur. Karanl\u0131\u011f\u0131n ortas\u0131nda \u0131\u015f\u0131k olmaz, ancak karanl\u0131ktan kurtuldu\u011funuzda \u0131\u015f\u0131\u011fa kavu\u015fursunuz. Benzer bir \u015fekilde sevgi de ancak sahiplenme, mahk\u00fbm etme ve kendini ispat etme kayg\u0131s\u0131 olmad\u0131\u011f\u0131nda var olur. <\/p>\n","protected":false},"excerpt":{"rendered":"<p>13 ya\u015f\u0131ndayken d\u00fcnya \u00f6\u011fretmeni se\u00e7ilen Krishnamurti, hayat\u0131n\u0131 d\u00fcnyay\u0131 dola\u015farak, insanlarla ya\u015fama ve d\u00fcnyaya dair konu\u015farak ge\u00e7irdi. Kendisine mesihlik yak\u0131\u015ft\u0131r\u0131lm\u0131\u015f olmas\u0131na ra\u011fmen bunu hi\u00e7bir zaman kabul etmedi.<span class=\"excerpt-hellip\"> [\u2026]<\/span><\/p>\n","protected":false},"featured_media":0,"template":"","meta":{"_monsterinsights_skip_tracking":false,"_monsterinsights_sitenote_active":false,"_monsterinsights_sitenote_note":"","_monsterinsights_sitenote_category":0},"product_brand":[],"product_cat":[12364,12376],"product_tag":[],"class_list":{"0":"post-700816","1":"product","2":"type-product","3":"status-publish","5":"product_cat-genel-konular","6":"product_cat-kisisel-gelisim","7":"pa_cilt-ciltsiz","8":"pa_tur-kitap","9":"pa_yayinevi-omega","10":"pa_yazar-j-krishnamurti","12":"first","13":"instock","14":"sale","15":"shipping-taxable","16":"purchasable","17":"product-type-simple"},"_links":{"self":[{"href":"https:\/\/roveyayinevi.com.tr\/index.php\/wp-json\/wp\/v2\/product\/700816","targetHints":{"allow":["GET"]}}],"collection":[{"href":"https:\/\/roveyayinevi.com.tr\/index.php\/wp-json\/wp\/v2\/product"}],"about":[{"href":"https:\/\/roveyayinevi.com.tr\/index.php\/wp-json\/wp\/v2\/types\/product"}],"wp:attachment":[{"href":"https:\/\/roveyayinevi.com.tr\/index.php\/wp-json\/wp\/v2\/media?parent=700816"}],"wp:term":[{"taxonomy":"product_brand","embeddable":true,"href":"https:\/\/roveyayinevi.com.tr\/index.php\/wp-json\/wp\/v2\/product_brand?post=700816"},{"taxonomy":"product_cat","embeddable":true,"href":"https:\/\/roveyayinevi.com.tr\/index.php\/wp-json\/wp\/v2\/product_cat?post=700816"},{"taxonomy":"product_tag","embeddable":true,"href":"https:\/\/roveyayinevi.com.tr\/index.php\/wp-json\/wp\/v2\/product_tag?post=700816"}],"curies":[{"name":"wp","href":"https:\/\/api.w.org\/{rel}","templated":true}]}}