{"id":700815,"date":"2025-08-27T15:02:19","date_gmt":"2025-08-27T12:02:19","guid":{"rendered":"https:\/\/roveyayinevi.com.tr\/index.php\/urun\/din-bu-1\/"},"modified":"2026-04-16T02:10:04","modified_gmt":"2026-04-15T23:10:04","slug":"din-bu-1","status":"publish","type":"product","link":"https:\/\/roveyayinevi.com.tr\/index.php\/urun\/din-bu-1\/","title":{"rendered":"Din Bu &#8211; 1"},"content":{"rendered":"<p>Turan&#8217;\u0131m&#8230;On d\u00f6rt bin kilometreden ba\u011f\u0131r\u0131yorum sana.Kutlar\u0131m. Gece karanl\u0131kta kara nadas\u0131n i\u00e7inde, kara koyunun kara kuzusunu g\u00f6ren g\u00f6zlerinden \u00f6perim. Ali Akbaba, Sydney.\u0130slam dinin tezyif eden, Diyanet&#8217;i ihanete ve h\u0131yanete \u00e7eviren \u00e7\u0131karc\u0131 ve ilahiyat mezunu kimilerinin y\u00fcz k\u0131zart\u0131c\u0131 \u015feriat meczupluklar\u0131na meydan okuyan yaz\u0131lar\u0131n\u0131z\u0131n hayran\u0131y\u0131m. Ellerin dert g\u00f6rmesin. Ben, ya\u015f\u0131 seksene yakla\u015fan, Ata&#8217;n\u0131n zaman\u0131n\u0131 ya\u015fam\u0131\u015f, din bilgisini de \u0130zmirli \u0130smail Hoca&#8217;dan edinmi\u015f bir kimseyim. \u0130slam i\u00e7in hi\u00e7 de makbul olmayan tarikatlara b\u00f6l\u00fcnm\u00fc\u015f hocalar\u0131m\u0131z\u0131n, \u00e7\u0131karlar\u0131ndan ba\u015fka bir \u015fey tan\u0131mad\u0131klar\u0131ndan size hocam diye ba\u015flad\u0131m. A. Sadreddin Halulu, Kar\u015f\u0131yakaS\u00f6yleyeni ad\u0131 akl\u0131mda de\u011fil \u015fimdi. Bir \u00f6nyarg\u0131y\u0131 par\u00e7almak atom \u00e7ekirde\u011fini par\u00e7alamaktan daha zordur demi\u015f bu de\u011ferli insan. Bu s\u00f6z\u00fc niye mi ba\u015fa yazd\u0131m? \u00c7\u00fcnk\u00fc, siz de T\u00fcrkiye&#8217;de bilin\u00e7li olarak ve \u00f6z kayna\u011f\u0131ndan kan\u0131tlar, somut delillerle bir tabuyu y\u0131kmaya \u00e7al\u0131\u015f\u0131yorsunuz. Sizi y\u00fcrekten kutluyorum.Size sayg\u0131 g\u00f6stermek b\u00fct\u00fcn ayd\u0131nlar\u0131n g\u00f6revidir. Ben, bu y\u00fcrekli ve g\u00fczel \u00e7al\u0131\u015fmalar\u0131n\u0131z\u0131 okurken erince ula\u015f\u0131yorum. Ger\u00e7i tam takip edemiyorum. \u00c7\u00fcnk\u00fc, yolu yordam\u0131, okulu olamayan bir k\u00f6yde \u00f6\u011fretmenim. Bu nedenle sa\u011f olsun, gazete bayisi arkada\u015f f\u0131rsat bulduk\u00e7a, 2000&#8217;e Do\u011fru ve Teori dergilerini yazama olana\u011f\u0131n\u0131z ihmal etmiyor. Teori&#8217;de daha geni\u015f yazama olana\u011f\u0131n\u0131z oldu\u011fundand\u0131r ki, herhalde daha detayl\u0131 bilgi alabiliyoruz. Sorular\u0131ma ge\u00e7meden \u00f6nce, bu \u00e7al\u0131\u015fmalar\u0131n\u0131z\u0131 kitap olarak yay\u0131mlasan\u0131z, biz de yaralans\u0131k nas\u0131l olur acaba? Bunu beklemek hakk\u0131m\u0131zd\u0131r san\u0131r\u0131m. Nusret Ate\u015f, Artvin.2000&#8217;e Do\u011fru&#8217;da yazmaya ba\u015flad\u0131\u011f\u0131n\u0131zdan beri, bu derginin adeta tiryakisi oldum. \u00d6yle ki, dergiyi elime al\u0131nca ilk i\u015fim Din Dersleri ni okumak oluyor. \u00c7\u00fcnk\u00fc bu derslerden \u00e7ok istifade ediyor, bu zamana kadar duyup i\u015fitmedi\u011fim bilgiler ediniyorum. Mevzua derin vukfunuzu, fikirlerinizi cesaretle kaleme al\u0131\u015f\u0131n\u0131z\u0131 g\u00f6r\u00fcp de sizi tebrik etmemek elden gelmiyor. Ancak, bu y\u00fczden g\u00f6z\u00fc d\u00f6nm\u00fc\u015f mutaass\u0131p yobaz g\u00fcruhunun h\u0131\u015f\u0131m\u0131na u\u011framan\u0131z ihtimalinden korkuyor, ister istemez Salmaz R\u00fc\u015ft\u00fc olay\u0131n\u0131 hat\u0131rl\u0131yorum. S\u00fcreyya Cebce, Eynesil- GiresunUzun zamand\u0131r yaz\u0131lar\u0131n\u0131z\u0131 takip ediyorum. Aziz Nesin&#8217;in dedi\u011fi gibi, her ayd\u0131n Kur&#8217;an&#8217;\u0131 da korumal\u0131d\u0131r. Ger\u00e7ekten kat\u0131l\u0131yorum. \u015eimdi de en \u00e7ok istedi\u011fim, 2000&#8217;e Do\u011fru dergisinde yazd\u0131klar\u0131n\u0131z ve daha ba\u015fka yerde ya\u015fm\u0131\u015fsan\u0131z onlar\u0131 toplay\u0131p bir kitap haline getirirseniz, gerek T\u00fcrkiye halk\u0131na, gerek K\u0131br\u0131s T\u00fcrk toplumuna \u00e7ok b\u00fcy\u00fck hizmet etmi\u015f olacaks\u0131n\u0131z. Mehmet Emin Panel, Gazi Magosa- K\u0131br\u0131sAyr\u0131ca din bilgisine daha fazla yer verilemez mi? 2000&#8217;e do\u011fru dergisindeki yeriniz bir sayfal\u0131k \u00e7\u0131kmaktad\u0131r. Ben \u015fahsen dergiyi elime ald\u0131\u011f\u0131m zaman heyecanla hemen ilk sayfan\u0131z\u0131 okuyorum. Do\u011frusu bu kadar \u00f6nemli konu i\u00e7in bir sayfa az geliyor, heyecan verici bu bilgilere ger\u00e7ekten hasretiz. L\u00fctfen yeri biraz daha geni\u015fletin. Y\u0131llardan beri halk\u0131m\u0131z\u0131 uyu\u015fturan s\u00f6zde o mucizelere kar\u015f\u0131 bize kar\u015f\u0131 bize savunma olana\u011f\u0131n\u0131 verdi\u011finiz i\u00e7in, size te\u015fekk\u00fcr etmeyi bir bor\u00e7 sayarken, uzun \u00f6m\u00fcrl\u00fc olma i\u00e7tenlikli dileklerimi iletir, sayg\u0131lar\u0131m\u0131 sunar\u0131m. \u00d6mer Avni Aksaray, Bal\u0131kesir \ufffcTan\u0131t\u0131m Metni<\/p>\n","protected":false},"excerpt":{"rendered":"<p>Turan&#8217;\u0131m&#8230;On d\u00f6rt bin kilometreden ba\u011f\u0131r\u0131yorum sana.Kutlar\u0131m. Gece karanl\u0131kta kara nadas\u0131n i\u00e7inde, kara koyunun kara kuzusunu g\u00f6ren g\u00f6zlerinden \u00f6perim. Ali Akbaba, Sydney.\u0130slam dinin tezyif eden, Diyanet&#8217;i ihanete<span class=\"excerpt-hellip\"> [\u2026]<\/span><\/p>\n","protected":false},"featured_media":0,"template":"","meta":{"_monsterinsights_skip_tracking":false,"_monsterinsights_sitenote_active":false,"_monsterinsights_sitenote_note":"","_monsterinsights_sitenote_category":0},"product_brand":[],"product_cat":[12718,12719,18109],"product_tag":[],"class_list":{"0":"post-700815","1":"product","2":"type-product","3":"status-publish","5":"product_cat-din","6":"product_cat-islam","7":"product_cat-islam-tarihi","8":"pa_tur-kitap","9":"pa_yayinevi-kaynak-yayinlari","10":"pa_yazar-turan-dursun","12":"first","13":"instock","14":"sale","15":"shipping-taxable","16":"purchasable","17":"product-type-simple"},"_links":{"self":[{"href":"https:\/\/roveyayinevi.com.tr\/index.php\/wp-json\/wp\/v2\/product\/700815","targetHints":{"allow":["GET"]}}],"collection":[{"href":"https:\/\/roveyayinevi.com.tr\/index.php\/wp-json\/wp\/v2\/product"}],"about":[{"href":"https:\/\/roveyayinevi.com.tr\/index.php\/wp-json\/wp\/v2\/types\/product"}],"wp:attachment":[{"href":"https:\/\/roveyayinevi.com.tr\/index.php\/wp-json\/wp\/v2\/media?parent=700815"}],"wp:term":[{"taxonomy":"product_brand","embeddable":true,"href":"https:\/\/roveyayinevi.com.tr\/index.php\/wp-json\/wp\/v2\/product_brand?post=700815"},{"taxonomy":"product_cat","embeddable":true,"href":"https:\/\/roveyayinevi.com.tr\/index.php\/wp-json\/wp\/v2\/product_cat?post=700815"},{"taxonomy":"product_tag","embeddable":true,"href":"https:\/\/roveyayinevi.com.tr\/index.php\/wp-json\/wp\/v2\/product_tag?post=700815"}],"curies":[{"name":"wp","href":"https:\/\/api.w.org\/{rel}","templated":true}]}}